{"id":81,"date":"2017-03-14T13:45:20","date_gmt":"2017-03-14T12:45:20","guid":{"rendered":"http:\/\/zsoszczevi.cluster023.hosting.ovh.net\/gimnazjum\/?page_id=81"},"modified":"2018-05-26T02:07:37","modified_gmt":"2018-05-26T00:07:37","slug":"radiowezel","status":"publish","type":"page","link":"https:\/\/zso4.szczecin.pl\/podstawowka\/radiowezel\/","title":{"rendered":"RADIOW\u0118ZE\u0141"},"content":{"rendered":"<h1 style=\"text-align: center;\">RADIOW\u0118ZE\u0141<\/h1>\n<blockquote><p>Muzyka to najsubtelniejsza forma przekazu, mo\u017cna stwierdzi\u0107, \u017ce \u017cadna dziedzina sztuki nie porusza ani nie wp\u0142ywa na pod\u015bwiadomo\u015b\u0107 tak, jak muzyka.<\/p>\n<p style=\"text-align: right;\">David Crosby<\/p>\n<\/blockquote>\n<p>&nbsp;<\/p>\n<blockquote><p>Szkolny radiow\u0119ze\u0142 prowadz\u0105 uczniowie, dla kt\u00f3rych muzyka to pasja. Radiow\u0119ze\u0142 uczy pracy w zespole, kreatywno\u015bci oraz rozbudza zainteresowania. Muzyka, kt\u00f3ra z niego p\u0142ynie umila nam przerwy, na antenie tocz\u0105 si\u0119 ciekawe rozmowy. W trakcie d\u0142ugich przerw opr\u00f3cz muzyki mo\u017cna us\u0142ysze\u0107, co dzieje si\u0119 w szkole i na \u015bwiecie. Istnieje mo\u017cliwo\u015b\u0107 dedykowania oraz zamawiania utwor\u00f3w.<\/p><\/blockquote>\n<p>&nbsp;<\/p>\n<p><strong>CZ\u0141ONKOWIE RADIOW\u0118Z\u0141A<\/strong><\/p>\n<p>Uczniowie Szko\u0142y Podstawowej nr 2 i XI Liceum Og\u00f3lnokszta\u0142c\u0105cego<\/p>\n<p>&nbsp;<\/p>\n","protected":false},"excerpt":{"rendered":"<p>RADIOW\u0118ZE\u0141 Muzyka to najsubtelniejsza forma przekazu, mo\u017cna stwierdzi\u0107, \u017ce \u017cadna dziedzina sztuki nie porusza ani nie wp\u0142ywa na pod\u015bwiadomo\u015b\u0107 tak, jak muzyka. David Crosby &nbsp; Szkolny radiow\u0119ze\u0142 prowadz\u0105 uczniowie, dla kt\u00f3rych muzyka to pasja. Radiow\u0119ze\u0142 uczy pracy w zespole, kreatywno\u015bci oraz rozbudza zainteresowania. Muzyka, kt\u00f3ra z niego p\u0142ynie umila nam przerwy, na antenie tocz\u0105 si\u0119 [&hellip;]<\/p>\n","protected":false},"author":1,"featured_media":0,"parent":0,"menu_order":0,"comment_status":"closed","ping_status":"closed","template":"","meta":{"_exactmetrics_skip_tracking":false,"_exactmetrics_sitenote_active":false,"_exactmetrics_sitenote_note":"","_exactmetrics_sitenote_category":0},"_links":{"self":[{"href":"https:\/\/zso4.szczecin.pl\/podstawowka\/wp-json\/wp\/v2\/pages\/81"}],"collection":[{"href":"https:\/\/zso4.szczecin.pl\/podstawowka\/wp-json\/wp\/v2\/pages"}],"about":[{"href":"https:\/\/zso4.szczecin.pl\/podstawowka\/wp-json\/wp\/v2\/types\/page"}],"author":[{"embeddable":true,"href":"https:\/\/zso4.szczecin.pl\/podstawowka\/wp-json\/wp\/v2\/users\/1"}],"replies":[{"embeddable":true,"href":"https:\/\/zso4.szczecin.pl\/podstawowka\/wp-json\/wp\/v2\/comments?post=81"}],"version-history":[{"count":4,"href":"https:\/\/zso4.szczecin.pl\/podstawowka\/wp-json\/wp\/v2\/pages\/81\/revisions"}],"predecessor-version":[{"id":1703,"href":"https:\/\/zso4.szczecin.pl\/podstawowka\/wp-json\/wp\/v2\/pages\/81\/revisions\/1703"}],"wp:attachment":[{"href":"https:\/\/zso4.szczecin.pl\/podstawowka\/wp-json\/wp\/v2\/media?parent=81"}],"curies":[{"name":"wp","href":"https:\/\/api.w.org\/{rel}","templated":true}]}}