{"id":7688,"date":"2024-05-08T11:35:58","date_gmt":"2024-05-08T09:35:58","guid":{"rendered":"https:\/\/zso4.szczecin.pl\/podstawowka\/?page_id=7688"},"modified":"2026-02-08T19:10:23","modified_gmt":"2026-02-08T18:10:23","slug":"rekrutacja","status":"publish","type":"page","link":"https:\/\/zso4.szczecin.pl\/podstawowka\/rekrutacja\/","title":{"rendered":"REKRUTACJA"},"content":{"rendered":"\n<p class=\"has-text-align-center has-vivid-cyan-blue-color has-text-color has-background has-medium-font-size\" style=\"background-color:#abb7c224;letter-spacing:2px\"><strong>W roku szkolnym 2026\/2027 Szko\u0142a Podstawowa Nr 2 z Oddzia\u0142ami Dwuj\u0119zycznymi prowadzi\u0107 b\u0119dzie nab\u00f3r do nast\u0119puj\u0105cych oddzia\u0142\u00f3w i klas:<\/strong><\/p>\n\n\n\n<figure class=\"wp-container-2 wp-block-gallery-1 wp-block-gallery has-nested-images columns-default is-cropped\">\n<figure class=\"wp-block-image size-full\"><a class=\"https:\/\/zso4.szczecin.pl\/podstawowka\/1134-2\/\" href=\"https:\/\/zso4.szczecin.pl\/podstawowka\/1134-2\/\" target=\"_blank\" rel=\"noopener\"><img loading=\"lazy\" width=\"1061\" height=\"1500\" data-id=\"8329\"  src=\"https:\/\/zso4.szczecin.pl\/podstawowka\/wp-content\/uploads\/sites\/3\/2025\/02\/2.jpg\" alt=\"\" class=\"wp-image-8329\" srcset=\"https:\/\/zso4.szczecin.pl\/podstawowka\/wp-content\/uploads\/sites\/3\/2025\/02\/2.jpg 1061w, https:\/\/zso4.szczecin.pl\/podstawowka\/wp-content\/uploads\/sites\/3\/2025\/02\/2-212x300.jpg 212w, https:\/\/zso4.szczecin.pl\/podstawowka\/wp-content\/uploads\/sites\/3\/2025\/02\/2-724x1024.jpg 724w, https:\/\/zso4.szczecin.pl\/podstawowka\/wp-content\/uploads\/sites\/3\/2025\/02\/2-768x1086.jpg 768w\" sizes=\"(max-width: 1061px) 100vw, 1061px\" \/><\/a><\/figure>\n\n\n\n<figure class=\"wp-block-image size-full\"><a href=\"https:\/\/zso4.szczecin.pl\/podstawowka\/klasa-7\/\" target=\"_blank\" rel=\"noopener\"><img loading=\"lazy\" width=\"1061\" height=\"1500\" data-id=\"8330\"  src=\"https:\/\/zso4.szczecin.pl\/podstawowka\/wp-content\/uploads\/sites\/3\/2025\/02\/1.jpg\" alt=\"\" class=\"wp-image-8330\" srcset=\"https:\/\/zso4.szczecin.pl\/podstawowka\/wp-content\/uploads\/sites\/3\/2025\/02\/1.jpg 1061w, https:\/\/zso4.szczecin.pl\/podstawowka\/wp-content\/uploads\/sites\/3\/2025\/02\/1-212x300.jpg 212w, https:\/\/zso4.szczecin.pl\/podstawowka\/wp-content\/uploads\/sites\/3\/2025\/02\/1-724x1024.jpg 724w, https:\/\/zso4.szczecin.pl\/podstawowka\/wp-content\/uploads\/sites\/3\/2025\/02\/1-768x1086.jpg 768w\" sizes=\"(max-width: 1061px) 100vw, 1061px\" \/><\/a><\/figure>\n<\/figure>\n\n\n\n<hr class=\"wp-block-separator has-alpha-channel-opacity\"\/>\n\n\n\n<div class=\"wp-block-file\"><a id=\"wp-block-file--media-831337a4-5a99-471d-a081-ca7d96409975\" href=\"https:\/\/zso4.szczecin.pl\/podstawowka\/wp-content\/uploads\/sites\/3\/2026\/01\/NR-1-Zarzadzenie-Prezydenta.pdf\">Zarz\u0105dzenie Prezydenta<\/a><a href=\"https:\/\/zso4.szczecin.pl\/podstawowka\/wp-content\/uploads\/sites\/3\/2026\/01\/NR-1-Zarzadzenie-Prezydenta.pdf\" class=\"wp-block-file__button\" download aria-describedby=\"wp-block-file--media-831337a4-5a99-471d-a081-ca7d96409975\">Pobierz<\/a><\/div>\n\n\n\n<div class=\"wp-block-file\"><a id=\"wp-block-file--media-4ecf4edc-bd3c-45f9-893f-d5055a9da423\" href=\"https:\/\/zso4.szczecin.pl\/podstawowka\/wp-content\/uploads\/sites\/3\/2025\/02\/Uchwala-nr-XIII_467_19-Rady-Miasta-Szczecin-z-dnia-18-grudnia-2019r.pdf\">Uchwa\u0142a nr XIII 467\/19 Rady Miasta Szczecin z dnia 18 grudnia 2019r<\/a><a href=\"https:\/\/zso4.szczecin.pl\/podstawowka\/wp-content\/uploads\/sites\/3\/2025\/02\/Uchwala-nr-XIII_467_19-Rady-Miasta-Szczecin-z-dnia-18-grudnia-2019r.pdf\" class=\"wp-block-file__button\" download aria-describedby=\"wp-block-file--media-4ecf4edc-bd3c-45f9-893f-d5055a9da423\">Pobierz<\/a><\/div>\n\n\n\n<div class=\"wp-block-file\"><a id=\"wp-block-file--media-f6c6b6d1-0b15-4ae0-8aac-ae9b9d5321ce\" href=\"https:\/\/zso4.szczecin.pl\/podstawowka\/wp-content\/uploads\/sites\/3\/2025\/02\/Oswiadczenie-o-miejscu-zamieszkania-kandydata.pdf\">O\u015bwiadczenie o miejscu zamieszkania kandydata<\/a><a href=\"https:\/\/zso4.szczecin.pl\/podstawowka\/wp-content\/uploads\/sites\/3\/2025\/02\/Oswiadczenie-o-miejscu-zamieszkania-kandydata.pdf\" class=\"wp-block-file__button\" download aria-describedby=\"wp-block-file--media-f6c6b6d1-0b15-4ae0-8aac-ae9b9d5321ce\">Pobierz<\/a><\/div>\n\n\n\n<hr class=\"wp-block-separator has-alpha-channel-opacity\"\/>\n\n\n\n<div class=\"wp-container-3 wp-block-group has-small-font-size\"><div class=\"wp-block-group__inner-container\">\n<h3>Zach\u0119camy do odwiedzenia naszego fanpage na Facebooku<span style=\"color: #000080;\"><a style=\"color: #000080;\" href=\"https:\/\/www.facebook.com\/SP-2-w-Szczecinie-klasy-0-3-177308152929861\/?view_public_for=177308152929861\" target=\"_blank\" rel=\"noopener\">TU<\/a><\/span>.<\/h3>\n<p>Dokumenty zwi\u0105zane z rekrutacj\u0105 mo\u017cna sk\u0142ada\u0107 w <span style=\"color: #0000ff;\"><a style=\"color: #0000ff;\" href=\"http:\/\/zso4.szczecin.pl\/podstawowka\/sekretariat-uczniowski\/\" target=\"_blank\" rel=\"noopener\">sekretariacie uczniowskim<span style=\"color: #000000;\">.<\/span><\/a><\/span><\/p>\n<h4 style=\"text-align: center;\">\u00a0<\/h4>\n<p><a href=\"https:\/\/nabor.pcss.pl\/szczecin\/szkolapodstawowa\/\" target=\"_blank\" rel=\"noopener\"><img loading=\"lazy\" class=\"wp-image-3440 aligncenter\" src=\"http:\/\/zso4.szczecin.pl\/podstawowka\/wp-content\/uploads\/sites\/3\/2020\/03\/unnamed.png\" alt=\"\" width=\"439\" height=\"195\" srcset=\"https:\/\/zso4.szczecin.pl\/podstawowka\/wp-content\/uploads\/sites\/3\/2020\/03\/unnamed.png 367w, https:\/\/zso4.szczecin.pl\/podstawowka\/wp-content\/uploads\/sites\/3\/2020\/03\/unnamed-300x133.png 300w\" sizes=\"(max-width: 439px) 100vw, 439px\" \/><\/a><\/p>\n<\/div><\/div>\n","protected":false},"excerpt":{"rendered":"<p>W roku szkolnym 2026\/2027 Szko\u0142a Podstawowa Nr 2 z Oddzia\u0142ami Dwuj\u0119zycznymi prowadzi\u0107 b\u0119dzie nab\u00f3r do nast\u0119puj\u0105cych oddzia\u0142\u00f3w i klas: Zach\u0119camy do odwiedzenia naszego fanpage na FacebookuTU. Dokumenty zwi\u0105zane z rekrutacj\u0105 mo\u017cna sk\u0142ada\u0107 w sekretariacie uczniowskim. \u00a0<\/p>\n","protected":false},"author":1,"featured_media":0,"parent":0,"menu_order":0,"comment_status":"closed","ping_status":"closed","template":"","meta":{"_exactmetrics_skip_tracking":false,"_exactmetrics_sitenote_active":false,"_exactmetrics_sitenote_note":"","_exactmetrics_sitenote_category":0},"_links":{"self":[{"href":"https:\/\/zso4.szczecin.pl\/podstawowka\/wp-json\/wp\/v2\/pages\/7688"}],"collection":[{"href":"https:\/\/zso4.szczecin.pl\/podstawowka\/wp-json\/wp\/v2\/pages"}],"about":[{"href":"https:\/\/zso4.szczecin.pl\/podstawowka\/wp-json\/wp\/v2\/types\/page"}],"author":[{"embeddable":true,"href":"https:\/\/zso4.szczecin.pl\/podstawowka\/wp-json\/wp\/v2\/users\/1"}],"replies":[{"embeddable":true,"href":"https:\/\/zso4.szczecin.pl\/podstawowka\/wp-json\/wp\/v2\/comments?post=7688"}],"version-history":[{"count":18,"href":"https:\/\/zso4.szczecin.pl\/podstawowka\/wp-json\/wp\/v2\/pages\/7688\/revisions"}],"predecessor-version":[{"id":9553,"href":"https:\/\/zso4.szczecin.pl\/podstawowka\/wp-json\/wp\/v2\/pages\/7688\/revisions\/9553"}],"wp:attachment":[{"href":"https:\/\/zso4.szczecin.pl\/podstawowka\/wp-json\/wp\/v2\/media?parent=7688"}],"curies":[{"name":"wp","href":"https:\/\/api.w.org\/{rel}","templated":true}]}}