{"id":7655,"date":"2024-05-06T13:24:38","date_gmt":"2024-05-06T11:24:38","guid":{"rendered":"https:\/\/zso4.szczecin.pl\/podstawowka\/?page_id=7655"},"modified":"2025-03-27T14:21:26","modified_gmt":"2025-03-27T13:21:26","slug":"nasza-szkola","status":"publish","type":"page","link":"https:\/\/zso4.szczecin.pl\/podstawowka\/nasza-szkola\/","title":{"rendered":"NASZA SZKO\u0141A"},"content":{"rendered":"<div class=\"wp-block-image\">\n<figure class=\"alignleft size-full is-resized\"><img loading=\"lazy\" src=\"https:\/\/zso4.szczecin.pl\/podstawowka\/wp-content\/uploads\/sites\/3\/2025\/03\/1.jpg\" alt=\"1\" class=\"wp-image-8568\" width=\"496\" height=\"372\" srcset=\"https:\/\/zso4.szczecin.pl\/podstawowka\/wp-content\/uploads\/sites\/3\/2025\/03\/1.jpg 640w, https:\/\/zso4.szczecin.pl\/podstawowka\/wp-content\/uploads\/sites\/3\/2025\/03\/1-300x225.jpg 300w\" sizes=\"(max-width: 496px) 100vw, 496px\" \/><figcaption>1<\/figcaption><\/figure><\/div>\n\n<div class=\"wp-block-image\">\n<figure class=\"alignright size-full is-resized\"><img loading=\"lazy\" src=\"https:\/\/zso4.szczecin.pl\/podstawowka\/wp-content\/uploads\/sites\/3\/2025\/03\/3.jpg\" alt=\"3\" class=\"wp-image-8567\" width=\"488\" height=\"650\" srcset=\"https:\/\/zso4.szczecin.pl\/podstawowka\/wp-content\/uploads\/sites\/3\/2025\/03\/3.jpg 480w, https:\/\/zso4.szczecin.pl\/podstawowka\/wp-content\/uploads\/sites\/3\/2025\/03\/3-225x300.jpg 225w\" sizes=\"(max-width: 488px) 100vw, 488px\" \/><\/figure><\/div>\n\n<div class=\"wp-block-image\">\n<figure class=\"alignleft size-full is-resized\"><img loading=\"lazy\" src=\"https:\/\/zso4.szczecin.pl\/podstawowka\/wp-content\/uploads\/sites\/3\/2025\/03\/5.jpg\" alt=\"5\" class=\"wp-image-8565\" width=\"464\" height=\"349\" srcset=\"https:\/\/zso4.szczecin.pl\/podstawowka\/wp-content\/uploads\/sites\/3\/2025\/03\/5.jpg 640w, https:\/\/zso4.szczecin.pl\/podstawowka\/wp-content\/uploads\/sites\/3\/2025\/03\/5-300x225.jpg 300w\" sizes=\"(max-width: 464px) 100vw, 464px\" \/><figcaption>5<\/figcaption><\/figure><\/div>\n\n<p style=\"text-align: center;\"><strong>OPIS SZKO\u0141Y PODSTAWOWEJ klasy IV-VIII\u00a0<\/strong><\/p>\n<p>Szko\u0142a Podstawowa z Oddzia\u0142ami Dwuj\u0119zycznymi Nr 2 istnieje od roku 2017 i wchodzi wraz z XI Liceum Og\u00f3lnokszta\u0142c\u0105cym z Oddzia\u0142ami Dwuj\u0119zycznymi w sk\u0142ad Zespo\u0142u Szk\u00f3\u0142 Og\u00f3lnokszta\u0142c\u0105cych Nr 4 w Szczecinie. Jest to\u00a0nowoczesna szko\u0142a, kt\u00f3ra\u00a0proponuje atrakcyjny i ciekawy program nauczania, opracowany z my\u015bl\u0105 o przysz\u0142o\u015bci swoich uczni\u00f3w.<\/p>\n<p>Jeste\u015bmy szko\u0142\u0105, kt\u00f3ra r\u00f3\u017cni si\u0119 od innych plac\u00f3wek.\u00a0Za pomoc\u0105 j\u0119zyk\u00f3w nowo\u017cytnych (angielskiego i w\u0142oskiego) nauczamy nowych umiej\u0119tno\u015bci, odkrywamy talenty dzieci, dostarczamy wiedzy.<\/p>\n<p>Nauczamy z pasj\u0105, rzetelnie i atrakcyjnie. Gwarantuje to wysoko wykwalifikowana kadra nauczycielska. Nauczyciele, podnosz\u0105c walory edukacyjne swoich zaj\u0119\u0107, realizuj\u0105 nowatorskie rozwi\u0105zania programowe i organizuj\u0105 kolejne edycje konkurs\u00f3w mi\u0119dzyszkolnych.<\/p>\n<p><strong>Uczniowie maj\u0105 do dyspozycji\u00a0:<\/strong><\/p>\n<ul>\n<li>sale dydaktyczne wyposa\u017cone w sprz\u0119t multimedialny, w tablice interaktywne oraz rzutniki multimedialne;<\/li>\n<li>pracowni\u0119 informatyczn\u0105,<\/li>\n<li>nowoczesn\u0105 sto\u0142\u00f3wk\u0119, w kt\u00f3rej obiady s\u0105 przyrz\u0105dzane na miejscu;<\/li>\n<li>bufet z miejscem do konsumpcji;<\/li>\n<li>bezp\u0142atne kodowane szafki dla ka\u017cdego;<\/li>\n<li>kompleks nowoczesnych boisk, sal\u0105 gimnastyczn\u0105 oraz si\u0142owni\u0119.<\/li>\n<\/ul>\n<p>Szko\u0142a oferuje uczniom opiek\u0119 pedagoga, psychologa, pedagoga specjalnego, logopedy logopedyczn\u0105 oraz piel\u0119gniarki. Zaj\u0119cia lekcyjne odbywaj\u0105 si\u0119 wy\u0142\u0105cznie w systemie jednozmianowym.<\/p>\n<p>W trosce o bezpiecze\u0144stwo szko\u0142a obj\u0119ta jest monitoringiem zewn\u0119trznym i wewn\u0119trznym, a wej\u015bcie na jej teren jest mo\u017cliwe po okazaniu identyfikatora.<\/p>\n<p>\u00a0<\/p>\n<p>Szko\u0142a wsp\u00f3\u0142pracuje z uczelniami Szczecina: Wydzia\u0142em Italianistyki US, Wydzia\u0142em Prawa i Administracji US, Instytutem Nauk o Morzu i \u015arodowisku, Wydzia\u0142em Filologicznym, Wydzia\u0142em In\u017cynierii Mechanicznej i Mechatroniki,\u00a0 kt\u00f3re sprawuj\u0105 patronat nad wybranymi profilami klas. W ramach patronat\u00f3w uczelni wy\u017cszych uczniowie mog\u0105 uczestniczy\u0107 w wyk\u0142adach, prelekcjach, pokazach i \u0107wiczeniach prowadzonych przez nauczycieli akademickich.<\/p>\n<p>W Szkole Podstawowej nr 2 z Oddzia\u0142ami Dwuj\u0119zycznymi\u00a0w Szczecinie\u00a0uczymy z pasj\u0105, rzetelnie i atrakcyjnie. Gwarantuje to wysoko wykwalifikowana kadra nauczycielska. Nauczyciele, podnosz\u0105c walory edukacyjne swoich zaj\u0119\u0107, realizuj\u0105 nowatorskie rozwi\u0105zania programowe oraz projekty.<\/p>\n<p>Szko\u0142a to plac\u00f3wka innowacyjna, nastawiona na osi\u0105ganie przez dzieci sukcesu. Program ukierunkowany jest na dziecko, jego potrzeby oraz umo\u017cliwia mu wszechstronny rozw\u00f3j osobowo\u015bci. Atmosfera sprzyja akceptacji ka\u017cdego ucznia, przeciwdzia\u0142a izolacji spo\u0142ecznej i nietolerancji. Rodzice s\u0105 partnerami uczestnicz\u0105cymi w \u017cyciu szko\u0142y. Wszyscy przestrzegaj\u0105 praw dziecka oraz dbaj\u0105 o dobre stosunki mi\u0119dzyludzkie. Szko\u0142a stwarza warunki sprzyjaj\u0105ce wsp\u00f3lnej i zgodnej nauce dzieci o zr\u00f3\u017cnicowanych mo\u017cliwo\u015bciach fizycznych i intelektualnych. Kszta\u0142tuje u dzieci odporno\u015b\u0107 emocjonaln\u0105 konieczn\u0105 do racjonalnego radzenia sobie w nowych i trudnych sytuacjach w tym, tak\u017ce do \u0142agodnego znoszenia stres\u00f3w i pora\u017cek. Rozwija umiej\u0119tno\u015bci spo\u0142eczne dzieci.<\/p>\n<p>Jeste\u015bmy szko\u0142\u0105 rodzinn\u0105. Ka\u017cde dziecko jest dla nas wa\u017cne. Robimy wszystko, aby czu\u0142o si\u0119 akceptowane i bezpieczne oraz pomagamy mu pozna\u0107 siebie, stawa\u0107 si\u0119 samodzielnym i otwartym na \u015bwiat. Pragniemy, aby nasze dzieci by\u0142y bezpieczne i szanowane. D\u0105\u017cymy do tego, by w przysz\u0142o\u015bci umia\u0142y si\u0119 wykaza\u0107 m\u0105dro\u015bci\u0105 \u017cyciow\u0105, otwarto\u015bci\u0105 na siebie i innych, kreatywno\u015bci\u0105 i Wielkim Sercem. Szko\u0142a \u015bci\u015ble wsp\u00f3\u0142pracuje<br \/>z rodzicami, uwzgl\u0119dnia ich potrzeby i oczekiwania. Anga\u017cuje rodzic\u00f3w do pracy na rzecz szko\u0142y.<\/p>\n<p>\u00a0<\/p>\n<p><strong>J\u0119zyki<\/strong><\/p>\n<p>Obowi\u0105zkowa nauka dw\u00f3ch j\u0119zyk\u00f3w obcych: j\u0119zyka angielskiego i j\u0119zyka w\u0142oskiego.<\/p>\n<p><strong>Zaj\u0119cia pozalekcyjne<\/strong><\/p>\n<p>W ramach zaj\u0119\u0107 pozalekcyjnych prowadzone s\u0105 zaj\u0119cia rozwijaj\u0105ce zainteresowania, konsultacje dla uczni\u00f3w, kt\u00f3rzy potrzebuj\u0105 wsparcia w wyr\u00f3wnywaniu poziomu wiedzy, \u00a0zaj\u0119cia dla uczni\u00f3w zdolnych przygotowuj\u0105ce do konkurs\u00f3w, a tak\u017ce zaj\u0119cia sportowe.<\/p>\n<p>Poza uczestnictwem w zaj\u0119ciach obowi\u0105zkowych, uczniowie mog\u0105 bra\u0107 udzia\u0142 i rozwija\u0107 swoje pasje w licznych konkursach szkolnych, mi\u0119dzyszkolnych lub og\u00f3lnokrajowych.<\/p>\n<p><strong>Dojazd<\/strong><\/p>\n<p>Budynek szko\u0142y znajduje si\u0119 w centrum Osiedla Zawadzkiego &#8211; Klonowica.<br \/>Dojazd autobusami: 75, 53, 60, 80, 74; 105<\/p>\n<p>tramwaje: 4, 5, 7;<\/p>\n<p><strong>Historia<\/strong><\/p>\n<p>Szko\u0142a rozpocz\u0119\u0142a swoj\u0105 dzia\u0142alno\u015b\u0107 od 1 wrze\u015bnia 2017. Razem z Pa\u0144stwa dzie\u0107mi tworzymy now\u0105 histori\u0119.<\/p>\n<p><strong>Dodatkowe cechy<\/strong><\/p>\n<p>Szko\u0142a ma d\u0142ugoletnie do\u015bwiadczenie w nauce j\u0119zyka w\u0142oskiego. Uczymy przez imersj\u0119, czyli ca\u0142kowite zanurzenie w j\u0119zyku i\u00a0 kulturze W\u0142och. Zaj\u0119cia prowadzone s\u0105 przez nauczycieli, kt\u00f3rzy maj\u0105 do\u015bwiadczenie w pracy z klasami dwuj\u0119zycznymi. Dodatkowo klasy z j\u0119zykiem w\u0142oskim obj\u0119te s\u0105 patronatem Katedry Italianistyki US. Szko\u0142a jako jedyna w Szczecinie i wojew\u00f3dztwie zachodniopomorskim prowadzi nauk\u0119 j\u0119zyka w\u0142oskiego na poziomie dwuj\u0119zycznym . W klasach dwuj\u0119zycznych z j\u0119zykiem w\u0142oskim\u00a0 nauczyciele w oparciu o autorskie programy realizuj\u0105 nauczanie dwuj\u0119zyczne podczas lekcji geografii i\u00a0 historii, poszerzaj\u0105c tym samym umiej\u0119tno\u015bci j\u0119zykowe uczni\u00f3w oraz umo\u017cliwiaj\u0105c zdawanie matury w systemie dwuj\u0119zycznym. Uczniowie mog\u0105 kontynuowa\u0107 nauk\u0119 j\u0119zyka w\u0142oskiego w XI Liceum Og\u00f3lnokszta\u0142c\u0105cym.<\/p>\n<p>\u00a0<\/p>\n<p><strong>Osi\u0105gni\u0119cia szko\u0142y<\/strong><\/p>\n<p>Cho\u0107 Szko\u0142a Podstawowa nr 2 funkcjonuje od wrze\u015bnia 2017 roku, to jej uczniowie\u00a0 bior\u0105 aktywny udzia\u0142 w olimpiadach i konkursach przedmiotowych organizowanych przez Zachodniopomorskie Kuratorium O\u015bwiaty, osi\u0105gaj\u0105c w nich tytu\u0142y laureat\u00f3w i finalist\u00f3w.\u00a0 Otrzymuj\u0105 te\u017c stypendia Prezydenta Miasta Szczecin.<\/p>\n<p>\u00a0<\/p>\n\n\n<figure class=\"wp-container-2 wp-block-gallery-1 wp-block-gallery has-nested-images columns-default is-cropped\">\n<figure class=\"wp-block-image size-large\"><img loading=\"lazy\" width=\"480\" height=\"640\" data-id=\"8570\"  src=\"https:\/\/zso4.szczecin.pl\/podstawowka\/wp-content\/uploads\/sites\/3\/2025\/03\/2.jpg\" alt=\"2\" class=\"wp-image-8570\" srcset=\"https:\/\/zso4.szczecin.pl\/podstawowka\/wp-content\/uploads\/sites\/3\/2025\/03\/2.jpg 480w, https:\/\/zso4.szczecin.pl\/podstawowka\/wp-content\/uploads\/sites\/3\/2025\/03\/2-225x300.jpg 225w\" sizes=\"(max-width: 480px) 100vw, 480px\" \/><figcaption>2<\/figcaption><\/figure>\n\n\n\n<figure class=\"wp-block-image size-large\"><img loading=\"lazy\" width=\"480\" height=\"640\" data-id=\"8569\"  src=\"https:\/\/zso4.szczecin.pl\/podstawowka\/wp-content\/uploads\/sites\/3\/2025\/03\/3-1.jpg\" alt=\"3 1\" class=\"wp-image-8569\" srcset=\"https:\/\/zso4.szczecin.pl\/podstawowka\/wp-content\/uploads\/sites\/3\/2025\/03\/3-1.jpg 480w, https:\/\/zso4.szczecin.pl\/podstawowka\/wp-content\/uploads\/sites\/3\/2025\/03\/3-1-225x300.jpg 225w\" sizes=\"(max-width: 480px) 100vw, 480px\" \/><figcaption>3 1<\/figcaption><\/figure>\n\n\n\n<figure class=\"wp-block-image size-large\"><img loading=\"lazy\" width=\"640\" height=\"480\" data-id=\"8571\"  src=\"https:\/\/zso4.szczecin.pl\/podstawowka\/wp-content\/uploads\/sites\/3\/2025\/03\/5-1.jpg\" alt=\"5 1\" class=\"wp-image-8571\" srcset=\"https:\/\/zso4.szczecin.pl\/podstawowka\/wp-content\/uploads\/sites\/3\/2025\/03\/5-1.jpg 640w, https:\/\/zso4.szczecin.pl\/podstawowka\/wp-content\/uploads\/sites\/3\/2025\/03\/5-1-300x225.jpg 300w\" sizes=\"(max-width: 640px) 100vw, 640px\" \/><figcaption>5 1<\/figcaption><\/figure>\n\n\n\n<figure class=\"wp-block-image size-large\"><img loading=\"lazy\" width=\"640\" height=\"480\" data-id=\"8572\"  src=\"https:\/\/zso4.szczecin.pl\/podstawowka\/wp-content\/uploads\/sites\/3\/2025\/03\/12.jpg\" alt=\"12\" class=\"wp-image-8572\" srcset=\"https:\/\/zso4.szczecin.pl\/podstawowka\/wp-content\/uploads\/sites\/3\/2025\/03\/12.jpg 640w, https:\/\/zso4.szczecin.pl\/podstawowka\/wp-content\/uploads\/sites\/3\/2025\/03\/12-300x225.jpg 300w\" sizes=\"(max-width: 640px) 100vw, 640px\" \/><figcaption>12<\/figcaption><\/figure>\n\n\n\n<figure class=\"wp-block-image size-large\"><img loading=\"lazy\" width=\"640\" height=\"480\" data-id=\"8573\"  src=\"https:\/\/zso4.szczecin.pl\/podstawowka\/wp-content\/uploads\/sites\/3\/2025\/03\/13.jpg\" alt=\"13\" class=\"wp-image-8573\" srcset=\"https:\/\/zso4.szczecin.pl\/podstawowka\/wp-content\/uploads\/sites\/3\/2025\/03\/13.jpg 640w, https:\/\/zso4.szczecin.pl\/podstawowka\/wp-content\/uploads\/sites\/3\/2025\/03\/13-300x225.jpg 300w\" sizes=\"(max-width: 640px) 100vw, 640px\" \/><figcaption>13<\/figcaption><\/figure>\n<\/figure>\n","protected":false},"excerpt":{"rendered":"<p>OPIS SZKO\u0141Y PODSTAWOWEJ klasy IV-VIII\u00a0 Szko\u0142a Podstawowa z Oddzia\u0142ami Dwuj\u0119zycznymi Nr 2 istnieje od roku 2017 i wchodzi wraz z XI Liceum Og\u00f3lnokszta\u0142c\u0105cym z Oddzia\u0142ami Dwuj\u0119zycznymi w sk\u0142ad Zespo\u0142u Szk\u00f3\u0142 Og\u00f3lnokszta\u0142c\u0105cych Nr 4 w Szczecinie. Jest to\u00a0nowoczesna szko\u0142a, kt\u00f3ra\u00a0proponuje atrakcyjny i ciekawy program nauczania, opracowany z my\u015bl\u0105 o przysz\u0142o\u015bci swoich uczni\u00f3w. Jeste\u015bmy szko\u0142\u0105, kt\u00f3ra r\u00f3\u017cni [&hellip;]<\/p>\n","protected":false},"author":1,"featured_media":0,"parent":0,"menu_order":0,"comment_status":"closed","ping_status":"closed","template":"","meta":{"_exactmetrics_skip_tracking":false,"_exactmetrics_sitenote_active":false,"_exactmetrics_sitenote_note":"","_exactmetrics_sitenote_category":0},"_links":{"self":[{"href":"https:\/\/zso4.szczecin.pl\/podstawowka\/wp-json\/wp\/v2\/pages\/7655"}],"collection":[{"href":"https:\/\/zso4.szczecin.pl\/podstawowka\/wp-json\/wp\/v2\/pages"}],"about":[{"href":"https:\/\/zso4.szczecin.pl\/podstawowka\/wp-json\/wp\/v2\/types\/page"}],"author":[{"embeddable":true,"href":"https:\/\/zso4.szczecin.pl\/podstawowka\/wp-json\/wp\/v2\/users\/1"}],"replies":[{"embeddable":true,"href":"https:\/\/zso4.szczecin.pl\/podstawowka\/wp-json\/wp\/v2\/comments?post=7655"}],"version-history":[{"count":4,"href":"https:\/\/zso4.szczecin.pl\/podstawowka\/wp-json\/wp\/v2\/pages\/7655\/revisions"}],"predecessor-version":[{"id":8574,"href":"https:\/\/zso4.szczecin.pl\/podstawowka\/wp-json\/wp\/v2\/pages\/7655\/revisions\/8574"}],"wp:attachment":[{"href":"https:\/\/zso4.szczecin.pl\/podstawowka\/wp-json\/wp\/v2\/media?parent=7655"}],"curies":[{"name":"wp","href":"https:\/\/api.w.org\/{rel}","templated":true}]}}