{"id":7653,"date":"2024-05-06T13:21:55","date_gmt":"2024-05-06T11:21:55","guid":{"rendered":"https:\/\/zso4.szczecin.pl\/podstawowka\/?page_id=7653"},"modified":"2026-02-16T10:36:27","modified_gmt":"2026-02-16T09:36:27","slug":"klasa-7","status":"publish","type":"page","link":"https:\/\/zso4.szczecin.pl\/podstawowka\/klasa-7\/","title":{"rendered":"Klasa 7"},"content":{"rendered":"<div class=\"wp-block-image\">\n<figure class=\"alignright size-full is-resized\"><img loading=\"lazy\" src=\"https:\/\/zso4.szczecin.pl\/podstawowka\/wp-content\/uploads\/sites\/3\/2025\/02\/Rekrutacja-sp2-2.png\" alt=\"Rekrutacja sp2 2\" class=\"wp-image-8393\" width=\"164\" height=\"44\" srcset=\"https:\/\/zso4.szczecin.pl\/podstawowka\/wp-content\/uploads\/sites\/3\/2025\/02\/Rekrutacja-sp2-2.png 538w, https:\/\/zso4.szczecin.pl\/podstawowka\/wp-content\/uploads\/sites\/3\/2025\/02\/Rekrutacja-sp2-2-300x80.png 300w\" sizes=\"(max-width: 164px) 100vw, 164px\" \/><\/figure><\/div>\n\n\n<div class=\"wp-block-file\"><a id=\"wp-block-file--media-3fc7b7de-c0b8-4961-b8d6-67f00d044e84\" href=\"https:\/\/zso4.szczecin.pl\/podstawowka\/wp-content\/uploads\/sites\/3\/2026\/01\/NR-1-Zarzadzenie-Prezydenta-2.pdf\">Zarzadzenie-Prezydenta-2<\/a><a href=\"https:\/\/zso4.szczecin.pl\/podstawowka\/wp-content\/uploads\/sites\/3\/2026\/01\/NR-1-Zarzadzenie-Prezydenta-2.pdf\" class=\"wp-block-file__button\" download aria-describedby=\"wp-block-file--media-3fc7b7de-c0b8-4961-b8d6-67f00d044e84\">Pobierz<\/a><\/div>\n\n\n\n<div class=\"wp-block-file\"><a id=\"wp-block-file--media-cb71f738-312d-482f-9eba-f4078a6df717\" href=\"https:\/\/zso4.szczecin.pl\/podstawowka\/wp-content\/uploads\/sites\/3\/2026\/01\/NR-5-Tableka-klasy-7.pdf\" target=\"_blank\" rel=\"noreferrer noopener\">Tableka-klasy-7<\/a><a href=\"https:\/\/zso4.szczecin.pl\/podstawowka\/wp-content\/uploads\/sites\/3\/2026\/01\/NR-5-Tableka-klasy-7.pdf\" class=\"wp-block-file__button\" download aria-describedby=\"wp-block-file--media-cb71f738-312d-482f-9eba-f4078a6df717\">Pobierz<\/a><\/div>\n\n\n\n<div class=\"wp-block-file\"><a id=\"wp-block-file--media-50d2d523-dc75-407f-9fde-b03ecfc0cdd1\" href=\"https:\/\/zso4.szczecin.pl\/podstawowka\/wp-content\/uploads\/sites\/3\/2025\/05\/Wnioesk-do-klasy-7.pdf\" target=\"_blank\" rel=\"noreferrer noopener\">Wniosek do klasy 7<\/a><a href=\"https:\/\/zso4.szczecin.pl\/podstawowka\/wp-content\/uploads\/sites\/3\/2025\/05\/Wnioesk-do-klasy-7.pdf\" class=\"wp-block-file__button\" download aria-describedby=\"wp-block-file--media-50d2d523-dc75-407f-9fde-b03ecfc0cdd1\">Pobierz<\/a><\/div>\n\n\n\n<p class=\"has-vivid-red-color has-text-color has-medium-font-size\">Przeprowadzenie sprawdzianu predyspozycji j\u0119zykowych do klasy dwuj\u0119zycznej 9 czerwca 2026 r. godzina 16:00<\/p>\n\n\n\n<hr class=\"wp-block-separator has-alpha-channel-opacity\"\/>\n\n\n<p><\/p>\n<hr>\n<h2 style=\"text-align: center;\"><strong>&nbsp;<\/strong>\u201e<em>M\u00f3wi\u0105c do cz\u0142owieka w j\u0119zyku, kt\u00f3ry rozumie, trafiasz do jego g\u0142owy. M\u00f3wi\u0105c w jego w\u0142asnym j\u0119zyku, trafiasz do jego serca. <\/em>\u201d&nbsp;<strong>&nbsp; <\/strong><\/h2>\n<h2 style=\"text-align: right;\"><strong>Nelson Mandela<\/strong><\/h2>\n<h2 style=\"text-align: center;\"><strong>&nbsp;<\/strong><strong>KLASA VII dwuj\u0119zyczna<\/strong><\/h2>\n<p><a href=\"https:\/\/zso4.szczecin.pl\/podstawowka\/nasza-szkola\/\" target=\"_blank\" rel=\"noopener\">Szko\u0142a Podstawowa Nr 2 z Oddzia\u0142ami Dwuj\u0119zycznymi<\/a>&nbsp; wchodzi wraz z XI Liceum Og\u00f3lnokszta\u0142c\u0105cym z Oddzia\u0142ami Dwuj\u0119zycznymi w sk\u0142ad Zespo\u0142u Szk\u00f3\u0142 Og\u00f3lnokszta\u0142c\u0105cych Nr 4 w Szczecinie. Jest to jedyna szko\u0142a w Szczecinie, w kt\u00f3rej od 16 &nbsp;lat prowadzona jest nauka j\u0119zyka w\u0142oskiego w systemie dwuj\u0119zycznym.<\/p>\n<p>W klasie VII nauka j\u0119zyka b\u0119dzie realizowana w wymiarze pi\u0119ciu godzin tygodniowo. Zwi\u0119kszona ilo\u015b\u0107 godzin nauki j\u0119zyka w\u0142oskiego pozwoli na poszerzenie wiadomo\u015bci, wzbogacenie zasobu s\u0142ownictwa oraz wprowadzanie wielu \u0107wicze\u0144 rozwijaj\u0105cych umiej\u0119tno\u015b\u0107 konwersacji.<\/p>\n<p>W klasie dodatkowo w j\u0119zyku w\u0142oskim b\u0119d\u0105 nauczane dwa przedmioty og\u00f3lnokszta\u0142c\u0105ce: historia i geografia. W celu realizacji zasady ,,poznawanie przez dzia\u0142anie\u201d klasa b\u0119dzie mog\u0142a uczestniczy\u0107 w zagranicznej wycieczce edukacyjnej. B\u0119d\u0105 prowadzone zaj\u0119cia z native speakerem.<\/p>\n<p>W klasie dwuj\u0119zycznej kontynuowana b\u0119dzie nauka j\u0119zyka angielskiego w wymiarze 2 godzin tygodniowo.<\/p>\n<p>Naszym celem jest stworzenie bezpiecznej szko\u0142y przyjaznej dzieciom i rodzicom. B\u0119dziemy wspiera\u0107 aktywno\u015b\u0107 dzieci, rozwija\u0107 ich talenty, budowa\u0107 poczucie w\u0142asnej warto\u015bci. Umo\u017cliwimy rozw\u00f3j zdolno\u015bci poznawczych, b\u0119dziemy kszta\u0142towa\u0107 pozytywny stosunek do nauki, uczy\u0107 odpowiedzialno\u015bci za podj\u0119te dzia\u0142ania. Obejmiemy opiek\u0105 ka\u017cde dziecko, uwzgl\u0119dniaj\u0105c jego&nbsp;&nbsp; potrzeby i mo\u017cliwo\u015bci.<\/p>\n<p>Szko\u0142a posiada nowoczesn\u0105 baz\u0119. Sale lekcyjne wyposa\u017cone s\u0105 w tablice interaktywne oraz rzutniki multimedialne.<\/p>\n<p>Jednym z priorytet\u00f3w naszej szko\u0142y jest rozw\u00f3j kultury fizycznej i sportu. Dysponujemy kompleksem nowoczesnych boisk, sal\u0105 gimnastyczn\u0105 i si\u0142owni\u0105.<\/p>\n<p>Szko\u0142a udost\u0119pnia bezp\u0142atnie wszystkim uczniom osobiste kodowane szafki. Zapewniamy jednozmianowo\u015b\u0107 nauki. W trosce o bezpiecze\u0144stwo szko\u0142a obj\u0119ta jest monitoringiem zewn\u0119trznym i wewn\u0119trznym, a wej\u015bcie na jej teren jest mo\u017cliwe po okazaniu identyfikatora. Szko\u0142a oferuje uczniom opiek\u0119 pedagoga, psychologa, pedagoga specjalnego oraz piel\u0119gniarsk\u0105. Na terenie szko\u0142y funkcjonuj\u0105 sto\u0142\u00f3wka, w kt\u00f3rej obiady s\u0105 przyrz\u0105dzane na miejscu oraz bufet.<\/p>\n<p>W szkole organizowane s\u0105&nbsp; zaj\u0119cia pozalekcyjne dla dzieci&nbsp; chc\u0105cych rozwija\u0107 swoje zainteresowania oraz dla tych, kt\u00f3re potrzebuj\u0105 wsparcia w wyr\u00f3wnywaniu poziomu wiedzy. Cz\u0119\u015b\u0107 zaj\u0119\u0107 odbywa si\u0119 w formie&nbsp; warsztatowej, np. w laboratorium &nbsp;na Wydziale Biotechnologii i Hodowli Zwierz\u0105t. Uczniowie wdra\u017caj\u0105 si\u0119 do pracy metod\u0105 projektu. W tym roku szkolnym uczniowie realizuj\u0105 projekty: ,,Laboratoria Przysz\u0142o\u015bci\u201d, \u201eEkopracownia \u2013 zielone serce szko\u0142y\u201d w ramach kt\u00f3rego dzia\u0142a ,,Ko\u0142o meteorologiczne\u2019\u2019. W ramach wsp\u00f3\u0142pracy z uczelniami wy\u017cszymi Szczecina uczniowie b\u0119d\u0105 mogli uczestniczy\u0107 w wyk\u0142adach, &nbsp;prelekcjach, pokazach i \u0107wiczeniach.<\/p>\n<p>Cho\u0107 Szko\u0142a Podstawowa Nr 2 funkcjonuje od wrze\u015bnia 2017 roku, to jej uczniowie&nbsp; bior\u0105 aktywny udzia\u0142 w olimpiadach i konkursach przedmiotowych organizowanych przez Zachodniopomorskie Kuratorium O\u015bwiaty, osi\u0105gaj\u0105c w nich tytu\u0142y laureat\u00f3w i finalist\u00f3w.&nbsp; Otrzymuj\u0105 te\u017c stypendia Prezydenta Miasta Szczecin.<\/p>\n<p>Do klasy dwuj\u0119zycznej mog\u0105 r\u00f3wnie\u017c aplikowa\u0107 uczniowie z innych szk\u00f3\u0142 podstawowych. Dla tych uczni\u00f3w nauka j\u0119zyka w\u0142oskiego b\u0119dzie prowadzona od podstaw w grupie dla pocz\u0105tkuj\u0105cych. Warunkiem przyj\u0119cia dla wszystkich uczni\u00f3w jest uzyskanie pozytywnego wyniku ze sprawdzianu z predyspozycji j\u0119zykowych.<\/p>\n<p><strong><span style=\"color: #000080;\"><a style=\"color: #000080;\" href=\"https:\/\/zso4.szczecin.pl\/podstawowka\/nasza-szkola\/\" target=\"_blank\" rel=\"noopener\">KILKA S\u0141\u00d3W O NAS<\/a><\/span><\/strong><\/p>\n<p><\/p>\n<hr>\n\n\t\t<style type=\"text\/css\">\n\t\t\t#gallery-1 {\n\t\t\t\tmargin: auto;\n\t\t\t}\n\t\t\t#gallery-1 .gallery-item {\n\t\t\t\tfloat: left;\n\t\t\t\tmargin-top: 10px;\n\t\t\t\ttext-align: center;\n\t\t\t\twidth: 33%;\n\t\t\t}\n\t\t\t#gallery-1 img {\n\t\t\t\tborder: 2px solid #cfcfcf;\n\t\t\t}\n\t\t\t#gallery-1 .gallery-caption {\n\t\t\t\tmargin-left: 0;\n\t\t\t}\n\t\t\t\/* see gallery_shortcode() in wp-includes\/media.php *\/\n\t\t<\/style>\n\t\t<div id='gallery-1' class='gallery galleryid-7653 gallery-columns-3 gallery-size-medium'><dl class='gallery-item'>\n\t\t\t<dt class='gallery-icon landscape'>\n\t\t\t\t<a class=\"grouped_elements\" rel=\"tc-fancybox-group\" href=\"https:\/\/zso4.szczecin.pl\/podstawowka\/wp-content\/uploads\/sites\/3\/2025\/03\/13-1.jpg\" title=\"13\"><img width=\"300\" height=\"225\" src=\"https:\/\/zso4.szczecin.pl\/podstawowka\/wp-content\/uploads\/sites\/3\/2025\/03\/13-1-300x225.jpg\" class=\"attachment-medium size-medium\" alt=\"13\" loading=\"lazy\" srcset=\"https:\/\/zso4.szczecin.pl\/podstawowka\/wp-content\/uploads\/sites\/3\/2025\/03\/13-1-300x225.jpg 300w, https:\/\/zso4.szczecin.pl\/podstawowka\/wp-content\/uploads\/sites\/3\/2025\/03\/13-1.jpg 640w\" sizes=\"(max-width: 300px) 100vw, 300px\" \/><\/a>\n\t\t\t<\/dt>\n\t\t\t\t<dd class='wp-caption-text gallery-caption' id='gallery-1-8580'>\n\t\t\t\t13\n\t\t\t\t<\/dd><\/dl><dl class='gallery-item'>\n\t\t\t<dt class='gallery-icon landscape'>\n\t\t\t\t<a class=\"grouped_elements\" rel=\"tc-fancybox-group\" href=\"https:\/\/zso4.szczecin.pl\/podstawowka\/wp-content\/uploads\/sites\/3\/2017\/12\/DSCN5031.jpg\" title=\"DSCN5031\"><img width=\"300\" height=\"225\" src=\"https:\/\/zso4.szczecin.pl\/podstawowka\/wp-content\/uploads\/sites\/3\/2017\/12\/DSCN5031-300x225.jpg\" class=\"attachment-medium size-medium\" alt=\"\" loading=\"lazy\" srcset=\"https:\/\/zso4.szczecin.pl\/podstawowka\/wp-content\/uploads\/sites\/3\/2017\/12\/DSCN5031-300x225.jpg 300w, https:\/\/zso4.szczecin.pl\/podstawowka\/wp-content\/uploads\/sites\/3\/2017\/12\/DSCN5031.jpg 600w\" sizes=\"(max-width: 300px) 100vw, 300px\" \/><\/a>\n\t\t\t<\/dt><\/dl><dl class='gallery-item'>\n\t\t\t<dt class='gallery-icon portrait'>\n\t\t\t\t<a class=\"grouped_elements\" rel=\"tc-fancybox-group\" href=\"https:\/\/zso4.szczecin.pl\/podstawowka\/wp-content\/uploads\/sites\/3\/2018\/02\/received_1975332796059762.jpeg\" title=\"received_1975332796059762\"><img width=\"225\" height=\"300\" src=\"https:\/\/zso4.szczecin.pl\/podstawowka\/wp-content\/uploads\/sites\/3\/2018\/02\/received_1975332796059762-225x300.jpeg\" class=\"attachment-medium size-medium\" alt=\"\" loading=\"lazy\" srcset=\"https:\/\/zso4.szczecin.pl\/podstawowka\/wp-content\/uploads\/sites\/3\/2018\/02\/received_1975332796059762-225x300.jpeg 225w, https:\/\/zso4.szczecin.pl\/podstawowka\/wp-content\/uploads\/sites\/3\/2018\/02\/received_1975332796059762-768x1024.jpeg 768w\" sizes=\"(max-width: 225px) 100vw, 225px\" \/><\/a>\n\t\t\t<\/dt><\/dl><br style=\"clear: both\" \/><dl class='gallery-item'>\n\t\t\t<dt class='gallery-icon landscape'>\n\t\t\t\t<a class=\"grouped_elements\" rel=\"tc-fancybox-group\" href=\"https:\/\/zso4.szczecin.pl\/podstawowka\/wp-content\/uploads\/sites\/3\/2025\/03\/5-2.jpg\" title=\"5\"><img width=\"300\" height=\"225\" src=\"https:\/\/zso4.szczecin.pl\/podstawowka\/wp-content\/uploads\/sites\/3\/2025\/03\/5-2-300x225.jpg\" class=\"attachment-medium size-medium\" alt=\"5\" loading=\"lazy\" srcset=\"https:\/\/zso4.szczecin.pl\/podstawowka\/wp-content\/uploads\/sites\/3\/2025\/03\/5-2-300x225.jpg 300w, https:\/\/zso4.szczecin.pl\/podstawowka\/wp-content\/uploads\/sites\/3\/2025\/03\/5-2.jpg 640w\" sizes=\"(max-width: 300px) 100vw, 300px\" \/><\/a>\n\t\t\t<\/dt>\n\t\t\t\t<dd class='wp-caption-text gallery-caption' id='gallery-1-8578'>\n\t\t\t\t5\n\t\t\t\t<\/dd><\/dl><dl class='gallery-item'>\n\t\t\t<dt class='gallery-icon portrait'>\n\t\t\t\t<a class=\"grouped_elements\" rel=\"tc-fancybox-group\" href=\"https:\/\/zso4.szczecin.pl\/podstawowka\/wp-content\/uploads\/sites\/3\/2025\/03\/2-1.jpg\" title=\"2\"><img width=\"225\" height=\"300\" src=\"https:\/\/zso4.szczecin.pl\/podstawowka\/wp-content\/uploads\/sites\/3\/2025\/03\/2-1-225x300.jpg\" class=\"attachment-medium size-medium\" alt=\"2\" loading=\"lazy\" srcset=\"https:\/\/zso4.szczecin.pl\/podstawowka\/wp-content\/uploads\/sites\/3\/2025\/03\/2-1-225x300.jpg 225w, https:\/\/zso4.szczecin.pl\/podstawowka\/wp-content\/uploads\/sites\/3\/2025\/03\/2-1.jpg 480w\" sizes=\"(max-width: 225px) 100vw, 225px\" \/><\/a>\n\t\t\t<\/dt>\n\t\t\t\t<dd class='wp-caption-text gallery-caption' id='gallery-1-8576'>\n\t\t\t\t2\n\t\t\t\t<\/dd><\/dl><dl class='gallery-item'>\n\t\t\t<dt class='gallery-icon landscape'>\n\t\t\t\t<a class=\"grouped_elements\" rel=\"tc-fancybox-group\" href=\"https:\/\/zso4.szczecin.pl\/podstawowka\/wp-content\/uploads\/sites\/3\/2025\/03\/12-1.jpg\" title=\"12\"><img width=\"300\" height=\"225\" src=\"https:\/\/zso4.szczecin.pl\/podstawowka\/wp-content\/uploads\/sites\/3\/2025\/03\/12-1-300x225.jpg\" class=\"attachment-medium size-medium\" alt=\"12\" loading=\"lazy\" srcset=\"https:\/\/zso4.szczecin.pl\/podstawowka\/wp-content\/uploads\/sites\/3\/2025\/03\/12-1-300x225.jpg 300w, https:\/\/zso4.szczecin.pl\/podstawowka\/wp-content\/uploads\/sites\/3\/2025\/03\/12-1.jpg 640w\" sizes=\"(max-width: 300px) 100vw, 300px\" \/><\/a>\n\t\t\t<\/dt>\n\t\t\t\t<dd class='wp-caption-text gallery-caption' id='gallery-1-8579'>\n\t\t\t\t12\n\t\t\t\t<\/dd><\/dl><br style=\"clear: both\" \/><dl class='gallery-item'>\n\t\t\t<dt class='gallery-icon landscape'>\n\t\t\t\t<a class=\"grouped_elements\" rel=\"tc-fancybox-group\" href=\"https:\/\/zso4.szczecin.pl\/podstawowka\/wp-content\/uploads\/sites\/3\/2017\/03\/b78afe_d1f094df8bd54546bf7b5a436ef7dc80-mv2.jpg\" title=\"b78afe_d1f094df8bd54546bf7b5a436ef7dc80-mv2\"><img width=\"300\" height=\"225\" src=\"https:\/\/zso4.szczecin.pl\/podstawowka\/wp-content\/uploads\/sites\/3\/2017\/03\/b78afe_d1f094df8bd54546bf7b5a436ef7dc80-mv2-300x225.jpg\" class=\"attachment-medium size-medium\" alt=\"\" loading=\"lazy\" srcset=\"https:\/\/zso4.szczecin.pl\/podstawowka\/wp-content\/uploads\/sites\/3\/2017\/03\/b78afe_d1f094df8bd54546bf7b5a436ef7dc80-mv2-300x225.jpg 300w, https:\/\/zso4.szczecin.pl\/podstawowka\/wp-content\/uploads\/sites\/3\/2017\/03\/b78afe_d1f094df8bd54546bf7b5a436ef7dc80-mv2.jpg 667w\" sizes=\"(max-width: 300px) 100vw, 300px\" \/><\/a>\n\t\t\t<\/dt><\/dl><dl class='gallery-item'>\n\t\t\t<dt class='gallery-icon landscape'>\n\t\t\t\t<a class=\"grouped_elements\" rel=\"tc-fancybox-group\" href=\"https:\/\/zso4.szczecin.pl\/podstawowka\/wp-content\/uploads\/sites\/3\/2017\/12\/received_1946487095610999.jpeg\" title=\"received_1946487095610999\"><img width=\"300\" height=\"225\" src=\"https:\/\/zso4.szczecin.pl\/podstawowka\/wp-content\/uploads\/sites\/3\/2017\/12\/received_1946487095610999-300x225.jpeg\" class=\"attachment-medium size-medium\" alt=\"\" loading=\"lazy\" srcset=\"https:\/\/zso4.szczecin.pl\/podstawowka\/wp-content\/uploads\/sites\/3\/2017\/12\/received_1946487095610999-300x225.jpeg 300w, https:\/\/zso4.szczecin.pl\/podstawowka\/wp-content\/uploads\/sites\/3\/2017\/12\/received_1946487095610999-768x576.jpeg 768w, https:\/\/zso4.szczecin.pl\/podstawowka\/wp-content\/uploads\/sites\/3\/2017\/12\/received_1946487095610999-1024x768.jpeg 1024w, https:\/\/zso4.szczecin.pl\/podstawowka\/wp-content\/uploads\/sites\/3\/2017\/12\/received_1946487095610999.jpeg 1280w\" sizes=\"(max-width: 300px) 100vw, 300px\" \/><\/a>\n\t\t\t<\/dt><\/dl><dl class='gallery-item'>\n\t\t\t<dt class='gallery-icon portrait'>\n\t\t\t\t<a class=\"grouped_elements\" rel=\"tc-fancybox-group\" href=\"https:\/\/zso4.szczecin.pl\/podstawowka\/wp-content\/uploads\/sites\/3\/2018\/02\/received_1975332619393113.jpeg\" title=\"received_1975332619393113\"><img width=\"225\" height=\"300\" src=\"https:\/\/zso4.szczecin.pl\/podstawowka\/wp-content\/uploads\/sites\/3\/2018\/02\/received_1975332619393113-225x300.jpeg\" class=\"attachment-medium size-medium\" alt=\"\" loading=\"lazy\" srcset=\"https:\/\/zso4.szczecin.pl\/podstawowka\/wp-content\/uploads\/sites\/3\/2018\/02\/received_1975332619393113-225x300.jpeg 225w, https:\/\/zso4.szczecin.pl\/podstawowka\/wp-content\/uploads\/sites\/3\/2018\/02\/received_1975332619393113-768x1024.jpeg 768w\" sizes=\"(max-width: 225px) 100vw, 225px\" \/><\/a>\n\t\t\t<\/dt><\/dl><br style=\"clear: both\" \/><dl class='gallery-item'>\n\t\t\t<dt class='gallery-icon landscape'>\n\t\t\t\t<a class=\"grouped_elements\" rel=\"tc-fancybox-group\" href=\"https:\/\/zso4.szczecin.pl\/podstawowka\/wp-content\/uploads\/sites\/3\/2018\/02\/EE2EC6A0-1791-4F94-9534-F415FB25EA62.jpeg\" title=\"EE2EC6A0-1791-4F94-9534-F415FB25EA62\"><img width=\"300\" height=\"225\" src=\"https:\/\/zso4.szczecin.pl\/podstawowka\/wp-content\/uploads\/sites\/3\/2018\/02\/EE2EC6A0-1791-4F94-9534-F415FB25EA62-300x225.jpeg\" class=\"attachment-medium size-medium\" alt=\"\" loading=\"lazy\" srcset=\"https:\/\/zso4.szczecin.pl\/podstawowka\/wp-content\/uploads\/sites\/3\/2018\/02\/EE2EC6A0-1791-4F94-9534-F415FB25EA62-300x225.jpeg 300w, https:\/\/zso4.szczecin.pl\/podstawowka\/wp-content\/uploads\/sites\/3\/2018\/02\/EE2EC6A0-1791-4F94-9534-F415FB25EA62.jpeg 600w\" sizes=\"(max-width: 300px) 100vw, 300px\" \/><\/a>\n\t\t\t<\/dt><\/dl><dl class='gallery-item'>\n\t\t\t<dt class='gallery-icon portrait'>\n\t\t\t\t<a class=\"grouped_elements\" rel=\"tc-fancybox-group\" href=\"https:\/\/zso4.szczecin.pl\/podstawowka\/wp-content\/uploads\/sites\/3\/2025\/03\/3-2.jpg\" title=\"3\"><img width=\"225\" height=\"300\" src=\"https:\/\/zso4.szczecin.pl\/podstawowka\/wp-content\/uploads\/sites\/3\/2025\/03\/3-2-225x300.jpg\" class=\"attachment-medium size-medium\" alt=\"3\" loading=\"lazy\" srcset=\"https:\/\/zso4.szczecin.pl\/podstawowka\/wp-content\/uploads\/sites\/3\/2025\/03\/3-2-225x300.jpg 225w, https:\/\/zso4.szczecin.pl\/podstawowka\/wp-content\/uploads\/sites\/3\/2025\/03\/3-2.jpg 480w\" sizes=\"(max-width: 225px) 100vw, 225px\" \/><\/a>\n\t\t\t<\/dt>\n\t\t\t\t<dd class='wp-caption-text gallery-caption' id='gallery-1-8577'>\n\t\t\t\t3\n\t\t\t\t<\/dd><\/dl><dl class='gallery-item'>\n\t\t\t<dt class='gallery-icon landscape'>\n\t\t\t\t<a class=\"grouped_elements\" rel=\"tc-fancybox-group\" href=\"https:\/\/zso4.szczecin.pl\/podstawowka\/wp-content\/uploads\/sites\/3\/2017\/11\/wycieczki-gim2.jpg\" title=\"wycieczki gim2\"><img width=\"300\" height=\"284\" src=\"https:\/\/zso4.szczecin.pl\/podstawowka\/wp-content\/uploads\/sites\/3\/2017\/11\/wycieczki-gim2-300x284.jpg\" class=\"attachment-medium size-medium\" alt=\"\" loading=\"lazy\" srcset=\"https:\/\/zso4.szczecin.pl\/podstawowka\/wp-content\/uploads\/sites\/3\/2017\/11\/wycieczki-gim2-300x284.jpg 300w, https:\/\/zso4.szczecin.pl\/podstawowka\/wp-content\/uploads\/sites\/3\/2017\/11\/wycieczki-gim2-768x727.jpg 768w, https:\/\/zso4.szczecin.pl\/podstawowka\/wp-content\/uploads\/sites\/3\/2017\/11\/wycieczki-gim2.jpg 1024w\" sizes=\"(max-width: 300px) 100vw, 300px\" \/><\/a>\n\t\t\t<\/dt><\/dl><br style=\"clear: both\" \/><dl class='gallery-item'>\n\t\t\t<dt class='gallery-icon landscape'>\n\t\t\t\t<a class=\"grouped_elements\" rel=\"tc-fancybox-group\" href=\"https:\/\/zso4.szczecin.pl\/podstawowka\/wp-content\/uploads\/sites\/3\/2017\/12\/DSC_0147.jpg\" title=\"DSC_0147\"><img width=\"300\" height=\"169\" src=\"https:\/\/zso4.szczecin.pl\/podstawowka\/wp-content\/uploads\/sites\/3\/2017\/12\/DSC_0147-300x169.jpg\" class=\"attachment-medium size-medium\" alt=\"\" loading=\"lazy\" srcset=\"https:\/\/zso4.szczecin.pl\/podstawowka\/wp-content\/uploads\/sites\/3\/2017\/12\/DSC_0147-300x169.jpg 300w, https:\/\/zso4.szczecin.pl\/podstawowka\/wp-content\/uploads\/sites\/3\/2017\/12\/DSC_0147.jpg 700w\" sizes=\"(max-width: 300px) 100vw, 300px\" \/><\/a>\n\t\t\t<\/dt><\/dl><dl class='gallery-item'>\n\t\t\t<dt class='gallery-icon landscape'>\n\t\t\t\t<a class=\"grouped_elements\" rel=\"tc-fancybox-group\" href=\"https:\/\/zso4.szczecin.pl\/podstawowka\/wp-content\/uploads\/sites\/3\/2025\/03\/1-1.jpg\" title=\"1\"><img width=\"300\" height=\"225\" src=\"https:\/\/zso4.szczecin.pl\/podstawowka\/wp-content\/uploads\/sites\/3\/2025\/03\/1-1-300x225.jpg\" class=\"attachment-medium size-medium\" alt=\"1\" loading=\"lazy\" srcset=\"https:\/\/zso4.szczecin.pl\/podstawowka\/wp-content\/uploads\/sites\/3\/2025\/03\/1-1-300x225.jpg 300w, https:\/\/zso4.szczecin.pl\/podstawowka\/wp-content\/uploads\/sites\/3\/2025\/03\/1-1.jpg 640w\" sizes=\"(max-width: 300px) 100vw, 300px\" \/><\/a>\n\t\t\t<\/dt>\n\t\t\t\t<dd class='wp-caption-text gallery-caption' id='gallery-1-8575'>\n\t\t\t\t1\n\t\t\t\t<\/dd><\/dl>\n\t\t\t<br style='clear: both' \/>\n\t\t<\/div>\n\n<p><a href=\"https:\/\/nabor.pcss.pl\/szczecin\/\" target=\"_blank\" rel=\"noopener\"><img loading=\"lazy\" class=\"alignright wp-image-3440 size-full\" src=\"http:\/\/zso4.szczecin.pl\/podstawowka\/wp-content\/uploads\/sites\/3\/2020\/03\/unnamed.png\" alt=\"\" width=\"367\" height=\"163\" srcset=\"https:\/\/zso4.szczecin.pl\/podstawowka\/wp-content\/uploads\/sites\/3\/2020\/03\/unnamed.png 367w, https:\/\/zso4.szczecin.pl\/podstawowka\/wp-content\/uploads\/sites\/3\/2020\/03\/unnamed-300x133.png 300w\" sizes=\"(max-width: 367px) 100vw, 367px\" \/><\/a><\/p>","protected":false},"excerpt":{"rendered":"<p>Przeprowadzenie sprawdzianu predyspozycji j\u0119zykowych do klasy dwuj\u0119zycznej 9 czerwca 2026 r. godzina 16:00 &nbsp;\u201eM\u00f3wi\u0105c do cz\u0142owieka w j\u0119zyku, kt\u00f3ry rozumie, trafiasz do jego g\u0142owy. M\u00f3wi\u0105c w jego w\u0142asnym j\u0119zyku, trafiasz do jego serca. \u201d&nbsp;&nbsp; Nelson Mandela &nbsp;KLASA VII dwuj\u0119zyczna Szko\u0142a Podstawowa Nr 2 z Oddzia\u0142ami Dwuj\u0119zycznymi&nbsp; wchodzi wraz z XI Liceum Og\u00f3lnokszta\u0142c\u0105cym z Oddzia\u0142ami Dwuj\u0119zycznymi [&hellip;]<\/p>\n","protected":false},"author":1,"featured_media":0,"parent":0,"menu_order":0,"comment_status":"closed","ping_status":"closed","template":"","meta":{"_exactmetrics_skip_tracking":false,"_exactmetrics_sitenote_active":false,"_exactmetrics_sitenote_note":"","_exactmetrics_sitenote_category":0},"_links":{"self":[{"href":"https:\/\/zso4.szczecin.pl\/podstawowka\/wp-json\/wp\/v2\/pages\/7653"}],"collection":[{"href":"https:\/\/zso4.szczecin.pl\/podstawowka\/wp-json\/wp\/v2\/pages"}],"about":[{"href":"https:\/\/zso4.szczecin.pl\/podstawowka\/wp-json\/wp\/v2\/types\/page"}],"author":[{"embeddable":true,"href":"https:\/\/zso4.szczecin.pl\/podstawowka\/wp-json\/wp\/v2\/users\/1"}],"replies":[{"embeddable":true,"href":"https:\/\/zso4.szczecin.pl\/podstawowka\/wp-json\/wp\/v2\/comments?post=7653"}],"version-history":[{"count":20,"href":"https:\/\/zso4.szczecin.pl\/podstawowka\/wp-json\/wp\/v2\/pages\/7653\/revisions"}],"predecessor-version":[{"id":9555,"href":"https:\/\/zso4.szczecin.pl\/podstawowka\/wp-json\/wp\/v2\/pages\/7653\/revisions\/9555"}],"wp:attachment":[{"href":"https:\/\/zso4.szczecin.pl\/podstawowka\/wp-json\/wp\/v2\/media?parent=7653"}],"curies":[{"name":"wp","href":"https:\/\/api.w.org\/{rel}","templated":true}]}}