{"id":74,"date":"2017-03-14T13:38:47","date_gmt":"2017-03-14T12:38:47","guid":{"rendered":"http:\/\/zsoszczevi.cluster023.hosting.ovh.net\/gimnazjum\/?page_id=74"},"modified":"2025-08-31T09:06:37","modified_gmt":"2025-08-31T07:06:37","slug":"samorzad-uczniowski","status":"publish","type":"page","link":"https:\/\/zso4.szczecin.pl\/podstawowka\/samorzad-uczniowski\/","title":{"rendered":"SAMORZ\u0104D UCZNIOWSKI"},"content":{"rendered":"<article id=\"page-74\" class=\"row-fluid post-74 page type-page status-publish hentry hover\">\n<div class=\"entry-content\">\n<blockquote><p>Samorz\u0105d uczniowski tworz\u0105 wszyscy uczniowie szko\u0142y. Ustawa o systemie o\u015bwiaty (uchwalone przez Sejm prawo reguluj\u0105ce zasady funkcjonowania o\u015bwiaty) \u2013 m\u00f3wi, \u017ce Samorz\u0105d tworz\u0105 wszyscy uczniowie szko\u0142y (art. 55). Cz\u0142onkiem samorz\u0105du uczniowskiego stajemy si\u0119 automatycznie w chwili przyj\u0119cia do szko\u0142y. Przestajemy nim by\u0107 w momencie, gdy szko\u0142\u0119 opuszczamy.<\/p><\/blockquote>\n<h1 class=\"font_8\" style=\"text-align: center;\"><strong>Sk\u0142ad Samorz\u0105du Uczniowskiego ZOS nr 4\u00a0<\/strong><\/h1>\n<p class=\"font_8\"><span class=\"wixGuard\">\u200b<\/span><\/p>\n<h2 class=\"font_8\"><strong>Opiekun:<\/strong><\/h2>\n<p class=\"font_8\">Paulina Haraszczuk<\/p>\n<div id=\"comp-j7x6o43m\" class=\"txtNew\">\n<hr \/>\n<\/div>\n<blockquote><p><code><ul class=\"lcp_catlist\" id=\"lcp_instance_0\"><li><a href=\"https:\/\/zso4.szczecin.pl\/podstawowka\/2017\/09\/23\/pomysl-na-klub-uczniowski\/\">Pomys\u0142 na Klub uczniowski<\/a><\/li><li><a href=\"https:\/\/zso4.szczecin.pl\/podstawowka\/2017\/10\/02\/dzien-chlopaka\/\">Dzie\u0144 Ch\u0142opaka<\/a><\/li><li><a href=\"https:\/\/zso4.szczecin.pl\/podstawowka\/2017\/11\/01\/mlodziezowa-rada-miasta-szczecin\/\">M\u0142odzie\u017cowa Rada Miasta Szczecin<\/a><\/li><li><a href=\"https:\/\/zso4.szczecin.pl\/podstawowka\/2017\/12\/06\/mikolajki-w-naszej-szkole\/\">Miko\u0142ajki w naszej szkole<\/a><\/li><li><a href=\"https:\/\/zso4.szczecin.pl\/podstawowka\/2017\/12\/18\/star-wars\/\">Star Wars<\/a><\/li><li><a href=\"https:\/\/zso4.szczecin.pl\/podstawowka\/2017\/12\/19\/warsztaty-plastyczne\/\">Warsztaty plastyczne<\/a><\/li><li><a href=\"https:\/\/zso4.szczecin.pl\/podstawowka\/2017\/12\/22\/jaselka\/\">Jase\u0142ka<\/a><\/li><li><a href=\"https:\/\/zso4.szczecin.pl\/podstawowka\/2018\/01\/11\/ogolnopolski-konkurs-orzel-bialy-nasza-duma\/\">OG\u00d3LNOPOLSKI KONKURS \u201eORZE\u0141 BIA\u0141Y &#8211; NASZA DUMA\u201d<\/a><\/li><li><a href=\"https:\/\/zso4.szczecin.pl\/podstawowka\/2018\/02\/14\/uwalniamy-ksiazki\/\">Uwalniamy ksi\u0105\u017cki<\/a><\/li><li><a href=\"https:\/\/zso4.szczecin.pl\/podstawowka\/2018\/02\/14\/walentynki\/\">Walentynki<\/a><\/li><\/ul><\/code><\/p><\/blockquote>\n<\/div>\n<\/article>\n","protected":false},"excerpt":{"rendered":"<p>Samorz\u0105d uczniowski tworz\u0105 wszyscy uczniowie szko\u0142y. Ustawa o systemie o\u015bwiaty (uchwalone przez Sejm prawo reguluj\u0105ce zasady funkcjonowania o\u015bwiaty) \u2013 m\u00f3wi, \u017ce Samorz\u0105d tworz\u0105 wszyscy uczniowie szko\u0142y (art. 55). Cz\u0142onkiem samorz\u0105du uczniowskiego stajemy si\u0119 automatycznie w chwili przyj\u0119cia do szko\u0142y. Przestajemy nim by\u0107 w momencie, gdy szko\u0142\u0119 opuszczamy. Sk\u0142ad Samorz\u0105du Uczniowskiego ZOS nr 4\u00a0 \u200b Opiekun: [&hellip;]<\/p>\n","protected":false},"author":1,"featured_media":0,"parent":0,"menu_order":0,"comment_status":"closed","ping_status":"closed","template":"","meta":{"_exactmetrics_skip_tracking":false,"_exactmetrics_sitenote_active":false,"_exactmetrics_sitenote_note":"","_exactmetrics_sitenote_category":0},"_links":{"self":[{"href":"https:\/\/zso4.szczecin.pl\/podstawowka\/wp-json\/wp\/v2\/pages\/74"}],"collection":[{"href":"https:\/\/zso4.szczecin.pl\/podstawowka\/wp-json\/wp\/v2\/pages"}],"about":[{"href":"https:\/\/zso4.szczecin.pl\/podstawowka\/wp-json\/wp\/v2\/types\/page"}],"author":[{"embeddable":true,"href":"https:\/\/zso4.szczecin.pl\/podstawowka\/wp-json\/wp\/v2\/users\/1"}],"replies":[{"embeddable":true,"href":"https:\/\/zso4.szczecin.pl\/podstawowka\/wp-json\/wp\/v2\/comments?post=74"}],"version-history":[{"count":20,"href":"https:\/\/zso4.szczecin.pl\/podstawowka\/wp-json\/wp\/v2\/pages\/74\/revisions"}],"predecessor-version":[{"id":8989,"href":"https:\/\/zso4.szczecin.pl\/podstawowka\/wp-json\/wp\/v2\/pages\/74\/revisions\/8989"}],"wp:attachment":[{"href":"https:\/\/zso4.szczecin.pl\/podstawowka\/wp-json\/wp\/v2\/media?parent=74"}],"curies":[{"name":"wp","href":"https:\/\/api.w.org\/{rel}","templated":true}]}}