{"id":6972,"date":"2023-11-07T22:43:24","date_gmt":"2023-11-07T21:43:24","guid":{"rendered":"http:\/\/zso4.szczecin.pl\/podstawowka\/?page_id=6972"},"modified":"2023-11-07T22:45:07","modified_gmt":"2023-11-07T21:45:07","slug":"konkursy-przedmiotowe","status":"publish","type":"page","link":"https:\/\/zso4.szczecin.pl\/podstawowka\/konkursy-przedmiotowe\/","title":{"rendered":"Konkursy przedmiotowe"},"content":{"rendered":"<p data-sourcepos=\"1:1-1:21\"><strong>Drodzy uczniowie,<\/strong><\/p>\n<p data-sourcepos=\"3:1-3:159\">zach\u0119camy Was do udzia\u0142u w konkursach przedmiotowych. To doskona\u0142a okazja do sprawdzenia swoich umiej\u0119tno\u015bci, poszerzenia wiedzy i zdobycia nowych do\u015bwiadcze\u0144.<\/p>\n<p data-sourcepos=\"5:1-5:309\">Konkursy przedmiotowe to nie tylko sprawdzian wiedzy, ale r\u00f3wnie\u017c umiej\u0119tno\u015bci logicznego my\u015blenia, rozwi\u0105zywania problem\u00f3w i pracy pod presj\u0105 czasu. Udzia\u0142 w nich wymaga od Was zaanga\u017cowania, wytrwa\u0142o\u015bci i ci\u0119\u017ckiej pracy. Jednak\u017ce, je\u015bli jeste\u015bcie gotowi podj\u0105\u0107 wyzwanie, to na pewno zyskacie wiele korzy\u015bci.<\/p>\n<p data-sourcepos=\"7:1-7:75\">Udzia\u0142 w konkursach przedmiotowych mo\u017ce przynie\u015b\u0107 Wam nast\u0119puj\u0105ce korzy\u015bci:<\/p>\n<ul data-sourcepos=\"9:1-13:0\">\n<li data-sourcepos=\"9:1-9:201\"><strong>Poprawa wynik\u00f3w w nauce<\/strong>. Przygotowanie do konkursu wymaga systematycznej pracy i nauki. Dzi\u0119ki temu utrwalicie swoj\u0105 wiedz\u0119 i rozwiniecie umiej\u0119tno\u015bci, co prze\u0142o\u017cy si\u0119 na popraw\u0119 wynik\u00f3w w nauce.<\/li>\n<li data-sourcepos=\"10:1-10:229\"><strong>Rozw\u00f3j zainteresowa\u0144 i pasji<\/strong>. Konkursy przedmiotowe to \u015bwietna okazja do rozwijania swoich zainteresowa\u0144 i pasji. Je\u015bli lubicie dany przedmiot, to udzia\u0142 w konkursie pozwoli Wam jeszcze bardziej zag\u0142\u0119bi\u0107 si\u0119 w jego tajniki.<\/li>\n<li data-sourcepos=\"11:1-11:186\"><strong>Zach\u0119cenie do dalszej nauki<\/strong>. Sukces w konkursie mo\u017ce by\u0107 dla Was motywacj\u0105 do dalszej nauki i rozwoju. Poka\u017ce Wam, \u017ce jeste\u015bcie w stanie osi\u0105gn\u0105\u0107 wiele, je\u015bli tylko si\u0119 postaracie.<\/li>\n<li data-sourcepos=\"12:1-13:0\"><strong>Nowe znajomo\u015bci i do\u015bwiadczenie<\/strong>. Udzia\u0142 w konkursie to r\u00f3wnie\u017c szansa na poznanie nowych ludzi i zdobycie cennego do\u015bwiadczenia. Wsp\u00f3\u0142zawodnictwo z innymi uczniami mo\u017ce by\u0107 dla Was \u017ar\u00f3d\u0142em motywacji i inspiracji.<\/li>\n<\/ul>\n<p data-sourcepos=\"14:1-14:243\">Je\u015bli jeste\u015bcie zainteresowani udzia\u0142em w konkursach przedmiotowych, to zach\u0119camy Was do kontaktu z nauczycielami w swojej klasie. Oni udziel\u0105 Wam szczeg\u00f3\u0142owych informacji na temat poszczeg\u00f3lnych konkurs\u00f3w i pomog\u0105 Wam w przygotowaniu do nich.<\/p>\n<p data-sourcepos=\"16:1-16:27\"><strong>Trzymamy za Was kciuki!<\/strong><\/p>\n<p data-sourcepos=\"16:1-16:27\">\n","protected":false},"excerpt":{"rendered":"<p>Drodzy uczniowie, zach\u0119camy Was do udzia\u0142u w konkursach przedmiotowych. To doskona\u0142a okazja do sprawdzenia swoich umiej\u0119tno\u015bci, poszerzenia wiedzy i zdobycia nowych do\u015bwiadcze\u0144. Konkursy przedmiotowe to nie tylko sprawdzian wiedzy, ale r\u00f3wnie\u017c umiej\u0119tno\u015bci logicznego my\u015blenia, rozwi\u0105zywania problem\u00f3w i pracy pod presj\u0105 czasu. Udzia\u0142 w nich wymaga od Was zaanga\u017cowania, wytrwa\u0142o\u015bci i ci\u0119\u017ckiej pracy. Jednak\u017ce, je\u015bli jeste\u015bcie [&hellip;]<\/p>\n","protected":false},"author":1,"featured_media":0,"parent":0,"menu_order":0,"comment_status":"closed","ping_status":"closed","template":"","meta":{"_exactmetrics_skip_tracking":false,"_exactmetrics_sitenote_active":false,"_exactmetrics_sitenote_note":"","_exactmetrics_sitenote_category":0},"_links":{"self":[{"href":"https:\/\/zso4.szczecin.pl\/podstawowka\/wp-json\/wp\/v2\/pages\/6972"}],"collection":[{"href":"https:\/\/zso4.szczecin.pl\/podstawowka\/wp-json\/wp\/v2\/pages"}],"about":[{"href":"https:\/\/zso4.szczecin.pl\/podstawowka\/wp-json\/wp\/v2\/types\/page"}],"author":[{"embeddable":true,"href":"https:\/\/zso4.szczecin.pl\/podstawowka\/wp-json\/wp\/v2\/users\/1"}],"replies":[{"embeddable":true,"href":"https:\/\/zso4.szczecin.pl\/podstawowka\/wp-json\/wp\/v2\/comments?post=6972"}],"version-history":[{"count":2,"href":"https:\/\/zso4.szczecin.pl\/podstawowka\/wp-json\/wp\/v2\/pages\/6972\/revisions"}],"predecessor-version":[{"id":6975,"href":"https:\/\/zso4.szczecin.pl\/podstawowka\/wp-json\/wp\/v2\/pages\/6972\/revisions\/6975"}],"wp:attachment":[{"href":"https:\/\/zso4.szczecin.pl\/podstawowka\/wp-json\/wp\/v2\/media?parent=6972"}],"curies":[{"name":"wp","href":"https:\/\/api.w.org\/{rel}","templated":true}]}}