{"id":563,"date":"2017-11-23T10:13:39","date_gmt":"2017-11-23T09:13:39","guid":{"rendered":"http:\/\/zsoszczevi.cluster023.hosting.ovh.net\/podstawowka\/?page_id=563"},"modified":"2025-09-02T22:50:18","modified_gmt":"2025-09-02T20:50:18","slug":"zebrania-z-rodzicami","status":"publish","type":"page","link":"https:\/\/zso4.szczecin.pl\/podstawowka\/zebrania-z-rodzicami\/","title":{"rendered":"ZEBRANIA Z RODZICAMI"},"content":{"rendered":"\n<h3>Wrzesie\u0144 2025<\/h3>\n\n\n\n<ul><li>1 wrze\u015bnia 2025, godz. 17:00: Zebranie informacyjno-organizacyjne dla klas I-III SP<sup><\/sup>.<\/li><li>3 wrze\u015bnia 2025, godz. 17:00: Zebranie informacyjno-organizacyjne dla klas IV-VIII SP oraz klas I LO<sup><\/sup>.<\/li><li>10 wrze\u015bnia 2025, godz. 17:00: Zebranie informacyjno-organizacyjne dla klas II, III, IV LO<sup><\/sup>.<\/li><\/ul>\n\n\n\n<hr class=\"wp-block-separator has-alpha-channel-opacity\"\/>\n\n\n\n<h3>Pa\u017adziernik 2025<\/h3>\n\n\n\n<ul><li>22 pa\u017adziernika 2025, godz. 16:00-19:00: Zebranie bie\u017c\u0105co-kontrolne dla klas IV-VIII SP (konsultacje indywidualne)<sup><\/sup>.<\/li><\/ul>\n\n\n\n<hr class=\"wp-block-separator has-alpha-channel-opacity\"\/>\n\n\n\n<h3>Listopad 2025<\/h3>\n\n\n\n<ul><li>19 listopada 2025, godz. 16:00-19:00: Zebranie bie\u017c\u0105co-kontrolne dla klas I, II, III, IV LO (konsultacje indywidualne)<sup><\/sup>.<\/li><\/ul>\n\n\n\n<hr class=\"wp-block-separator has-alpha-channel-opacity\"\/>\n\n\n\n<h3>Stycze\u0144 2026<\/h3>\n\n\n\n<ul><li>28 stycznia 2026, godz. 17:00: Zebranie podsumowuj\u0105ce I semestr dla klas I-III SP i IV-VIII SP (zebrania klasowe z wychowawcami)<sup><\/sup>.<\/li><li>29 stycznia 2026, godz. 17:00: Zebranie podsumowuj\u0105ce I semestr dla klas I, II, III, IV LO (zebrania klasowe z wychowawcami)<sup><\/sup>.<\/li><\/ul>\n\n\n\n<hr class=\"wp-block-separator has-alpha-channel-opacity\"\/>\n\n\n\n<h3>Marzec 2026<\/h3>\n\n\n\n<ul><li>11 marca 2026, godz. 16:00-19:00: Zebranie bie\u017c\u0105co-kontrolne dla klas IV-VIII SP (konsultacje indywidualne)<sup><\/sup>.<\/li><li>18 marca 2026, godz. 16:00-19:00: Zebranie bie\u017c\u0105co-kontrolne dla klas I, II, III LO (konsultacje indywidualne)<sup><\/sup>.<\/li><li>18 marca 2026, godz. 17:00: Zebranie bie\u017c\u0105co-kontrolne dla klas IV LO (zebrania klasowe z wychowawc\u0105)<sup><\/sup>.<\/li><\/ul>\n\n\n\n<hr class=\"wp-block-separator has-alpha-channel-opacity\"\/>\n\n\n\n<h3>Maj 2026<\/h3>\n\n\n\n<ul><li>20 maja 2026, godz. 17:00: Zebranie bie\u017c\u0105co-kontrolne dla klas IV-VIII SP (zebrania klasowe z wychowawc\u0105)<sup><\/sup>.<\/li><li>20 maja 2026, godz. 18:00: Zebranie bie\u017c\u0105co-kontrolne dla klas I, II, III LO (zebrania klasowe)<sup><\/sup>.<\/li><\/ul>\n","protected":false},"excerpt":{"rendered":"<p>Wrzesie\u0144 2025 1 wrze\u015bnia 2025, godz. 17:00: Zebranie informacyjno-organizacyjne dla klas I-III SP. 3 wrze\u015bnia 2025, godz. 17:00: Zebranie informacyjno-organizacyjne dla klas IV-VIII SP oraz klas I LO. 10 wrze\u015bnia 2025, godz. 17:00: Zebranie informacyjno-organizacyjne dla klas II, III, IV LO. Pa\u017adziernik 2025 22 pa\u017adziernika 2025, godz. 16:00-19:00: Zebranie bie\u017c\u0105co-kontrolne dla klas IV-VIII SP (konsultacje [&hellip;]<\/p>\n","protected":false},"author":1,"featured_media":0,"parent":0,"menu_order":0,"comment_status":"closed","ping_status":"closed","template":"","meta":{"_exactmetrics_skip_tracking":false,"_exactmetrics_sitenote_active":false,"_exactmetrics_sitenote_note":"","_exactmetrics_sitenote_category":0},"_links":{"self":[{"href":"https:\/\/zso4.szczecin.pl\/podstawowka\/wp-json\/wp\/v2\/pages\/563"}],"collection":[{"href":"https:\/\/zso4.szczecin.pl\/podstawowka\/wp-json\/wp\/v2\/pages"}],"about":[{"href":"https:\/\/zso4.szczecin.pl\/podstawowka\/wp-json\/wp\/v2\/types\/page"}],"author":[{"embeddable":true,"href":"https:\/\/zso4.szczecin.pl\/podstawowka\/wp-json\/wp\/v2\/users\/1"}],"replies":[{"embeddable":true,"href":"https:\/\/zso4.szczecin.pl\/podstawowka\/wp-json\/wp\/v2\/comments?post=563"}],"version-history":[{"count":18,"href":"https:\/\/zso4.szczecin.pl\/podstawowka\/wp-json\/wp\/v2\/pages\/563\/revisions"}],"predecessor-version":[{"id":8996,"href":"https:\/\/zso4.szczecin.pl\/podstawowka\/wp-json\/wp\/v2\/pages\/563\/revisions\/8996"}],"wp:attachment":[{"href":"https:\/\/zso4.szczecin.pl\/podstawowka\/wp-json\/wp\/v2\/media?parent=563"}],"curies":[{"name":"wp","href":"https:\/\/api.w.org\/{rel}","templated":true}]}}