{"id":55,"date":"2017-03-14T13:17:32","date_gmt":"2017-03-14T12:17:32","guid":{"rendered":"http:\/\/zsoszczevi.cluster023.hosting.ovh.net\/gimnazjum\/?page_id=55"},"modified":"2019-09-04T21:47:22","modified_gmt":"2019-09-04T19:47:22","slug":"administracja","status":"publish","type":"page","link":"https:\/\/zso4.szczecin.pl\/podstawowka\/administracja\/","title":{"rendered":"ADMINISTRACJA"},"content":{"rendered":"<table width=\"654\" cellspacing=\"0\" cellpadding=\"4\">\n<colgroup>\n<col width=\"203\" \/>\n<col width=\"105\" \/>\n<col width=\"320\" \/> <\/colgroup>\n<tbody>\n<tr valign=\"top\">\n<td width=\"203\"><span style=\"color: #000000;\"><span style=\"font-family: Calibri, sans-serif;\"><span style=\"font-size: medium;\">Sekretariat g\u0142\u00f3wny<\/span><\/span><\/span><\/td>\n<td width=\"105\">\n<p align=\"center\"><span style=\"color: #000000;\"><span style=\"font-family: Calibri, sans-serif;\"><span style=\"font-size: medium;\">wew. 35<\/span><\/span><\/span><\/p>\n<\/td>\n<td width=\"320\">\n<p align=\"center\"><span style=\"font-family: Calibri, sans-serif;\"><span style=\"font-size: medium;\"><a href=\"mailto:zso4@miasto.szczecin.pl\"><span style=\"color: #000000;\">zso4@miasto.szczecin.pl<\/span><\/a><\/span><\/span><\/p>\n<\/td>\n<\/tr>\n<tr valign=\"top\">\n<td width=\"203\"><span style=\"color: #000000;\"><span style=\"font-family: Calibri, sans-serif;\"><span style=\"font-size: medium;\">Sekretariat uczniowski<\/span><\/span><\/span><\/td>\n<td width=\"105\">\n<p align=\"center\"><span style=\"color: #000000;\"><span style=\"font-family: Calibri, sans-serif;\"><span style=\"font-size: medium;\">wew. 31<\/span><\/span><\/span><\/p>\n<\/td>\n<td width=\"320\">\n<p align=\"center\"><span style=\"color: #000000;\"><span style=\"font-family: Calibri, sans-serif;\"><span style=\"font-size: medium;\">sekretariat.uczniowski@zso4.szczecin.pl <\/span><\/span><\/span><\/p>\n<\/td>\n<\/tr>\n<tr valign=\"top\">\n<td width=\"203\"><span style=\"color: #000000;\"><span style=\"font-family: Calibri, sans-serif;\"><span style=\"font-size: medium;\">Kierownik gospodarczy<\/span><\/span><\/span><\/td>\n<td width=\"105\">\n<p align=\"center\"><span style=\"color: #000000;\"><span style=\"font-family: Calibri, sans-serif;\"><span style=\"font-size: medium;\">wew. 38<\/span><\/span><\/span><\/p>\n<\/td>\n<td width=\"320\">\n<p align=\"center\"><span style=\"color: #000000;\"><span style=\"font-family: Calibri, sans-serif;\"><span style=\"font-size: medium;\">kier.gospodarczy@zso4.szczecin.pl <\/span><\/span><\/span><\/p>\n<\/td>\n<\/tr>\n<tr valign=\"top\">\n<td width=\"203\"><span style=\"color: #000000;\"><span style=\"font-family: Calibri, sans-serif;\"><span style=\"font-size: medium;\">G\u0142\u00f3wna ksi\u0119gowa<\/span><\/span><\/span><\/td>\n<td width=\"105\">\n<p align=\"center\"><span style=\"color: #000000;\"><span style=\"font-family: Calibri, sans-serif;\"><span style=\"font-size: medium;\">wew. 47 <\/span><\/span><\/span><\/p>\n<\/td>\n<td width=\"320\">\n<p align=\"center\"><span style=\"color: #000000;\"><span style=\"font-family: Calibri, sans-serif;\"><span style=\"font-size: medium;\">ksiegowaim@zso4.szczecin.pl <\/span><\/span><\/span><\/p>\n<\/td>\n<\/tr>\n<tr valign=\"top\">\n<td width=\"203\"><span style=\"color: #000000;\"><span style=\"font-family: Calibri, sans-serif;\"><span style=\"font-size: medium;\">Ksi\u0119gowa<\/span><\/span><\/span><\/td>\n<td width=\"105\">\n<p align=\"center\"><span style=\"color: #000000;\"><span style=\"font-family: Calibri, sans-serif;\"><span style=\"font-size: medium;\">wew. 36<\/span><\/span><\/span><\/p>\n<\/td>\n<td width=\"320\">\n<p align=\"center\"><span style=\"color: #000000;\"><span style=\"font-family: Calibri, sans-serif;\"><span style=\"font-size: medium;\">ksiegowaik@zso4.szczecin.pl<\/span><\/span><\/span><\/p>\n<\/td>\n<\/tr>\n<tr valign=\"top\">\n<td width=\"203\"><span style=\"color: #000000;\"><span style=\"font-family: Calibri, sans-serif;\"><span style=\"font-size: medium;\">Kierownik internatu<\/span><\/span><\/span><\/td>\n<td width=\"105\">\n<p align=\"center\"><span style=\"color: #000000;\"><span style=\"font-family: Calibri, sans-serif;\"><span style=\"font-size: medium;\">91 43-94-051 <\/span><\/span><\/span><\/p>\n<\/td>\n<td width=\"320\">\n<p align=\"center\"><span style=\"color: #000000;\"><span style=\"font-family: Calibri, sans-serif;\"><span style=\"font-size: medium;\">kier.internatu@zso4.szczecin.pl <\/span><\/span><\/span><\/p>\n<\/td>\n<\/tr>\n<tr valign=\"top\">\n<td width=\"203\"><span style=\"color: #000000;\"><span style=\"font-family: Calibri, sans-serif;\"><span style=\"font-size: medium;\">Kierownik sto\u0142\u00f3wki<\/span><\/span><\/span><\/td>\n<td width=\"105\">\n<p align=\"center\"><span style=\"color: #000000;\"><span style=\"font-family: Calibri, sans-serif;\"><span style=\"font-size: medium;\">wew. 45<\/span><\/span><\/span><\/p>\n<\/td>\n<td width=\"320\">\n<p align=\"center\"><span style=\"color: #000000;\"><span style=\"font-family: Calibri, sans-serif;\"><span style=\"font-size: medium;\">kier.stolowki@zso4.szczecin.pl <\/span><\/span><\/span><\/p>\n<\/td>\n<\/tr>\n<\/tbody>\n<\/table>\n","protected":false},"excerpt":{"rendered":"<p>Sekretariat g\u0142\u00f3wny wew. 35 zso4@miasto.szczecin.pl Sekretariat uczniowski wew. 31 sekretariat.uczniowski@zso4.szczecin.pl Kierownik gospodarczy wew. 38 kier.gospodarczy@zso4.szczecin.pl G\u0142\u00f3wna ksi\u0119gowa wew. 47 ksiegowaim@zso4.szczecin.pl Ksi\u0119gowa wew. 36 ksiegowaik@zso4.szczecin.pl Kierownik internatu 91 43-94-051 kier.internatu@zso4.szczecin.pl Kierownik sto\u0142\u00f3wki wew. 45 kier.stolowki@zso4.szczecin.pl<\/p>\n","protected":false},"author":1,"featured_media":0,"parent":0,"menu_order":0,"comment_status":"closed","ping_status":"closed","template":"","meta":{"_exactmetrics_skip_tracking":false,"_exactmetrics_sitenote_active":false,"_exactmetrics_sitenote_note":"","_exactmetrics_sitenote_category":0},"_links":{"self":[{"href":"https:\/\/zso4.szczecin.pl\/podstawowka\/wp-json\/wp\/v2\/pages\/55"}],"collection":[{"href":"https:\/\/zso4.szczecin.pl\/podstawowka\/wp-json\/wp\/v2\/pages"}],"about":[{"href":"https:\/\/zso4.szczecin.pl\/podstawowka\/wp-json\/wp\/v2\/types\/page"}],"author":[{"embeddable":true,"href":"https:\/\/zso4.szczecin.pl\/podstawowka\/wp-json\/wp\/v2\/users\/1"}],"replies":[{"embeddable":true,"href":"https:\/\/zso4.szczecin.pl\/podstawowka\/wp-json\/wp\/v2\/comments?post=55"}],"version-history":[{"count":13,"href":"https:\/\/zso4.szczecin.pl\/podstawowka\/wp-json\/wp\/v2\/pages\/55\/revisions"}],"predecessor-version":[{"id":3107,"href":"https:\/\/zso4.szczecin.pl\/podstawowka\/wp-json\/wp\/v2\/pages\/55\/revisions\/3107"}],"wp:attachment":[{"href":"https:\/\/zso4.szczecin.pl\/podstawowka\/wp-json\/wp\/v2\/media?parent=55"}],"curies":[{"name":"wp","href":"https:\/\/api.w.org\/{rel}","templated":true}]}}