{"id":40,"date":"2017-03-14T13:00:35","date_gmt":"2017-03-14T12:00:35","guid":{"rendered":"http:\/\/zsoszczevi.cluster023.hosting.ovh.net\/gimnazjum\/?page_id=40"},"modified":"2024-05-12T19:22:42","modified_gmt":"2024-05-12T17:22:42","slug":"rada-rodzicow","status":"publish","type":"page","link":"https:\/\/zso4.szczecin.pl\/podstawowka\/rada-rodzicow\/","title":{"rendered":"RADA RODZIC\u00d3W"},"content":{"rendered":"<div id=\"i2k4vh7w\" class=\"s32\" data-reactid=\".0.$SITE_ROOT.$desktop_siteRoot.$PAGES_CONTAINER.1.1.$SITE_PAGES.$c1pg6.1.$i2k4vh7w\">\n<div id=\"i2k4vh7winlineContent\" class=\"s32inlineContent\" data-reactid=\".0.$SITE_ROOT.$desktop_siteRoot.$PAGES_CONTAINER.1.1.$SITE_PAGES.$c1pg6.1.$i2k4vh7w.1\">\n<div id=\"i2k4vh7w\" class=\"s32\" data-reactid=\".0.$SITE_ROOT.$desktop_siteRoot.$PAGES_CONTAINER.1.1.$SITE_PAGES.$c1pg6.1.$i2k4vh7w\">\n<div id=\"i2k4vh7winlineContent\" class=\"s32inlineContent\" data-reactid=\".0.$SITE_ROOT.$desktop_siteRoot.$PAGES_CONTAINER.1.1.$SITE_PAGES.$c1pg6.1.$i2k4vh7w.1\">\n<div id=\"i2k4vh7w\" class=\"s32\" data-reactid=\".0.$SITE_ROOT.$desktop_siteRoot.$PAGES_CONTAINER.1.1.$SITE_PAGES.$c1pg6.1.$i2k4vh7w\">\n<div id=\"i2k4vh7winlineContent\" class=\"s32inlineContent\" data-reactid=\".0.$SITE_ROOT.$desktop_siteRoot.$PAGES_CONTAINER.1.1.$SITE_PAGES.$c1pg6.1.$i2k4vh7w.1\">\n<h2 style=\"text-align: center;\"><strong>Rada Rodzic\u00f3w<\/strong><\/h2>\n<h2 style=\"text-align: center;\"><strong>przy Zespole Szk\u00f3\u0142 Og\u00f3lnokszta\u0142c\u0105cych Nr 4<\/strong><\/h2>\n<h2 id=\"i2k4w44o\" class=\"s4\" style=\"text-align: center;\" data-reactid=\".0.$SITE_ROOT.$desktop_siteRoot.$PAGES_CONTAINER.1.1.$SITE_PAGES.$c1pg6.1.$i2k4vh7w.1.$i2k4w44o\"><strong>w Szczecinie<\/strong><\/h2>\n<hr \/>\n<div data-reactid=\".0.$SITE_ROOT.$desktop_siteRoot.$PAGES_CONTAINER.1.1.$SITE_PAGES.$c1pg6.1.$i2k4vh7w.1.$i2k4w44o\">\n<h2 style=\"text-align: center;\"><strong>Prezydium Rady Rodzic\u00f3w w roku szkolnym 2023\/2024<\/strong><\/h2>\n<blockquote><p>Przewodnicz\u0105ca:\u00a0Katarzyna\u00a0Sztukiewicz-Pietrus<\/p>\n<p>I\u00a0wiceprzewodnicz\u0105ca:\u00a0Ma\u0142gorzata\u00a0Malinowska<\/p>\n<p>II\u00a0wiceprzewodnicz\u0105ca:\u00a0Agnieszka\u00a0Urbaniak<\/p>\n<p>Skarbnik:\u00a0Katarzyna\u00a0Pas\u0142awska<\/p><\/blockquote>\n<hr \/>\n<\/div>\n<div class=\"s4\" data-reactid=\".0.$SITE_ROOT.$desktop_siteRoot.$PAGES_CONTAINER.1.1.$SITE_PAGES.$c1pg6.1.$i2k4vh7w.1.$i2k4w44o\">\n<p>W celu skontaktowania si\u0119 z Rad\u0105 Rodzic\u00f3w, wszelk\u0105\u00a0korespondencj\u0119 prosimy przesy\u0142a\u0107 poczt\u0105 elektroniczn\u0105 na adres:<\/p>\n<\/div>\n<div class=\"s4\" data-reactid=\".0.$SITE_ROOT.$desktop_siteRoot.$PAGES_CONTAINER.1.1.$SITE_PAGES.$c1pg6.1.$i2k4vh7w.1.$i2k4w44o\">\n<p><span style=\"color: #000080;\"><strong>Kontakt e-mail: rada_rodzicow@zso4.szczecin.pl\u00a0<\/strong><\/span><\/p>\n<p><strong><em>Rada Rodzic\u00f3w<\/em><\/strong><em> jest samorz\u0105dnym przedstawicielem wszystkich rodzic\u00f3w (opiekun\u00f3w prawnych) uczni\u00f3w Szko\u0142y wsp\u00f3\u0142dzia\u0142aj\u0105cym z Dyrektorem Szko\u0142y, Rad\u0105 Pedagogiczn\u0105, Rad\u0105 Samorz\u0105du Uczniowskiego, organami nadzoruj\u0105cymi oraz organizacjami i instytucjami w realizacji zada\u0144 Szko\u0142y. <\/em><\/p>\n<p><em>Celem Rady Rodzic\u00f3w jest: <\/em><\/p>\n<ul>\n<li><em>reprezentowanie og\u00f3\u0142u rodzic\u00f3w (opiekun\u00f3w prawnych) uczni\u00f3w Szko\u0142y, <\/em><\/li>\n<li><em>wspomaganie dzia\u0142alno\u015bci Szko\u0142y w zakresie doskonalenia procesu wychowawczego i dydaktycznego, poprawy warunk\u00f3w technicznych i wyposa\u017cenia, udzielania pomocy materialnej uczniom, <\/em><\/li>\n<li><em>aktywizowanie og\u00f3\u0142u rodzic\u00f3w (opiekun\u00f3w prawnych) do czynnego udzia\u0142u w realizacji nauczania, wychowania i opieki oraz udzielania w tym zakresie pomocy Szkole, <\/em><\/li>\n<li><em>tworzenie w\u0142a\u015bciwego klimatu spo\u0142ecznego i warunk\u00f3w materialnych do funkcjonowania Szko\u0142y. <\/em><\/li>\n<\/ul>\n<p><strong>Informujemy, \u017ce sk\u0142adka na rok szkolny 2023\/2024 na rzecz\u00a0funduszu Rady Rodzic\u00f3w wynosi\u00a0100,00 z\u0142 na pierwsze dziecko oraz 50,00 z\u0142 na drugie i kolejne dziecko ucz\u0119szczaj\u0105ce do ZSO Nr 4 w Szczecinie.<\/strong><\/p>\n<p>Sk\u0142adki, jakie wp\u0142acacie Pa\u0144stwo na Rad\u0119 Rodzic\u00f3w przeznaczane s\u0105 mi\u0119dzy innymi na:<\/p>\n<ul>\n<li>dofinansowanie zaj\u0119\u0107 pozalekcyjnych w formie materia\u0142\u00f3w edukacyjnych i sprz\u0119towych,<\/li>\n<li>dofinansowanie imprez szkolnych o charakterze kulturalnym lub o\u015bwiatowym,<\/li>\n<li>wspomaganie uczni\u00f3w znajduj\u0105cych si\u0119 w trudnej sytuacji materialnej,<\/li>\n<li>zakup pomocy dydaktycznych i naukowych,<\/li>\n<li>nagrody dla uczni\u00f3w za wyniki w nauce i osi\u0105gni\u0119cia w konkursach,<\/li>\n<li>promocje szko\u0142y,<\/li>\n<li>dofinansowanie potrzeb okre\u015blonych przez Samorz\u0105d Uczniowski,<\/li>\n<li>koszty zwi\u0105zane z dzia\u0142alno\u015bci\u0105 Rady Rodzic\u00f3w,<\/li>\n<li>inne cele wynikaj\u0105ce z zada\u0144 Rady Rodzic\u00f3w.<\/li>\n<\/ul>\n<p>&nbsp;<\/p>\n<blockquote><p>Sk\u0142adk\u0119 na fundusz Rady Rodzic\u00f3w mo\u017cna wp\u0142aci\u0107:<\/p>\n<p>1.przelewem na rachunek bankowy Rady Rodzic\u00f3w:<\/p>\n<h3><span style=\"color: #000080;\"><strong>Nr konta bankowego: \u00a026124039271111001109630918 <\/strong><\/span><strong><span style=\"color: #000080;\">Bank Pekao S.A.<\/span><\/strong><\/h3>\n<p>(w tre\u015bci przelewu prosz\u0119 wpisa\u0107: sk\u0142adka na Rad\u0119 Rodzic\u00f3w, imi\u0119 i nazwisko ucznia, klasa)<\/p>\n<p>2. got\u00f3wk\u0105 w dniu zebrania z rodzicami, b\u0105d\u017a u wychowawcy klasy &#8211; w przypadku braku mo\u017cliwo\u015bci p\u0142atno\u015bci przelewem.<\/p>\n<p style=\"text-align: right;\"><span style=\"text-align: right; font-weight: inherit;\">Dzi\u0119kujemy za wp\u0142aty!\u00a0<\/span><\/p>\n<\/blockquote>\n<\/div>\n<div class=\"s4\" style=\"padding-left: 40px;\" data-reactid=\".0.$SITE_ROOT.$desktop_siteRoot.$PAGES_CONTAINER.1.1.$SITE_PAGES.$c1pg6.1.$i2k4vh7w.1.$i2k4w44o\">\n<p>&nbsp;<\/p>\n<\/div>\n<blockquote>\n<div class=\"s4\" data-reactid=\".0.$SITE_ROOT.$desktop_siteRoot.$PAGES_CONTAINER.1.1.$SITE_PAGES.$c1pg6.1.$i2k4vh7w.1.$i2k4w44o\">\n<p style=\"text-align: center;\"><u>Prezydium Rady Rodzic\u00f3w w roku szkolnym 2023\/2024: <\/u><\/p>\n<p>Przewodnicz\u0105ca \u2013 Katarzyna Sztukiewicz-Pietrus<\/p>\n<p>I wiceprzewodnicz\u0105ca \u00a0\u2013\u00a0 Ma\u0142gorzata Malinowska<\/p>\n<p>II wiceprzewodnicz\u0105ca \u2013\u00a0 Agnieszka Szcz\u0119sna-Urbaniak<\/p>\n<p>Skarbnik \u2013\u00a0 Katarzyna Pas\u0142awska<\/p>\n<p>Sekretarz &#8211; Ma\u0142gorzata Dembi\u0144ska<\/p>\n<p style=\"text-align: center;\"><u>Komisja Rewizyjna <\/u><u>w roku szkolnym 2023\/2024: <\/u><\/p>\n<p>Przewodnicz\u0105cy \u2013 Sylwester Chruszcz<\/p>\n<p>Cz\u0142onek \u2013 Joanna Hildebrandt<\/p>\n<p>Cz\u0142onek \u2013Daniel Hoff<\/p>\n<\/div>\n<\/blockquote>\n<\/div>\n<\/div>\n<div id=\"i2k52ind\" class=\"s32\" data-reactid=\".0.$SITE_ROOT.$desktop_siteRoot.$PAGES_CONTAINER.1.1.$SITE_PAGES.$c1pg6.1.$i2k52ind\">\n<div id=\"i2k52indinlineContent\" class=\"s32inlineContent\" data-reactid=\".0.$SITE_ROOT.$desktop_siteRoot.$PAGES_CONTAINER.1.1.$SITE_PAGES.$c1pg6.1.$i2k52ind.1\">\n<blockquote>\n<h2>Dokumenty<\/h2>\n<p><span style=\"color: #000080;\"><a style=\"color: #000080;\" href=\"http:\/\/zso4.szczecin.pl\/podstawowka\/wp-content\/uploads\/sites\/3\/2023\/10\/Regulamin-Rady-Rodzicow.pdf\">Regulamin Rady Rodzic\u00f3w pdf.<\/a><\/span><\/p>\n<p><span style=\"color: #000080;\"><a style=\"color: #000080;\" href=\"http:\/\/zso4.szczecin.pl\/rada-rodzicow\/tryb-skladania-wnioskow-do-rady-rodzicow\/\" target=\"_blank\" rel=\"attachment noopener wp-att-2925\">Tryb sk\u0142adania wniosk\u00f3w do Rady Rodzic\u00f3w<\/a><\/span><\/p>\n<p><span style=\"color: #000080;\"><a style=\"color: #000080;\" href=\"http:\/\/zso4.szczecin.pl\/podstawowka\/wp-content\/uploads\/sites\/3\/2023\/12\/Wzor_wniosek-do-Rady_Rodzicow.pdf\">Wz\u00f3r wniosek do Rady_Rodzic\u00f3w pdf<\/a><\/span><\/p><\/blockquote>\n<\/div>\n<\/div>\n<\/div>\n<\/div>\n<\/div>\n<\/div>\n","protected":false},"excerpt":{"rendered":"<p>Rada Rodzic\u00f3w przy Zespole Szk\u00f3\u0142 Og\u00f3lnokszta\u0142c\u0105cych Nr 4 w Szczecinie Prezydium Rady Rodzic\u00f3w w roku szkolnym 2023\/2024 Przewodnicz\u0105ca:\u00a0Katarzyna\u00a0Sztukiewicz-Pietrus I\u00a0wiceprzewodnicz\u0105ca:\u00a0Ma\u0142gorzata\u00a0Malinowska II\u00a0wiceprzewodnicz\u0105ca:\u00a0Agnieszka\u00a0Urbaniak Skarbnik:\u00a0Katarzyna\u00a0Pas\u0142awska W celu skontaktowania si\u0119 z Rad\u0105 Rodzic\u00f3w, wszelk\u0105\u00a0korespondencj\u0119 prosimy przesy\u0142a\u0107 poczt\u0105 elektroniczn\u0105 na adres: Kontakt e-mail: rada_rodzicow@zso4.szczecin.pl\u00a0 Rada Rodzic\u00f3w jest samorz\u0105dnym przedstawicielem wszystkich rodzic\u00f3w (opiekun\u00f3w prawnych) uczni\u00f3w Szko\u0142y wsp\u00f3\u0142dzia\u0142aj\u0105cym z Dyrektorem Szko\u0142y, Rad\u0105 Pedagogiczn\u0105, [&hellip;]<\/p>\n","protected":false},"author":1,"featured_media":0,"parent":0,"menu_order":0,"comment_status":"closed","ping_status":"closed","template":"","meta":{"_exactmetrics_skip_tracking":false,"_exactmetrics_sitenote_active":false,"_exactmetrics_sitenote_note":"","_exactmetrics_sitenote_category":0},"_links":{"self":[{"href":"https:\/\/zso4.szczecin.pl\/podstawowka\/wp-json\/wp\/v2\/pages\/40"}],"collection":[{"href":"https:\/\/zso4.szczecin.pl\/podstawowka\/wp-json\/wp\/v2\/pages"}],"about":[{"href":"https:\/\/zso4.szczecin.pl\/podstawowka\/wp-json\/wp\/v2\/types\/page"}],"author":[{"embeddable":true,"href":"https:\/\/zso4.szczecin.pl\/podstawowka\/wp-json\/wp\/v2\/users\/1"}],"replies":[{"embeddable":true,"href":"https:\/\/zso4.szczecin.pl\/podstawowka\/wp-json\/wp\/v2\/comments?post=40"}],"version-history":[{"count":26,"href":"https:\/\/zso4.szczecin.pl\/podstawowka\/wp-json\/wp\/v2\/pages\/40\/revisions"}],"predecessor-version":[{"id":7320,"href":"https:\/\/zso4.szczecin.pl\/podstawowka\/wp-json\/wp\/v2\/pages\/40\/revisions\/7320"}],"wp:attachment":[{"href":"https:\/\/zso4.szczecin.pl\/podstawowka\/wp-json\/wp\/v2\/media?parent=40"}],"curies":[{"name":"wp","href":"https:\/\/api.w.org\/{rel}","templated":true}]}}