{"id":38,"date":"2017-03-14T12:54:13","date_gmt":"2017-03-14T11:54:13","guid":{"rendered":"http:\/\/zsoszczevi.cluster023.hosting.ovh.net\/gimnazjum\/?page_id=38"},"modified":"2023-09-04T14:24:17","modified_gmt":"2023-09-04T12:24:17","slug":"pedagog-2","status":"publish","type":"page","link":"https:\/\/zso4.szczecin.pl\/podstawowka\/pedagog-2\/","title":{"rendered":"PEDAGOG"},"content":{"rendered":"<p><strong>El\u017cbieta Swinarska &#8211; pedagog szkolny<\/strong><\/p>\n<p>tel.: 91 43 94 052 w 44<\/p>\n<p>e-mail eswinarska@zso4.szczecin.pl<\/p>\n<table>\n<tbody>\n<tr>\n<td width=\"172\"><strong>Poniedzia\u0142ek<\/strong><\/td>\n<td width=\"172\"><strong>Wtorek<\/strong><\/td>\n<td width=\"172\"><strong>\u015aroda <\/strong><\/td>\n<td width=\"172\"><strong>Czwartek<\/strong><\/td>\n<td width=\"172\"><strong>Pi\u0105tek<\/strong><\/td>\n<\/tr>\n<tr>\n<td width=\"172\"><\/td>\n<td width=\"172\"><\/td>\n<td width=\"172\"><\/td>\n<td width=\"172\"><\/td>\n<td width=\"172\"><\/td>\n<\/tr>\n<\/tbody>\n<\/table>\n<p>&nbsp;<\/p>\n<p><strong>Aleksandra G\u0105siorowska-Duliba &#8211; psycholog<\/strong><\/p>\n<p>tel.: 91 43 94 052 w 44<\/p>\n<p>e-mail agasiorowskaduliba@zso4.szczecin.pl<\/p>\n<table>\n<tbody>\n<tr>\n<td width=\"172\"><strong>Poniedzia\u0142ek<\/strong><\/td>\n<td width=\"172\"><strong>Wtorek<\/strong><\/td>\n<td width=\"172\"><strong>\u015aroda <\/strong><\/td>\n<td width=\"172\"><strong>Czwartek<\/strong><\/td>\n<td width=\"172\"><strong>Pi\u0105tek<\/strong><\/td>\n<\/tr>\n<tr>\n<td width=\"172\"><\/td>\n<td width=\"172\"><\/td>\n<td width=\"172\"><\/td>\n<td width=\"172\"><\/td>\n<td width=\"172\"><\/td>\n<\/tr>\n<\/tbody>\n<\/table>\n<p><strong>Anna Jodko &#8211; pedagog specjalny<\/strong><\/p>\n<p>tel.: 91 43 94 052 w 44<\/p>\n<p>e-mail ajodko@zso4.szczecin.pl<\/p>\n<table>\n<tbody>\n<tr>\n<td width=\"172\"><strong>Poniedzia\u0142ek<\/strong><\/td>\n<td width=\"172\"><strong>Wtorek<\/strong><\/td>\n<td width=\"172\"><strong>\u015aroda <\/strong><\/td>\n<td width=\"172\"><strong>Czwartek<\/strong><\/td>\n<td width=\"172\"><strong>Pi\u0105tek<\/strong><\/td>\n<\/tr>\n<tr>\n<td width=\"172\"><\/td>\n<td width=\"172\"><\/td>\n<td width=\"172\"><\/td>\n<td width=\"172\"><\/td>\n<td width=\"172\"><\/td>\n<\/tr>\n<\/tbody>\n<\/table>\n","protected":false},"excerpt":{"rendered":"<p>El\u017cbieta Swinarska &#8211; pedagog szkolny tel.: 91 43 94 052 w 44 e-mail eswinarska@zso4.szczecin.pl Poniedzia\u0142ek Wtorek \u015aroda Czwartek Pi\u0105tek &nbsp; Aleksandra G\u0105siorowska-Duliba &#8211; psycholog tel.: 91 43 94 052 w 44 e-mail agasiorowskaduliba@zso4.szczecin.pl Poniedzia\u0142ek Wtorek \u015aroda Czwartek Pi\u0105tek Anna Jodko &#8211; pedagog specjalny tel.: 91 43 94 052 w 44 e-mail ajodko@zso4.szczecin.pl Poniedzia\u0142ek Wtorek \u015aroda [&hellip;]<\/p>\n","protected":false},"author":1,"featured_media":0,"parent":0,"menu_order":0,"comment_status":"closed","ping_status":"closed","template":"","meta":{"_exactmetrics_skip_tracking":false,"_exactmetrics_sitenote_active":false,"_exactmetrics_sitenote_note":"","_exactmetrics_sitenote_category":0},"_links":{"self":[{"href":"https:\/\/zso4.szczecin.pl\/podstawowka\/wp-json\/wp\/v2\/pages\/38"}],"collection":[{"href":"https:\/\/zso4.szczecin.pl\/podstawowka\/wp-json\/wp\/v2\/pages"}],"about":[{"href":"https:\/\/zso4.szczecin.pl\/podstawowka\/wp-json\/wp\/v2\/types\/page"}],"author":[{"embeddable":true,"href":"https:\/\/zso4.szczecin.pl\/podstawowka\/wp-json\/wp\/v2\/users\/1"}],"replies":[{"embeddable":true,"href":"https:\/\/zso4.szczecin.pl\/podstawowka\/wp-json\/wp\/v2\/comments?post=38"}],"version-history":[{"count":19,"href":"https:\/\/zso4.szczecin.pl\/podstawowka\/wp-json\/wp\/v2\/pages\/38\/revisions"}],"predecessor-version":[{"id":6631,"href":"https:\/\/zso4.szczecin.pl\/podstawowka\/wp-json\/wp\/v2\/pages\/38\/revisions\/6631"}],"wp:attachment":[{"href":"https:\/\/zso4.szczecin.pl\/podstawowka\/wp-json\/wp\/v2\/media?parent=38"}],"curies":[{"name":"wp","href":"https:\/\/api.w.org\/{rel}","templated":true}]}}