{"id":33,"date":"2017-03-14T12:48:20","date_gmt":"2017-03-14T11:48:20","guid":{"rendered":"http:\/\/zsoszczevi.cluster023.hosting.ovh.net\/gimnazjum\/?page_id=33"},"modified":"2023-09-25T21:17:50","modified_gmt":"2023-09-25T19:17:50","slug":"biblioteka","status":"publish","type":"page","link":"https:\/\/zso4.szczecin.pl\/podstawowka\/biblioteka\/","title":{"rendered":"BIBLIOTEKA"},"content":{"rendered":"<div id=\"i2sth3ui\" class=\"s8\" title=\"\" data-exact-height=\"601\" data-content-padding-horizontal=\"0\" data-content-padding-vertical=\"0\" data-reactid=\".0.$SITE_ROOT.$desktop_siteRoot.$PAGES_CONTAINER.1.1.$SITE_PAGES.$c1v00.1.$i2sth3ui\">\n<div id=\"i2sth3uilink\" class=\"s8link\" data-reactid=\".0.$SITE_ROOT.$desktop_siteRoot.$PAGES_CONTAINER.1.1.$SITE_PAGES.$c1v00.1.$i2sth3ui.0\"><\/div>\n<\/div>\n<h2 id=\"i1qdaqvy\" class=\"s91\" data-reactid=\".0.$SITE_ROOT.$desktop_siteRoot.$PAGES_CONTAINER.1.1.$SITE_PAGES.$c1v00.1.$i1qdaqvy\"><span style=\"font-weight: inherit;\">GODZINY OTWARCIA BIBLIOTEKI<\/span><\/h2>\n<div id=\"i2awc0gw\" class=\"s4\" data-reactid=\".0.$SITE_ROOT.$desktop_siteRoot.$PAGES_CONTAINER.1.1.$SITE_PAGES.$c1v00.1.$i2awc0gw\">\n<blockquote>\n<h2 class=\"font_8\">poniedzia\u0142ek<br \/>\nwtorek<br \/>\n\u015broda<br \/>\nczwartek<br \/>\npi\u0105tek<\/h2>\n<\/blockquote>\n<\/div>\n<h2><\/h2>\n<hr \/>\n<h2><span style=\"color: #333399;\"><a style=\"color: #333399;\" href=\"http:\/\/zso4.szczecin.pl\/podstawowka\/wp-content\/uploads\/sites\/3\/2020\/09\/Regulamin-biblioteki-ZSO-nr-4.pdf\" target=\"_blank\" rel=\"noopener\">Regulamin biblioteki pdf.<\/a><\/span><\/h2>\n<h2><a href=\"http:\/\/zso4.szczecin.pl\/podstawowka\/wp-content\/uploads\/sites\/3\/2023\/09\/REGULAMIN_PODRECZNIKI-Z-DOTACJI-CELOWEJ-MEiN-1.pdf\">REGULAMIN_PODR\u0118CZNIKI-Z-DOTACJI-CELOWEJ-MEiN<\/a><\/h2>\n<hr \/>\n<h2><\/h2>\n<p><code><ul class=\"lcp_catlist\" id=\"lcp_instance_0\"><li><a href=\"https:\/\/zso4.szczecin.pl\/podstawowka\/2021\/11\/22\/literaccy-patroni-roku-2021\/\">Literaccy patroni roku 2021<\/a><\/li><li><a href=\"https:\/\/zso4.szczecin.pl\/podstawowka\/2023\/01\/15\/pasowanie-na-czytelnika\/\">PASOWANIE NA CZYTELNIKA<\/a><\/li><\/ul><\/code><\/p>\n","protected":false},"excerpt":{"rendered":"<p>GODZINY OTWARCIA BIBLIOTEKI poniedzia\u0142ek wtorek \u015broda czwartek pi\u0105tek Regulamin biblioteki pdf. REGULAMIN_PODR\u0118CZNIKI-Z-DOTACJI-CELOWEJ-MEiN<\/p>\n","protected":false},"author":1,"featured_media":136,"parent":0,"menu_order":0,"comment_status":"closed","ping_status":"closed","template":"","meta":{"_exactmetrics_skip_tracking":false,"_exactmetrics_sitenote_active":false,"_exactmetrics_sitenote_note":"","_exactmetrics_sitenote_category":0},"_links":{"self":[{"href":"https:\/\/zso4.szczecin.pl\/podstawowka\/wp-json\/wp\/v2\/pages\/33"}],"collection":[{"href":"https:\/\/zso4.szczecin.pl\/podstawowka\/wp-json\/wp\/v2\/pages"}],"about":[{"href":"https:\/\/zso4.szczecin.pl\/podstawowka\/wp-json\/wp\/v2\/types\/page"}],"author":[{"embeddable":true,"href":"https:\/\/zso4.szczecin.pl\/podstawowka\/wp-json\/wp\/v2\/users\/1"}],"replies":[{"embeddable":true,"href":"https:\/\/zso4.szczecin.pl\/podstawowka\/wp-json\/wp\/v2\/comments?post=33"}],"version-history":[{"count":11,"href":"https:\/\/zso4.szczecin.pl\/podstawowka\/wp-json\/wp\/v2\/pages\/33\/revisions"}],"predecessor-version":[{"id":6762,"href":"https:\/\/zso4.szczecin.pl\/podstawowka\/wp-json\/wp\/v2\/pages\/33\/revisions\/6762"}],"wp:featuredmedia":[{"embeddable":true,"href":"https:\/\/zso4.szczecin.pl\/podstawowka\/wp-json\/wp\/v2\/media\/136"}],"wp:attachment":[{"href":"https:\/\/zso4.szczecin.pl\/podstawowka\/wp-json\/wp\/v2\/media?parent=33"}],"curies":[{"name":"wp","href":"https:\/\/api.w.org\/{rel}","templated":true}]}}