{"id":26,"date":"2017-03-14T12:40:25","date_gmt":"2017-03-14T11:40:25","guid":{"rendered":"http:\/\/zsoszczevi.cluster023.hosting.ovh.net\/gimnazjum\/?page_id=26"},"modified":"2022-09-05T15:51:54","modified_gmt":"2022-09-05T13:51:54","slug":"pedagog","status":"publish","type":"page","link":"https:\/\/zso4.szczecin.pl\/podstawowka\/pedagog\/","title":{"rendered":"PIEL\u0118GNIARKA"},"content":{"rendered":"<h2>Godziny przyj\u0119\u0107<\/h2>\n<table>\n<tbody>\n<tr>\n<td width=\"172\"><strong>Poniedzia\u0142ek<\/strong><\/td>\n<td width=\"172\"><strong>Wtorek<\/strong><\/td>\n<td width=\"172\"><strong>\u015aroda <\/strong><\/td>\n<td width=\"172\"><strong>Czwartek<\/strong><\/td>\n<td width=\"172\"><strong>Pi\u0105tek<\/strong><\/td>\n<\/tr>\n<tr>\n<td width=\"172\">7:30-15:00<\/p>\n<p>Budynek g\u0142\u00f3wny<\/td>\n<td width=\"172\">7:30-15:00<\/p>\n<p>Nowy budynek<\/td>\n<td width=\"172\">7:30-15:00<\/p>\n<p>Budynek g\u0142\u00f3wny<\/td>\n<td width=\"172\">\n<p style=\"text-align: center;\">&#8211;<\/p>\n<\/td>\n<td width=\"172\">\n<p style=\"text-align: center;\">&#8211;<\/p>\n<\/td>\n<\/tr>\n<\/tbody>\n<\/table>\n","protected":false},"excerpt":{"rendered":"<p>Godziny przyj\u0119\u0107 Poniedzia\u0142ek Wtorek \u015aroda Czwartek Pi\u0105tek 7:30-15:00 Budynek g\u0142\u00f3wny 7:30-15:00 Nowy budynek 7:30-15:00 Budynek g\u0142\u00f3wny &#8211; &#8211;<\/p>\n","protected":false},"author":1,"featured_media":0,"parent":0,"menu_order":0,"comment_status":"closed","ping_status":"closed","template":"","meta":{"_exactmetrics_skip_tracking":false,"_exactmetrics_sitenote_active":false,"_exactmetrics_sitenote_note":"","_exactmetrics_sitenote_category":0},"_links":{"self":[{"href":"https:\/\/zso4.szczecin.pl\/podstawowka\/wp-json\/wp\/v2\/pages\/26"}],"collection":[{"href":"https:\/\/zso4.szczecin.pl\/podstawowka\/wp-json\/wp\/v2\/pages"}],"about":[{"href":"https:\/\/zso4.szczecin.pl\/podstawowka\/wp-json\/wp\/v2\/types\/page"}],"author":[{"embeddable":true,"href":"https:\/\/zso4.szczecin.pl\/podstawowka\/wp-json\/wp\/v2\/users\/1"}],"replies":[{"embeddable":true,"href":"https:\/\/zso4.szczecin.pl\/podstawowka\/wp-json\/wp\/v2\/comments?post=26"}],"version-history":[{"count":12,"href":"https:\/\/zso4.szczecin.pl\/podstawowka\/wp-json\/wp\/v2\/pages\/26\/revisions"}],"predecessor-version":[{"id":4347,"href":"https:\/\/zso4.szczecin.pl\/podstawowka\/wp-json\/wp\/v2\/pages\/26\/revisions\/4347"}],"wp:attachment":[{"href":"https:\/\/zso4.szczecin.pl\/podstawowka\/wp-json\/wp\/v2\/media?parent=26"}],"curies":[{"name":"wp","href":"https:\/\/api.w.org\/{rel}","templated":true}]}}