{"id":1126,"date":"2018-03-01T23:04:16","date_gmt":"2018-03-01T22:04:16","guid":{"rendered":"http:\/\/zso4.szczecin.pl\/podstawowka\/?page_id=1126"},"modified":"2024-05-08T11:33:37","modified_gmt":"2024-05-08T09:33:37","slug":"szkolny-oddzial-przedszkolny","status":"publish","type":"page","link":"https:\/\/zso4.szczecin.pl\/podstawowka\/szkolny-oddzial-przedszkolny\/","title":{"rendered":"Szkolny oddzia\u0142 przedszkolny"},"content":{"rendered":"<blockquote>\n<h3><a href=\"http:\/\/zso4.szczecin.pl\/podstawowka\/wp-content\/uploads\/sites\/3\/2024\/02\/Terminyrekrutacjidoprzedszkolipublicznychioddzialowprzedszkolnychwpublicznychszkolachpodstawowych.pdf\" target=\"_blank\" rel=\"noopener\">Terminy rekrutacji do przedszkoli publicznych i oddzia\u0142\u00f3w przedszkolnych w publicznych szko\u0142ach podstawowych<\/a><\/h3>\n<\/blockquote>\n<p>&nbsp;<\/p>\n<blockquote><p><span style=\"color: #000080;\">Potwierdzenie woli do oddzia\u0142u przedszkolnego<\/span><\/p>\n<p><span style=\"color: #000080;\">Informacja dla rodzic\u00f3w odno\u015bnie do potwierdzenia woli<\/span><\/p>\n<p><span style=\"color: #000080;\"><a style=\"color: #000080;\" role=\"link\" href=\"http:\/\/zso4.szczecin.pl\/podstawowka\/wp-content\/uploads\/sites\/3\/2020\/03\/Informacja-o-przetwarzaniu-danych-osobowych.pdf\" target=\"_blank\" rel=\"noopener\">Informacja o przetwarzaniu danych osobowych<\/a><\/span><\/p><\/blockquote>\n<p>&nbsp;<\/p>\n<blockquote><p><span style=\"color: #333399;\"><a style=\"color: #333399;\" href=\"http:\/\/zso4.szczecin.pl\/podstawowka\/wp-content\/uploads\/sites\/3\/2020\/03\/O\u015bwiadczenie-o-zatrudnieniu.pdf\" target=\"_blank\" rel=\"noopener\">Za\u0142\u0105cznik Nr 1 &#8211; o\u015bwiadczenie o zatrudnieniu &#8211; uczeniu si\u0119 w trybie dziennym dziennym<\/a><\/span><\/p>\n<p><span style=\"color: #333399;\"><a style=\"color: #333399;\" href=\"http:\/\/zso4.szczecin.pl\/podstawowka\/wp-content\/uploads\/sites\/3\/2020\/03\/O\u015bwiadczenie-o-kontynuowaniu-nauki.pdf\" target=\"_blank\" rel=\"noopener\">Za\u0142\u0105cznik Nr 2 &#8211; kontynuacja edukacji przedszkolnej przez rodze\u0144stwo<\/a><\/span><\/p>\n<p><span style=\"color: #333399;\"><a style=\"color: #333399;\" href=\"http:\/\/zso4.szczecin.pl\/podstawowka\/wp-content\/uploads\/sites\/3\/2020\/03\/O\u015bwiadczenie-o-pracy-w-pobli\u017cu-szko\u0142y.pdf\" target=\"_blank\" rel=\"noopener\">Za\u0142\u0105cznik Nr 3 &#8211; zatrudnienie &#8211; uczenie si\u0119 w trybie dziennym w pobli\u017cu przedszkola &#8211; sp<\/a><\/span><\/p>\n<p><span style=\"color: #333399;\"><a style=\"color: #333399;\" href=\"http:\/\/zso4.szczecin.pl\/podstawowka\/wp-content\/uploads\/sites\/3\/2020\/03\/O\u015bwiadczenie-o-zamieszkaniu-na-terenie-gminy-miasta-Szczecin.pdf\" target=\"_blank\" rel=\"noopener\">Za\u0142\u0105cznik Nr 4 &#8211; zamieszkiwanie i p\u0142acenie podatku w Szczecinie<\/a><\/span><\/p>\n<p><span style=\"color: #333399;\"><a style=\"color: #333399;\" href=\"http:\/\/zso4.szczecin.pl\/podstawowka\/wp-content\/uploads\/sites\/3\/2020\/03\/O\u015bwiadczenie-o-zatrudnieniu-1.pdf\" target=\"_blank\" rel=\"noopener\">Za\u0142\u0105cznik Nr 5 &#8211; o\u015bwiadczenie o zatrudnieniu<\/a><\/span><\/p>\n<p><span style=\"color: #333399;\"><a style=\"color: #333399;\" href=\"http:\/\/zso4.szczecin.pl\/podstawowka\/wp-content\/uploads\/sites\/3\/2020\/03\/O\u015bwiadczenie-o-obowi\u0105zkowych-szczepieniach-dziecka.pdf\" target=\"_blank\" rel=\"noopener\">Za\u0142\u0105cznik Nr 6 &#8211; o\u015bwiadczenie o obowi\u0105zkowych szczepieniach dziecka<\/a><\/span><\/p>\n<p><span style=\"color: #333399;\"><a style=\"color: #333399;\" href=\"http:\/\/zso4.szczecin.pl\/podstawowka\/wp-content\/uploads\/sites\/3\/2020\/03\/o-wielodzietno\u015bci-rodziny-kandydata.pdf\" target=\"_blank\" rel=\"noopener\">Za\u0142\u0105cznik Nr 7 &#8211; o\u015bwiadczenie o wielodzietno\u015bci rodziny kandydata<\/a><\/span><\/p>\n<p><span style=\"color: #333399;\"><a style=\"color: #333399;\" href=\"http:\/\/zso4.szczecin.pl\/podstawowka\/wp-content\/uploads\/sites\/3\/2020\/03\/o-samotnym-wychowywaniu-dziecka-oraz-niewychowywaniu-\u017cadnego-dziecka-wsp\u00f3lnie-z-jego-rodzicem.pdf\" target=\"_blank\" rel=\"noopener\">Za\u0142\u0105cznik Nr 8 &#8211; o\u015bwiadczenie o samotnym wychowywaniu dziecka oraz niewychowywaniu \u017cadnego dziecka wsp\u00f3lnie z jego rodzicem<\/a><\/span><\/p><\/blockquote>\n<p>&nbsp;<\/p>\n<p>&nbsp;<\/p>\n<p>Podstawowe zadanie zer\u00f3wki opiera si\u0119 na pod\u0105\u017caniu za dzieckiem, wspieraniu harmonijnego rozwoju, w trosce o jego bezpiecze\u0144stwo i dobro. Grupa przedszkolna ma do dyspozycji przestrzenn\u0105 sale, dostosowan\u0105 do potrzeb najm\u0142odszych. Jest ona podzielona na k\u0105ciki zainteresowa\u0144, wyposa\u017cona w r\u00f3\u017cnorodne zabawki i pomoce dydaktyczne, kt\u00f3re zach\u0119caj\u0105 naszych podopiecznych do eksperymentowania, tworzenia, nauki i zabawy. Klasa wyposa\u017cona jest w tablic\u0119 multimedialn\u0105. Dzi\u0119ki temu przedszkolaki maj\u0105 szans\u0119 w r\u00f3\u017cnorodny spos\u00f3b eksplorowa\u0107 rzeczywisto\u015b\u0107 oraz nabywa\u0107 kompetencje informatyczne. W ramach zaj\u0119\u0107 odbywaj\u0105 si\u0119 lekcje j\u0119zyka angielskiego oraz rytmika.<\/p>\n<p>Zach\u0119camy do odwiedzenia naszego fanpage na Facebooku<span style=\"color: #000080;\"><a style=\"color: #000080;\" href=\"https:\/\/www.facebook.com\/SP-2-w-Szczecinie-klasy-0-3-177308152929861\/?view_public_for=177308152929861\" target=\"_blank\" rel=\"noopener\">TU<\/a><\/span>.<\/p>\n<p><span style=\"color: #000080;\"><a style=\"color: #000080;\" href=\"http:\/\/zso4.szczecin.pl\/podstawowka\/kilka-slow-o-nas\/\">Kilka s\u0142\u00f3w o nas<\/a><\/span><\/p>\n<p><a style=\"font-weight: inherit;\" href=\"https:\/\/nabor.pcss.pl\/szczecin\/przedszkole\" target=\"_blank\" rel=\"noopener\"><img loading=\"lazy\" class=\"alignright wp-image-3440 size-full\" src=\"http:\/\/zso4.szczecin.pl\/podstawowka\/wp-content\/uploads\/sites\/3\/2020\/03\/unnamed.png\" alt=\"\" width=\"367\" height=\"163\" srcset=\"https:\/\/zso4.szczecin.pl\/podstawowka\/wp-content\/uploads\/sites\/3\/2020\/03\/unnamed.png 367w, https:\/\/zso4.szczecin.pl\/podstawowka\/wp-content\/uploads\/sites\/3\/2020\/03\/unnamed-300x133.png 300w\" sizes=\"(max-width: 367px) 100vw, 367px\" \/><\/a><\/p>\n","protected":false},"excerpt":{"rendered":"<p>Terminy rekrutacji do przedszkoli publicznych i oddzia\u0142\u00f3w przedszkolnych w publicznych szko\u0142ach podstawowych &nbsp; Potwierdzenie woli do oddzia\u0142u przedszkolnego Informacja dla rodzic\u00f3w odno\u015bnie do potwierdzenia woli Informacja o przetwarzaniu danych osobowych &nbsp; Za\u0142\u0105cznik Nr 1 &#8211; o\u015bwiadczenie o zatrudnieniu &#8211; uczeniu si\u0119 w trybie dziennym dziennym Za\u0142\u0105cznik Nr 2 &#8211; kontynuacja edukacji przedszkolnej przez rodze\u0144stwo Za\u0142\u0105cznik [&hellip;]<\/p>\n","protected":false},"author":1,"featured_media":0,"parent":0,"menu_order":0,"comment_status":"closed","ping_status":"closed","template":"","meta":{"_exactmetrics_skip_tracking":false,"_exactmetrics_sitenote_active":false,"_exactmetrics_sitenote_note":"","_exactmetrics_sitenote_category":0},"_links":{"self":[{"href":"https:\/\/zso4.szczecin.pl\/podstawowka\/wp-json\/wp\/v2\/pages\/1126"}],"collection":[{"href":"https:\/\/zso4.szczecin.pl\/podstawowka\/wp-json\/wp\/v2\/pages"}],"about":[{"href":"https:\/\/zso4.szczecin.pl\/podstawowka\/wp-json\/wp\/v2\/types\/page"}],"author":[{"embeddable":true,"href":"https:\/\/zso4.szczecin.pl\/podstawowka\/wp-json\/wp\/v2\/users\/1"}],"replies":[{"embeddable":true,"href":"https:\/\/zso4.szczecin.pl\/podstawowka\/wp-json\/wp\/v2\/comments?post=1126"}],"version-history":[{"count":43,"href":"https:\/\/zso4.szczecin.pl\/podstawowka\/wp-json\/wp\/v2\/pages\/1126\/revisions"}],"predecessor-version":[{"id":7689,"href":"https:\/\/zso4.szczecin.pl\/podstawowka\/wp-json\/wp\/v2\/pages\/1126\/revisions\/7689"}],"wp:attachment":[{"href":"https:\/\/zso4.szczecin.pl\/podstawowka\/wp-json\/wp\/v2\/media?parent=1126"}],"curies":[{"name":"wp","href":"https:\/\/api.w.org\/{rel}","templated":true}]}}