{"id":1102,"date":"2018-03-01T14:20:08","date_gmt":"2018-03-01T13:20:08","guid":{"rendered":"http:\/\/zso4.szczecin.pl\/podstawowka\/?page_id=1102"},"modified":"2018-03-01T14:38:22","modified_gmt":"2018-03-01T13:38:22","slug":"dokumenty-do-rekrutacji","status":"publish","type":"page","link":"https:\/\/zso4.szczecin.pl\/podstawowka\/dokumenty-do-rekrutacji\/","title":{"rendered":"Dokumenty do rekrutacji"},"content":{"rendered":"<p><a href=\"http:\/\/zso4.szczecin.pl\/podstawowka\/dokumenty-do-rekrutacji\/szczecin_7klasa_wniosek\/\" rel=\"attachment wp-att-1114\">Wniosek o przyj\u0119cie dziecka do klasy 7 pdf.<\/a><\/p>\n<p><a href=\"http:\/\/zso4.szczecin.pl\/podstawowka\/dokumenty-do-rekrutacji\/szczecin_7klasa_wniosek_zalacznik_zalacznik\/\" rel=\"attachment wp-att-1115\">Za\u0142\u0105cznik do wniosku o przyj\u0119cie dziecka do klasy 7 pdf.<\/a><\/p>\n<p>&nbsp;<\/p>\n<p><a href=\"https:\/\/nabor.pcss.pl\/szczecin\/\" target=\"_blank\" rel=\"noopener\"><img loading=\"lazy\" class=\"aligncenter wp-image-1087 size-medium\" src=\"http:\/\/zso4.szczecin.pl\/podstawowka\/wp-content\/uploads\/sites\/3\/2018\/02\/nabor-logo-300x100.png\" alt=\"\" width=\"300\" height=\"100\" \/><\/a><\/p>\n","protected":false},"excerpt":{"rendered":"<p>Wniosek o przyj\u0119cie dziecka do klasy 7 pdf. Za\u0142\u0105cznik do wniosku o przyj\u0119cie dziecka do klasy 7 pdf. &nbsp;<\/p>\n","protected":false},"author":1,"featured_media":0,"parent":0,"menu_order":0,"comment_status":"closed","ping_status":"closed","template":"","meta":{"_exactmetrics_skip_tracking":false,"_exactmetrics_sitenote_active":false,"_exactmetrics_sitenote_note":"","_exactmetrics_sitenote_category":0},"_links":{"self":[{"href":"https:\/\/zso4.szczecin.pl\/podstawowka\/wp-json\/wp\/v2\/pages\/1102"}],"collection":[{"href":"https:\/\/zso4.szczecin.pl\/podstawowka\/wp-json\/wp\/v2\/pages"}],"about":[{"href":"https:\/\/zso4.szczecin.pl\/podstawowka\/wp-json\/wp\/v2\/types\/page"}],"author":[{"embeddable":true,"href":"https:\/\/zso4.szczecin.pl\/podstawowka\/wp-json\/wp\/v2\/users\/1"}],"replies":[{"embeddable":true,"href":"https:\/\/zso4.szczecin.pl\/podstawowka\/wp-json\/wp\/v2\/comments?post=1102"}],"version-history":[{"count":4,"href":"https:\/\/zso4.szczecin.pl\/podstawowka\/wp-json\/wp\/v2\/pages\/1102\/revisions"}],"predecessor-version":[{"id":1118,"href":"https:\/\/zso4.szczecin.pl\/podstawowka\/wp-json\/wp\/v2\/pages\/1102\/revisions\/1118"}],"wp:attachment":[{"href":"https:\/\/zso4.szczecin.pl\/podstawowka\/wp-json\/wp\/v2\/media?parent=1102"}],"curies":[{"name":"wp","href":"https:\/\/api.w.org\/{rel}","templated":true}]}}