{"id":1100,"date":"2018-03-01T14:16:28","date_gmt":"2018-03-01T13:16:28","guid":{"rendered":"http:\/\/zso4.szczecin.pl\/podstawowka\/?page_id=1100"},"modified":"2018-03-01T14:17:49","modified_gmt":"2018-03-01T13:17:49","slug":"obwod-szkoly","status":"publish","type":"page","link":"https:\/\/zso4.szczecin.pl\/podstawowka\/obwod-szkoly\/","title":{"rendered":"Obw\u00f3d szko\u0142y"},"content":{"rendered":"<p><b>Granice obwodu szko\u0142y:<\/b><\/p>\n<p>B\u0142ogos\u0142awionej Ksi\u0119\u017cnej Jolanty ca\u0142a<br \/>\nBukietowa ca\u0142a<br \/>\nDrozdowa ca\u0142a<br \/>\nGrenadier\u00f3w ca\u0142a<br \/>\nKadet\u00f3w ca\u0142a<br \/>\nKaperska ca\u0142a<br \/>\nKirasjer\u00f3w ca\u0142a<br \/>\nKoralowa ca\u0142a<br \/>\nKrzekowska ca\u0142a<br \/>\nModra ca\u0142a<br \/>\nPodchor\u0105\u017cych ca\u0142a<br \/>\nPoranna ca\u0142a<br \/>\nRomera ca\u0142a<br \/>\nRozmarynowa ca\u0142a<br \/>\nSianokos\u00f3w ca\u0142a<br \/>\nSikorki ca\u0142a<\/p>\n<p>Sobieskiego ca\u0142a<br \/>\nSzeroka 39 &#8211; do ko\u0144ca<br \/>\n\u015arodkowa ca\u0142a<br \/>\nWronia 1 &#8211; 25<br \/>\nZa\u015bciankowa ca\u0142a<br \/>\n\u017bo\u0142nierska ca\u0142a<br \/>\n\u017byzna 32 &#8211; do ko\u0144ca<\/p>\n<p>&nbsp;<\/p>\n","protected":false},"excerpt":{"rendered":"<p>Granice obwodu szko\u0142y: B\u0142ogos\u0142awionej Ksi\u0119\u017cnej Jolanty ca\u0142a Bukietowa ca\u0142a Drozdowa ca\u0142a Grenadier\u00f3w ca\u0142a Kadet\u00f3w ca\u0142a Kaperska ca\u0142a Kirasjer\u00f3w ca\u0142a Koralowa ca\u0142a Krzekowska ca\u0142a Modra ca\u0142a Podchor\u0105\u017cych ca\u0142a Poranna ca\u0142a Romera ca\u0142a Rozmarynowa ca\u0142a Sianokos\u00f3w ca\u0142a Sikorki ca\u0142a Sobieskiego ca\u0142a Szeroka 39 &#8211; do ko\u0144ca \u015arodkowa ca\u0142a Wronia 1 &#8211; 25 Za\u015bciankowa ca\u0142a \u017bo\u0142nierska ca\u0142a \u017byzna [&hellip;]<\/p>\n","protected":false},"author":1,"featured_media":0,"parent":0,"menu_order":0,"comment_status":"closed","ping_status":"closed","template":"","meta":{"_exactmetrics_skip_tracking":false,"_exactmetrics_sitenote_active":false,"_exactmetrics_sitenote_note":"","_exactmetrics_sitenote_category":0},"_links":{"self":[{"href":"https:\/\/zso4.szczecin.pl\/podstawowka\/wp-json\/wp\/v2\/pages\/1100"}],"collection":[{"href":"https:\/\/zso4.szczecin.pl\/podstawowka\/wp-json\/wp\/v2\/pages"}],"about":[{"href":"https:\/\/zso4.szczecin.pl\/podstawowka\/wp-json\/wp\/v2\/types\/page"}],"author":[{"embeddable":true,"href":"https:\/\/zso4.szczecin.pl\/podstawowka\/wp-json\/wp\/v2\/users\/1"}],"replies":[{"embeddable":true,"href":"https:\/\/zso4.szczecin.pl\/podstawowka\/wp-json\/wp\/v2\/comments?post=1100"}],"version-history":[{"count":1,"href":"https:\/\/zso4.szczecin.pl\/podstawowka\/wp-json\/wp\/v2\/pages\/1100\/revisions"}],"predecessor-version":[{"id":1101,"href":"https:\/\/zso4.szczecin.pl\/podstawowka\/wp-json\/wp\/v2\/pages\/1100\/revisions\/1101"}],"wp:attachment":[{"href":"https:\/\/zso4.szczecin.pl\/podstawowka\/wp-json\/wp\/v2\/media?parent=1100"}],"curies":[{"name":"wp","href":"https:\/\/api.w.org\/{rel}","templated":true}]}}