{"id":9,"date":"2017-03-14T11:55:18","date_gmt":"2017-03-14T10:55:18","guid":{"rendered":"http:\/\/zsoszczevi.cluster023.hosting.ovh.net\/gimnazjum\/?page_id=9"},"modified":"2017-12-07T11:28:48","modified_gmt":"2017-12-07T10:28:48","slug":"sukcesy-szkoly","status":"publish","type":"page","link":"https:\/\/zso4.szczecin.pl\/liceum\/sukcesy-szkoly\/","title":{"rendered":"SUKCESY SZKO\u0141Y"},"content":{"rendered":"<pre><a href=\"http:\/\/zso4.szczecin.pl\/liceum\/sukcesy-szkoly-archiwum\/\">SUKCESY - ARCHIWUM 2015\/2017<\/a><\/pre>\n<p><code><ul class=\"lcp_catlist\" id=\"lcp_instance_0\"><li><a href=\"https:\/\/zso4.szczecin.pl\/liceum\/2026\/01\/05\/sukces-w-olimpiadzie-wiedzy-o-spoleczenstwie-2025-2026\/\"><strong><u>Sukces w Olimpiadzie Wiedzy o Spo\u0142ecze\u0144stwie 2025\/2026<\/u><\/strong><\/a><\/li><li><a href=\"https:\/\/zso4.szczecin.pl\/liceum\/2025\/12\/01\/turniej-debat-oksfordzkich\/\">Turniej Debat Oksfordzkich<\/a><\/li><li><a href=\"https:\/\/zso4.szczecin.pl\/liceum\/2023\/03\/29\/4266\/\"><\/a><\/li><li><a href=\"https:\/\/zso4.szczecin.pl\/liceum\/2022\/10\/23\/polski-pazdziernik-56-zawiedzione-nadzieje\/\">Polski Pa\u017adziernik 56 &#8211; zawiedzione nadzieje<\/a><\/li><li><a href=\"https:\/\/zso4.szczecin.pl\/liceum\/2022\/06\/23\/uczniowie-xi-lo-nagrodzeni-nagroda-prezydenta-miasta-szczecin-za-wybitne-osiagniecia\/\">Uczniowie XI LO nagrodzeni Nagrod\u0105 Prezydenta Miasta Szczecin za wybitne osi\u0105gni\u0119cia<\/a><\/li><li><a href=\"https:\/\/zso4.szczecin.pl\/liceum\/2022\/05\/30\/sukces-uczniow-xi-lo-w-finale-olimpiady-wiedzy-o-spoleczenstwie\/\">Sukces uczni\u00f3w XI LO w finale Olimpiady Wiedzy o Spo\u0142ecze\u0144stwie<\/a><\/li><li><a href=\"https:\/\/zso4.szczecin.pl\/liceum\/2022\/03\/11\/serdeczne-gratulacje-konkurs-chemiczny\/\">Serdeczne gratulacje &#8211; Konkurs Chemiczny<\/a><\/li><li><a href=\"https:\/\/zso4.szczecin.pl\/liceum\/2022\/03\/07\/3420\/\">Olimpiada COPTIOSH<\/a><\/li><li><a href=\"https:\/\/zso4.szczecin.pl\/liceum\/2021\/10\/26\/pge-turniej-maszyn-wodnych-2021\/\">PGE Turniej Maszyn Wodnych 2021 \u00a0<\/a><\/li><li><a href=\"https:\/\/zso4.szczecin.pl\/liceum\/2021\/05\/04\/konkurs-instalogik-ii-edycja-2020-21\/\">Konkurs InstaLogik II edycja 2020\/21<\/a><\/li><\/ul><\/code><\/p>\n<p>&nbsp;<\/p>\n","protected":false},"excerpt":{"rendered":"<p>SUKCESY &#8211; ARCHIWUM 2015\/2017 &nbsp;<\/p>\n","protected":false},"author":1,"featured_media":327,"parent":0,"menu_order":0,"comment_status":"closed","ping_status":"closed","template":"","meta":{"_exactmetrics_skip_tracking":false,"_exactmetrics_sitenote_active":false,"_exactmetrics_sitenote_note":"","_exactmetrics_sitenote_category":0},"_links":{"self":[{"href":"https:\/\/zso4.szczecin.pl\/liceum\/wp-json\/wp\/v2\/pages\/9"}],"collection":[{"href":"https:\/\/zso4.szczecin.pl\/liceum\/wp-json\/wp\/v2\/pages"}],"about":[{"href":"https:\/\/zso4.szczecin.pl\/liceum\/wp-json\/wp\/v2\/types\/page"}],"author":[{"embeddable":true,"href":"https:\/\/zso4.szczecin.pl\/liceum\/wp-json\/wp\/v2\/users\/1"}],"replies":[{"embeddable":true,"href":"https:\/\/zso4.szczecin.pl\/liceum\/wp-json\/wp\/v2\/comments?post=9"}],"version-history":[{"count":6,"href":"https:\/\/zso4.szczecin.pl\/liceum\/wp-json\/wp\/v2\/pages\/9\/revisions"}],"predecessor-version":[{"id":591,"href":"https:\/\/zso4.szczecin.pl\/liceum\/wp-json\/wp\/v2\/pages\/9\/revisions\/591"}],"wp:featuredmedia":[{"embeddable":true,"href":"https:\/\/zso4.szczecin.pl\/liceum\/wp-json\/wp\/v2\/media\/327"}],"wp:attachment":[{"href":"https:\/\/zso4.szczecin.pl\/liceum\/wp-json\/wp\/v2\/media?parent=9"}],"curies":[{"name":"wp","href":"https:\/\/api.w.org\/{rel}","templated":true}]}}