{"id":83,"date":"2017-03-14T13:56:35","date_gmt":"2017-03-14T12:56:35","guid":{"rendered":"http:\/\/zsoszczevi.cluster023.hosting.ovh.net\/gimnazjum\/?page_id=83"},"modified":"2025-12-01T07:26:46","modified_gmt":"2025-12-01T06:26:46","slug":"wolontariat","status":"publish","type":"page","link":"https:\/\/zso4.szczecin.pl\/liceum\/wolontariat\/","title":{"rendered":"WOLONTARIAT"},"content":{"rendered":"<p data-path-to-node=\"4\">Szkolne Ko\u0142o Wolontariatu dzia\u0142aj\u0105ce w ZSO nr 4 w Szczecinie, prowadzone przez pani\u0105 Renat\u0119 Skrodzk\u0105, istnieje ju\u017c ponad 20 lat. W jego sk\u0142ad wchodz\u0105 kolejne roczniki zaanga\u017cowanych uczni\u00f3w.<\/p>\n<p data-path-to-node=\"5\">Wolontariusze wsp\u00f3\u0142pracuj\u0105 z licznymi organizacjami pozarz\u0105dowymi i instytucjami, m.in. z:<\/p>\n<ul data-path-to-node=\"6\">\n<li>\n<p data-path-to-node=\"6,0,0\">Caritas Archidiecezji Szczeci\u0144sko-Kamie\u0144skiej,<\/p>\n<\/li>\n<li>\n<p data-path-to-node=\"6,1,0\">Polskim Czerwonym Krzy\u017cem,<\/p>\n<\/li>\n<li>\n<p data-path-to-node=\"6,2,0\">Miejskim O\u015brodkiem Pomocy Spo\u0142ecznej,<\/p>\n<\/li>\n<li>\n<p data-path-to-node=\"6,3,0\">Oddzia\u0142em Regionalnym Olimpiad Specjalnych Polska \u2013 Zachodniopomorskie,<\/p>\n<\/li>\n<li>\n<p data-path-to-node=\"6,4,0\">Domem Kultury \u201eS\u0142owianin\u201d.<\/p>\n<\/li>\n<\/ul>\n<h4>Nasze dzia\u0142ania<\/h4>\n<p data-path-to-node=\"8\">W ramach wsp\u00f3\u0142pracy bierzemy udzia\u0142 w wielu akcjach cyklicznych i jednorazowych. S\u0105 to m.in.:<\/p>\n<ul data-path-to-node=\"9\">\n<li>\n<p data-path-to-node=\"9,0,0\">organizacja wigilii i \u015bniada\u0144 wielkanocnych dla ponad 400 os\u00f3b bezdomnych, samotnych i ubogich;<\/p>\n<\/li>\n<li>\n<p data-path-to-node=\"9,1,0\">zbi\u00f3rki \u017cywno\u015bci \u201eTak, pomagam\u201d w marketach (Netto, Biedronka) oraz akcje we wsp\u00f3\u0142pracy z Bankiem \u017bywno\u015bci (Lidl), w kt\u00f3rych gromadzimy od 1000 do 2000 kg produkt\u00f3w;<\/p>\n<\/li>\n<li>\n<p data-path-to-node=\"9,2,0\">przygotowywanie paczek dla uczestnik\u00f3w \u015awi\u0105tecznego Obiadu w Arcybiskupim Wy\u017cszym Seminarium Duchownym;<\/p>\n<\/li>\n<li>\n<p data-path-to-node=\"9,3,0\">udzia\u0142 w og\u00f3lnopolskiej akcji \u201eSzlachetna Paczka\u201d;<\/p>\n<\/li>\n<li>\n<p data-path-to-node=\"9,4,0\">zbi\u00f3rki dar\u00f3w dla zwierz\u0105t ze schroniska \u201ePo drugiej stronie Choszczna\u201d.<\/p>\n<\/li>\n<\/ul>\n<p data-path-to-node=\"10\">Aby rozwija\u0107 swoje kompetencje, wra\u017cliwo\u015b\u0107 i wiedz\u0119, uczestniczymy r\u00f3wnie\u017c w szkoleniach i warsztatach organizowanych przez Caritas.<\/p>\n<h4>Nasze osi\u0105gni\u0119cia<\/h4>\n<p data-path-to-node=\"12\">Najwi\u0119kszym sukcesem ko\u0142a jest stale rosn\u0105ca liczba wolontariuszy. Nasze zaanga\u017cowanie zosta\u0142o tak\u017ce wielokrotnie docenione:<\/p>\n<ul data-path-to-node=\"13\">\n<li>\n<p data-path-to-node=\"13,0,0\">wycieczkami w nagrod\u0119, m.in. do Krakowa, Kopenhagi, Wilna i Lwowa;<\/p>\n<\/li>\n<li>\n<p data-path-to-node=\"13,1,0\">statuetk\u0105 \u201ePrymus Wolontariatu\u201d za wieloletni\u0105 dzia\u0142alno\u015b\u0107;<\/p>\n<\/li>\n<li>\n<p data-path-to-node=\"13,2,0\">licznymi dyplomami uznania;<\/p>\n<\/li>\n<li>\n<p data-path-to-node=\"13,3,0\">tytu\u0142em \u201ePrzyjaciel Dzieci\u201d przyznanym naszej opiekunce, pani Renacie Skrodzkiej, przez Towarzystwo Przyjaci\u00f3\u0142 Dzieci.<\/p>\n<\/li>\n<\/ul>\n<h4>Nasza misja<\/h4>\n<p data-path-to-node=\"15\">Celem ko\u0142a jest bezinteresowna pomoc drugiemu cz\u0142owiekowi. Wierzymy, \u017ce nawet drobne dzia\u0142ania mog\u0105 zmienia\u0107 \u015bwiat \u2013 zaczynaj\u0105c od najbli\u017cszego otoczenia.<\/p>\n<p data-path-to-node=\"16\">Wolontariat kszta\u0142tuje w\u015br\u00f3d m\u0142odzie\u017cy postawy empatii, otwarto\u015bci i odpowiedzialno\u015bci. Jest alternatyw\u0105 dla konsumpcyjnego stylu \u017cycia, pozwala budowa\u0107 system warto\u015bci oraz odnajdywa\u0107 autorytety.<\/p>\n<h4>Znaczenie naszych dzia\u0142a\u0144<\/h4>\n<p data-path-to-node=\"18\">Dzi\u0119ki naszemu zaanga\u017cowaniu osoby potrzebuj\u0105ce otrzymuj\u0105:<\/p>\n<ul data-path-to-node=\"19\">\n<li>\n<p data-path-to-node=\"19,0,0\">mo\u017cliwo\u015b\u0107 prze\u017cycia \u015bwi\u0105t w godnej, ciep\u0142ej atmosferze,<\/p>\n<\/li>\n<li>\n<p data-path-to-node=\"19,1,0\">paczki \u017cywno\u015bciowe i drobne upominki,<\/p>\n<\/li>\n<li>\n<p data-path-to-node=\"19,2,0\">wsparcie emocjonalne i poczucie, \u017ce nie s\u0105 same.<\/p>\n<\/li>\n<\/ul>\n<p data-path-to-node=\"20\">Jako \u201epomocnicy \u015awi\u0119tego Miko\u0142aja\u201d organizujemy prezenty dla dzieci z MOPS, dom\u00f3w dziecka, rodzin zast\u0119pczych oraz dla dzieci z niepe\u0142nosprawno\u015bciami. Dbamy r\u00f3wnie\u017c o to, by Dzie\u0144 Dziecka by\u0142 dla nich wyj\u0105tkowy.<\/p>\n<h4>Dlaczego wolontariat jest wa\u017cny?<\/h4>\n<p data-path-to-node=\"22\">Daj\u0105c co\u015b od siebie, zyskujemy poczucie sensu, spe\u0142nienia i dumy. Wolontariat wzmacnia:<\/p>\n<ul data-path-to-node=\"23\">\n<li>\n<p data-path-to-node=\"23,0,0\">poczucie w\u0142asnej warto\u015bci,<\/p>\n<\/li>\n<li>\n<p data-path-to-node=\"23,1,0\">zadowolenie z \u017cycia,<\/p>\n<\/li>\n<li>\n<p data-path-to-node=\"23,2,0\">umiej\u0119tno\u015bci spo\u0142eczne,<\/p>\n<\/li>\n<li>\n<p data-path-to-node=\"23,3,0\">samo\u015bwiadomo\u015b\u0107.<\/p>\n<\/li>\n<\/ul>\n<h3 class=\"font_3\" style=\"text-align: left;\"><\/h3>\n<div id=\"SITE_ROOT\" class=\"SITE_ROOT\" data-reactid=\".0.$SITE_ROOT\">\n<div id=\"masterPage\" data-reactid=\".0.$SITE_ROOT.$desktop_siteRoot\">\n<div id=\"PAGES_CONTAINER\" class=\"s0\" data-state=\"\" data-reactid=\".0.$SITE_ROOT.$desktop_siteRoot.$PAGES_CONTAINER\">\n<div id=\"PAGES_CONTAINERcenteredContent\" class=\"s0centeredContent\" data-reactid=\".0.$SITE_ROOT.$desktop_siteRoot.$PAGES_CONTAINER.1\">\n<div id=\"PAGES_CONTAINERinlineContent\" class=\"s0inlineContent\" data-reactid=\".0.$SITE_ROOT.$desktop_siteRoot.$PAGES_CONTAINER.1.1\">\n<div id=\"SITE_PAGES\" class=\"s1\" data-reactid=\".0.$SITE_ROOT.$desktop_siteRoot.$PAGES_CONTAINER.1.1.$SITE_PAGES\">\n<div id=\"c23ix\" class=\"s98\" data-reactid=\".0.$SITE_ROOT.$desktop_siteRoot.$PAGES_CONTAINER.1.1.$SITE_PAGES.$c23ix\">\n<div id=\"c23ixinlineContent\" class=\"s98inlineContent\" data-reactid=\".0.$SITE_ROOT.$desktop_siteRoot.$PAGES_CONTAINER.1.1.$SITE_PAGES.$c23ix.1\">\n<div id=\"i80sqgjw\" class=\"s8\" title=\"\" data-exact-height=\"240\" data-content-padding-horizontal=\"0\" data-content-padding-vertical=\"0\" data-reactid=\".0.$SITE_ROOT.$desktop_siteRoot.$PAGES_CONTAINER.1.1.$SITE_PAGES.$c23ix.1.$i80sqgjw\">\n<div id=\"i80sqgjwlink\" class=\"s8link\" data-reactid=\".0.$SITE_ROOT.$desktop_siteRoot.$PAGES_CONTAINER.1.1.$SITE_PAGES.$c23ix.1.$i80sqgjw.0\">\n<div id=\"i80sqgjwimg\" class=\"s8img\" data-style=\"\" data-reactid=\".0.$SITE_ROOT.$desktop_siteRoot.$PAGES_CONTAINER.1.1.$SITE_PAGES.$c23ix.1.$i80sqgjw.0.0\">\n<div id=\"i80sqgjwimgpreloader\" class=\"s8imgpreloader\" data-reactid=\".0.$SITE_ROOT.$desktop_siteRoot.$PAGES_CONTAINER.1.1.$SITE_PAGES.$c23ix.1.$i80sqgjw.0.0.0\">\n<p class=\"western\">\u00a0<code><ul class=\"lcp_catlist\" id=\"lcp_instance_0\"><li><a href=\"https:\/\/zso4.szczecin.pl\/liceum\/2026\/01\/05\/wigilia-dla-osob-potrzebujacych-dzialamy-razem\/\">Wigilia dla os\u00f3b potrzebuj\u0105cych \u2014 dzia\u0142amy razem!<\/a><\/li><li><a href=\"https:\/\/zso4.szczecin.pl\/liceum\/2026\/01\/05\/wolontariat-2\/\">Wolontariat<\/a><\/li><li><a href=\"https:\/\/zso4.szczecin.pl\/liceum\/2025\/12\/14\/zbiorka-zywnosci-tak-pomagam\/\">Zbi\u00f3rka \u017cywno\u015bci \u201eTak. Pomagam!\u201d<\/a><\/li><li><a href=\"https:\/\/zso4.szczecin.pl\/liceum\/2025\/12\/01\/7244\/\"><\/a><\/li><li><a href=\"https:\/\/zso4.szczecin.pl\/liceum\/2025\/04\/16\/sniadanie-wielkanocne-dla-bezdomnych-i-samotnych\/\">\u015aniadanie wielkanocne dla bezdomnych i samotnych<\/a><\/li><li><a href=\"https:\/\/zso4.szczecin.pl\/liceum\/2024\/06\/19\/dobra-jest-wiecej-2\/\">\u201eDobra jest wi\u0119cej\u201d<\/a><\/li><li><a href=\"https:\/\/zso4.szczecin.pl\/liceum\/2024\/06\/11\/6039\/\">Wolontariat<\/a><\/li><li><a href=\"https:\/\/zso4.szczecin.pl\/liceum\/2024\/06\/09\/jak-co-roku-w-miedzynarodowy-dzien-dziecka-dk-slowianin-zorganizowal-wielki-festyn-pod-haslem-brzdac-rodzinna-impreza-odbyla-sie-w-1-czerwca-na-jasnych-bloniach-w-godz-1300-2\/\">Jak co roku w Mi\u0119dzynarodowy Dzie\u0144 Dziecka DK S\u0142owianin zorganizowa\u0142 wielki festyn pod has\u0142em \u201eBrzd\u0105c\u201d<\/a><\/li><li><a href=\"https:\/\/zso4.szczecin.pl\/liceum\/2024\/04\/01\/wolontariat\/\">Wolontariat<\/a><\/li><li><a href=\"https:\/\/zso4.szczecin.pl\/liceum\/2023\/12\/23\/swiatecznej-pomocy-ciag-dalszy\/\">\u015awi\u0105tecznej pomocy ci\u0105g dalszy<\/a><\/li><\/ul><\/code><\/p>\n<\/div>\n<p><img id=\"i80sqgjwimgimage\" src=\"https:\/\/static.wixstatic.com\/media\/b78afe_0f7e290df1714e5ba236bc1a808991cc.jpg\/v1\/fill\/w_225,h_240,al_c,q_80,usm_0.66_1.00_0.01\/b78afe_0f7e290df1714e5ba236bc1a808991cc.webp\" alt=\"\" data-reactid=\".0.$SITE_ROOT.$desktop_siteRoot.$PAGES_CONTAINER.1.1.$SITE_PAGES.$c23ix.1.$i80sqgjw.0.0.$image\" \/><img id=\"i80sqgkcimgimage\" style=\"font-weight: inherit;\" src=\"https:\/\/static.wixstatic.com\/media\/b78afe_1a022964c67f45179e906c822f857df2.jpg\/v1\/fill\/w_232,h_130,al_c,lg_1,q_80\/b78afe_1a022964c67f45179e906c822f857df2.webp\" alt=\"\" data-reactid=\".0.$SITE_ROOT.$desktop_siteRoot.$PAGES_CONTAINER.1.1.$SITE_PAGES.$c23ix.1.$i80sqgkc.0.0.$image\" \/><img id=\"i80sqgknimgimage\" style=\"font-weight: inherit;\" src=\"https:\/\/static.wixstatic.com\/media\/b78afe_3f280b75fc30453f947fbaee51c778f7.jpg\/v1\/fill\/w_232,h_74,al_c,q_80,usm_0.66_1.00_0.01\/b78afe_3f280b75fc30453f947fbaee51c778f7.webp\" alt=\"\" data-reactid=\".0.$SITE_ROOT.$desktop_siteRoot.$PAGES_CONTAINER.1.1.$SITE_PAGES.$c23ix.1.$i80sqgkn.0.0.$image\" \/><\/p>\n<\/div>\n<\/div>\n<\/div>\n<div id=\"i80sqgl1\" class=\"s8\" title=\"\" data-exact-height=\"252\" data-content-padding-horizontal=\"0\" data-content-padding-vertical=\"0\" data-reactid=\".0.$SITE_ROOT.$desktop_siteRoot.$PAGES_CONTAINER.1.1.$SITE_PAGES.$c23ix.1.$i80sqgl1\">\n<div id=\"i80sqgl1link\" class=\"s8link\" data-reactid=\".0.$SITE_ROOT.$desktop_siteRoot.$PAGES_CONTAINER.1.1.$SITE_PAGES.$c23ix.1.$i80sqgl1.0\">\n<div id=\"i80sqgl1img\" class=\"s8img\" data-style=\"\" data-reactid=\".0.$SITE_ROOT.$desktop_siteRoot.$PAGES_CONTAINER.1.1.$SITE_PAGES.$c23ix.1.$i80sqgl1.0.0\">\n<p><img id=\"i80sqgl1imgimage\" src=\"https:\/\/static.wixstatic.com\/media\/b78afe_fba1b5d5323b4c2ab7b47d71051b0c1d.jpg\/v1\/fill\/w_200,h_252,al_c,q_80\/b78afe_fba1b5d5323b4c2ab7b47d71051b0c1d.webp\" alt=\"\" data-reactid=\".0.$SITE_ROOT.$desktop_siteRoot.$PAGES_CONTAINER.1.1.$SITE_PAGES.$c23ix.1.$i80sqgl1.0.0.$image\" \/><img id=\"i80tfhtuimgimage\" style=\"font-weight: inherit;\" src=\"https:\/\/static.wixstatic.com\/media\/b78afe_d10c2ffdc4e140308c77c97446fac237.png\/v1\/fill\/w_223,h_199,al_c,usm_0.66_1.00_0.01\/b78afe_d10c2ffdc4e140308c77c97446fac237.png\" alt=\"\" data-reactid=\".0.$SITE_ROOT.$desktop_siteRoot.$PAGES_CONTAINER.1.1.$SITE_PAGES.$c23ix.1.$i80tfhtu.0.0.$image\" \/><img id=\"i80tfhudimgimage\" style=\"font-weight: inherit;\" src=\"https:\/\/static.wixstatic.com\/media\/b78afe_dcee6da7845c4b7e91a7c976c7d5b5e5.png\/v1\/fill\/w_290,h_168,al_c,lg_1\/b78afe_dcee6da7845c4b7e91a7c976c7d5b5e5.png\" alt=\"\" data-reactid=\".0.$SITE_ROOT.$desktop_siteRoot.$PAGES_CONTAINER.1.1.$SITE_PAGES.$c23ix.1.$i80tfhud.0.0.$image\" \/><\/p>\n<\/div>\n<\/div>\n<\/div>\n<div id=\"i80tgra1\" class=\"s4\" data-reactid=\".0.$SITE_ROOT.$desktop_siteRoot.$PAGES_CONTAINER.1.1.$SITE_PAGES.$c23ix.1.$i80tgra1\"><\/div>\n<div id=\"i80udw90\" class=\"s4\" data-reactid=\".0.$SITE_ROOT.$desktop_siteRoot.$PAGES_CONTAINER.1.1.$SITE_PAGES.$c23ix.1.$i80udw90\"><\/div>\n<\/div>\n<\/div>\n<\/div>\n<\/div>\n<\/div>\n<\/div>\n<div id=\"SITE_FOOTER\" class=\"s2_footer s2\" data-state=\" \" data-reactid=\".0.$SITE_ROOT.$desktop_siteRoot.$SITE_FOOTER\"><\/div>\n<\/div>\n<\/div>\n","protected":false},"excerpt":{"rendered":"<p>Szkolne Ko\u0142o Wolontariatu dzia\u0142aj\u0105ce w ZSO nr 4 w Szczecinie, prowadzone przez pani\u0105 Renat\u0119 Skrodzk\u0105, istnieje ju\u017c ponad 20 lat. W jego sk\u0142ad wchodz\u0105 kolejne roczniki zaanga\u017cowanych uczni\u00f3w. Wolontariusze wsp\u00f3\u0142pracuj\u0105 z licznymi organizacjami pozarz\u0105dowymi i instytucjami, m.in. z: Caritas Archidiecezji Szczeci\u0144sko-Kamie\u0144skiej, Polskim Czerwonym Krzy\u017cem, Miejskim O\u015brodkiem Pomocy Spo\u0142ecznej, Oddzia\u0142em Regionalnym Olimpiad Specjalnych Polska \u2013 Zachodniopomorskie, [&hellip;]<\/p>\n","protected":false},"author":1,"featured_media":0,"parent":0,"menu_order":0,"comment_status":"closed","ping_status":"closed","template":"","meta":{"_exactmetrics_skip_tracking":false,"_exactmetrics_sitenote_active":false,"_exactmetrics_sitenote_note":"","_exactmetrics_sitenote_category":0},"_links":{"self":[{"href":"https:\/\/zso4.szczecin.pl\/liceum\/wp-json\/wp\/v2\/pages\/83"}],"collection":[{"href":"https:\/\/zso4.szczecin.pl\/liceum\/wp-json\/wp\/v2\/pages"}],"about":[{"href":"https:\/\/zso4.szczecin.pl\/liceum\/wp-json\/wp\/v2\/types\/page"}],"author":[{"embeddable":true,"href":"https:\/\/zso4.szczecin.pl\/liceum\/wp-json\/wp\/v2\/users\/1"}],"replies":[{"embeddable":true,"href":"https:\/\/zso4.szczecin.pl\/liceum\/wp-json\/wp\/v2\/comments?post=83"}],"version-history":[{"count":5,"href":"https:\/\/zso4.szczecin.pl\/liceum\/wp-json\/wp\/v2\/pages\/83\/revisions"}],"predecessor-version":[{"id":7243,"href":"https:\/\/zso4.szczecin.pl\/liceum\/wp-json\/wp\/v2\/pages\/83\/revisions\/7243"}],"wp:attachment":[{"href":"https:\/\/zso4.szczecin.pl\/liceum\/wp-json\/wp\/v2\/media?parent=83"}],"curies":[{"name":"wp","href":"https:\/\/api.w.org\/{rel}","templated":true}]}}