{"id":74,"date":"2017-03-14T13:38:47","date_gmt":"2017-03-14T12:38:47","guid":{"rendered":"http:\/\/zsoszczevi.cluster023.hosting.ovh.net\/gimnazjum\/?page_id=74"},"modified":"2025-08-31T09:10:01","modified_gmt":"2025-08-31T07:10:01","slug":"samorzad-uczniowski","status":"publish","type":"page","link":"https:\/\/zso4.szczecin.pl\/liceum\/samorzad-uczniowski\/","title":{"rendered":"SAMORZ\u0104D UCZNIOWSKI"},"content":{"rendered":"<h2 class=\"font_2\" style=\"text-align: center;\"><span class=\"color_13\">SAMORZ\u0104D UCZNIOWSKI<\/span><\/h2>\n<blockquote><p>Samorz\u0105d uczniowski tworz\u0105 wszyscy uczniowie szko\u0142y. Ustawa o systemie o\u015bwiaty (uchwalone przez Sejm prawo reguluj\u0105ce zasady funkcjonowania o\u015bwiaty) &#8211; m\u00f3wi, \u017ce Samorz\u0105d tworz\u0105 wszyscy uczniowie szko\u0142y (art. 55). Cz\u0142onkiem samorz\u0105du uczniowskiego stajemy si\u0119 automatycznie w chwili przyj\u0119cia do szko\u0142y. Przestajemy nim by\u0107 w momencie, gdy szko\u0142\u0119 opuszczamy.<\/p><\/blockquote>\n<div id=\"comp-j7x6h65l\" class=\"txtNew\">\n<h1 class=\"font_8\" style=\"text-align: center;\"><strong>Sk\u0142ad Samorz\u0105du Uczniowskiego\u00a0 XI <\/strong><strong>LO<\/strong><\/h1>\n<p class=\"font_8\"><span class=\"wixGuard\">\u200b<\/span><\/p>\n<blockquote>\n<h2 class=\"font_8\"><strong>Opiekun:<\/strong><\/h2>\n<\/blockquote>\n<hr \/>\n<p class=\"font_8\"><code><ul class=\"lcp_catlist\" id=\"lcp_instance_0\"><li><a href=\"https:\/\/zso4.szczecin.pl\/liceum\/2025\/10\/02\/wyniki-wyborow-do-samorzadu-uczniowskiego-xi-lo\/\">WYNIKI WYBOR\u00d3W DO SAMORZ\u0104DU UCZNIOWSKIEGO XI LO!&nbsp;<\/a><\/li><li><a href=\"https:\/\/zso4.szczecin.pl\/liceum\/2024\/09\/28\/swietujemy-dzien-chlopaka-zobaczcie-jak-nasi-panowie-poradzili-sobie-z-wyzwaniami\/\">\u015awi\u0119tujemy Dzie\u0144 Ch\u0142opaka &#8211; zobaczcie, jak nasi panowie poradzili sobie z wyzwaniami!<\/a><\/li><li><a href=\"https:\/\/zso4.szczecin.pl\/liceum\/2024\/09\/25\/wybory-do-rady-samorzadu-uczniowskiego-xi-lo-oraz-na-reprezentanta-xi-lo-do-mlodziezowej-rady-miasta-szczecin\/\">Wybory do Rady Samorz\u0105du Uczniowskiego XI LO oraz na reprezentanta XI LO do M\u0142odzie\u017cowej Rady Miasta Szczecin<\/a><\/li><li><a href=\"https:\/\/zso4.szczecin.pl\/liceum\/2022\/12\/10\/szlachetna-paczka\/\">Szlachetna Paczka<\/a><\/li><li><a href=\"https:\/\/zso4.szczecin.pl\/liceum\/2022\/12\/08\/kiermasz-ciast\/\">Kiermasz ciast<\/a><\/li><li><a href=\"https:\/\/zso4.szczecin.pl\/liceum\/2021\/11\/16\/swieto-dyni\/\">\u015awi\u0119to Dyni<\/a><\/li><li><a href=\"https:\/\/zso4.szczecin.pl\/liceum\/2021\/10\/21\/3307\/\">Samorz\u0105d Uczniowski XI LO zorganizowa\u0142 akcj\u0119 charytatywn\u0105 na rzecz Ksawerego<\/a><\/li><li><a href=\"https:\/\/zso4.szczecin.pl\/liceum\/2021\/04\/26\/konkurs-polsko-wegierki-polska-w-oczach-wegrow-wegry-w-oczach-polakow\/\">Konkurs\u00a0 polsko &#8211;\u00a0 w\u0119gierski \u00a0 \u201ePolska w oczach W\u0119gr\u00f3w, W\u0119gry w oczach Polak\u00f3w\u201d<\/a><\/li><li><a href=\"https:\/\/zso4.szczecin.pl\/liceum\/2021\/04\/18\/trzy-dekady-v4-okres-znaczacych-przemian-czy-straconych-szans\/\">&#8222;Trzy dekady V4 &#8211; okres znacz\u0105cych przemian, czy straconych szans?&#8221;<\/a><\/li><li><a href=\"https:\/\/zso4.szczecin.pl\/liceum\/2021\/04\/12\/wyniki-glosowania-mlodziezowego-budzetu-obywatelskiego\/\">Wyniki g\u0142osowania M\u0142odzie\u017cowego Bud\u017cetu Obywatelskiego<\/a><\/li><\/ul><\/code><\/p>\n<\/div>\n","protected":false},"excerpt":{"rendered":"<p>SAMORZ\u0104D UCZNIOWSKI Samorz\u0105d uczniowski tworz\u0105 wszyscy uczniowie szko\u0142y. Ustawa o systemie o\u015bwiaty (uchwalone przez Sejm prawo reguluj\u0105ce zasady funkcjonowania o\u015bwiaty) &#8211; m\u00f3wi, \u017ce Samorz\u0105d tworz\u0105 wszyscy uczniowie szko\u0142y (art. 55). Cz\u0142onkiem samorz\u0105du uczniowskiego stajemy si\u0119 automatycznie w chwili przyj\u0119cia do szko\u0142y. Przestajemy nim by\u0107 w momencie, gdy szko\u0142\u0119 opuszczamy. Sk\u0142ad Samorz\u0105du Uczniowskiego\u00a0 XI LO \u200b [&hellip;]<\/p>\n","protected":false},"author":1,"featured_media":0,"parent":0,"menu_order":0,"comment_status":"closed","ping_status":"closed","template":"","meta":{"_exactmetrics_skip_tracking":false,"_exactmetrics_sitenote_active":false,"_exactmetrics_sitenote_note":"","_exactmetrics_sitenote_category":0},"_links":{"self":[{"href":"https:\/\/zso4.szczecin.pl\/liceum\/wp-json\/wp\/v2\/pages\/74"}],"collection":[{"href":"https:\/\/zso4.szczecin.pl\/liceum\/wp-json\/wp\/v2\/pages"}],"about":[{"href":"https:\/\/zso4.szczecin.pl\/liceum\/wp-json\/wp\/v2\/types\/page"}],"author":[{"embeddable":true,"href":"https:\/\/zso4.szczecin.pl\/liceum\/wp-json\/wp\/v2\/users\/1"}],"replies":[{"embeddable":true,"href":"https:\/\/zso4.szczecin.pl\/liceum\/wp-json\/wp\/v2\/comments?post=74"}],"version-history":[{"count":21,"href":"https:\/\/zso4.szczecin.pl\/liceum\/wp-json\/wp\/v2\/pages\/74\/revisions"}],"predecessor-version":[{"id":7051,"href":"https:\/\/zso4.szczecin.pl\/liceum\/wp-json\/wp\/v2\/pages\/74\/revisions\/7051"}],"wp:attachment":[{"href":"https:\/\/zso4.szczecin.pl\/liceum\/wp-json\/wp\/v2\/media?parent=74"}],"curies":[{"name":"wp","href":"https:\/\/api.w.org\/{rel}","templated":true}]}}