{"id":7,"date":"2017-03-14T11:54:06","date_gmt":"2017-03-14T10:54:06","guid":{"rendered":"http:\/\/zsoszczevi.cluster023.hosting.ovh.net\/gimnazjum\/?page_id=7"},"modified":"2024-09-16T01:10:03","modified_gmt":"2024-09-15T23:10:03","slug":"dyrekcja","status":"publish","type":"page","link":"https:\/\/zso4.szczecin.pl\/liceum\/dyrekcja\/","title":{"rendered":"DYREKCJA"},"content":{"rendered":"<blockquote>\n<h1 style=\"text-align: left;\"><span style=\"color: #000080;\"><strong>mgr Miros\u0142aw Mika \u00a0&#8211; Dyrektor<\/strong><\/span><\/h1>\n<\/blockquote>\n<table border=\"0\" cellspacing=\"0\">\n<colgroup span=\"5\" width=\"134\"><\/colgroup>\n<tbody>\n<tr>\n<td align=\"center\" valign=\"middle\" height=\"44\"><b><span style=\"color: #000000;\">poniedzia\u0142ek<\/span><\/b><\/td>\n<td align=\"center\" valign=\"middle\"><b><span style=\"color: #000000;\">wtorek<\/span><\/b><\/td>\n<td align=\"center\" valign=\"middle\"><b><span style=\"color: #000000;\">\u015broda<\/span><\/b><\/td>\n<td align=\"center\" valign=\"middle\"><b><span style=\"color: #000000;\">czwartek<\/span><\/b><\/td>\n<td align=\"center\" valign=\"middle\"><b><span style=\"color: #000000;\">pi\u0105tek<\/span><\/b><\/td>\n<\/tr>\n<tr>\n<td align=\"center\" valign=\"middle\" height=\"58\"><b><span style=\"color: #000000; font-size: large;\">&#8212;&#8212;&#8212;&#8211;<\/span><\/b><\/td>\n<td align=\"center\" valign=\"middle\"><b><span style=\"color: #000000; font-size: large;\">&#8212;&#8212;&#8212;&#8211;<\/span><\/b><\/td>\n<td align=\"center\" valign=\"middle\"><b><span style=\"color: #000000; font-size: large;\">10:00 &#8211; 13:00<\/span><\/b><\/td>\n<td align=\"center\" valign=\"middle\"><b><span style=\"color: #000000; font-size: large;\">&#8212;&#8212;&#8212;&#8212;<\/span><\/b><\/td>\n<td align=\"center\" valign=\"middle\"><b><span style=\"color: #000000; font-size: large;\">&#8212;&#8212;&#8212;&#8211;<\/span><\/b><\/td>\n<\/tr>\n<\/tbody>\n<\/table>\n<div id=\"i1onqrh3\" title=\"logo11.png\" data-exact-height=\"890\" data-content-padding-horizontal=\"0\" data-content-padding-vertical=\"0\" data-reactid=\".0.$SITE_ROOT.$desktop_siteRoot.$PAGES_CONTAINER.1.1.$SITE_PAGES.$cbop.3.$i1onqrh3\">\n<div id=\"i1onqrh3link\" data-reactid=\".0.$SITE_ROOT.$desktop_siteRoot.$PAGES_CONTAINER.1.1.$SITE_PAGES.$cbop.3.$i1onqrh3.0\">\n<div id=\"i1onqrh3img\" data-style=\"\" data-reactid=\".0.$SITE_ROOT.$desktop_siteRoot.$PAGES_CONTAINER.1.1.$SITE_PAGES.$cbop.3.$i1onqrh3.0.0\">\n<h2 class=\"western\"><\/h2>\n<\/div>\n<\/div>\n<\/div>\n<div id=\"i169nrmx\" data-reactid=\".0.$SITE_ROOT.$desktop_siteRoot.$PAGES_CONTAINER.1.1.$SITE_PAGES.$cbop.3.$i169nrmx\"><span style=\"color: #808080;\"><strong><span style=\"font-family: Arial, sans-serif;\"><span style=\"font-size: large;\">mgr <\/span><\/span><\/strong><\/span><span style=\"color: #808080;\"><strong><span style=\"font-family: Arial, sans-serif;\"><span style=\"font-size: large;\">Beata Micha\u0142owska-Janusz\u00a0<\/span><\/span><\/strong><\/span><span style=\"color: #808080;\"><strong><span style=\"font-family: Arial, sans-serif;\"><span style=\"font-size: large;\">&#8211; Zast\u0119pca dyrektora szko\u0142y do spraw wychowawczych<\/span><\/span><\/strong><\/span><\/div>\n<div id=\"i16a2ghc\" data-reactid=\".0.$SITE_ROOT.$desktop_siteRoot.$PAGES_CONTAINER.1.1.$SITE_PAGES.$cbop.3.$i16a2ghc\">\n<table border=\"0\" cellspacing=\"0\">\n<colgroup span=\"5\" width=\"134\"><\/colgroup>\n<tbody>\n<tr>\n<td align=\"center\" valign=\"middle\" height=\"44\"><b><span style=\"color: #000000;\">poniedzia\u0142ek<\/span><\/b><\/td>\n<td align=\"center\" valign=\"middle\"><b><span style=\"color: #000000;\">wtorek<\/span><\/b><\/td>\n<td align=\"center\" valign=\"middle\"><b><span style=\"color: #000000;\">\u015broda<\/span><\/b><\/td>\n<td align=\"center\" valign=\"middle\"><b><span style=\"color: #000000;\">czwartek<\/span><\/b><\/td>\n<td align=\"center\" valign=\"middle\"><b><span style=\"color: #000000;\">pi\u0105tek<\/span><\/b><\/td>\n<\/tr>\n<tr>\n<td align=\"center\" valign=\"middle\" height=\"58\"><\/td>\n<td align=\"center\" valign=\"middle\"><\/td>\n<td align=\"center\" valign=\"middle\"><\/td>\n<td align=\"center\" valign=\"middle\"><\/td>\n<td align=\"center\" valign=\"middle\"><\/td>\n<\/tr>\n<\/tbody>\n<\/table>\n<\/div>\n<h2 class=\"western\"><span style=\"color: #808080;\"><strong><span style=\"font-family: Arial, sans-serif;\"><span style=\"font-size: large;\"><strong style=\"color: #808080;\">mgr\u00a0<\/strong><\/span><\/span><\/strong><\/span><span style=\"color: #808080;\"><strong><span style=\"font-family: Arial, sans-serif;\"><span style=\"font-size: large;\"><strong style=\"color: #808080;\">Julita G\u00f3recka <\/strong><\/span><\/span><\/strong><\/span><span style=\"color: #808080;\"><strong><span style=\"font-family: Arial, sans-serif;\"><span style=\"font-size: large;\"><strong style=\"color: #808080;\">&#8211; <\/strong><strong style=\"color: #808080;\">Zast\u0119pca dyrektora szko\u0142y do spraw nauczania wczesnoszkolnego<\/strong><\/span><\/span><\/strong><\/span><\/h2>\n<table border=\"0\" cellspacing=\"0\">\n<colgroup span=\"5\" width=\"134\"><\/colgroup>\n<tbody>\n<tr>\n<td align=\"center\" valign=\"middle\" height=\"44\"><b><span style=\"color: #000000;\">poniedzia\u0142ek<\/span><\/b><\/td>\n<td align=\"center\" valign=\"middle\"><b><span style=\"color: #000000;\">wtorek<\/span><\/b><\/td>\n<td align=\"center\" valign=\"middle\"><b><span style=\"color: #000000;\">\u015broda<\/span><\/b><\/td>\n<td align=\"center\" valign=\"middle\"><b><span style=\"color: #000000;\">czwartek<\/span><\/b><\/td>\n<td align=\"center\" valign=\"middle\"><b><span style=\"color: #000000;\">pi\u0105tek<\/span><\/b><\/td>\n<\/tr>\n<tr>\n<td align=\"center\" valign=\"middle\" height=\"58\"><\/td>\n<td align=\"center\" valign=\"middle\"><\/td>\n<td align=\"center\" valign=\"middle\"><\/td>\n<td align=\"center\" valign=\"middle\"><\/td>\n<td align=\"center\" valign=\"middle\"><\/td>\n<\/tr>\n<\/tbody>\n<\/table>\n<div id=\"i1onqrh3\" title=\"logo11.png\" data-exact-height=\"890\" data-content-padding-horizontal=\"0\" data-content-padding-vertical=\"0\" data-reactid=\".0.$SITE_ROOT.$desktop_siteRoot.$PAGES_CONTAINER.1.1.$SITE_PAGES.$cbop.3.$i1onqrh3\">\n<div id=\"i1onqrh3link\" data-reactid=\".0.$SITE_ROOT.$desktop_siteRoot.$PAGES_CONTAINER.1.1.$SITE_PAGES.$cbop.3.$i1onqrh3.0\">\n<div id=\"i1onqrh3\" title=\"logo11.png\" data-exact-height=\"890\" data-content-padding-horizontal=\"0\" data-content-padding-vertical=\"0\" data-reactid=\".0.$SITE_ROOT.$desktop_siteRoot.$PAGES_CONTAINER.1.1.$SITE_PAGES.$cbop.3.$i1onqrh3\">\n<div id=\"i1onqrh3link\" data-reactid=\".0.$SITE_ROOT.$desktop_siteRoot.$PAGES_CONTAINER.1.1.$SITE_PAGES.$cbop.3.$i1onqrh3.0\">\n<div id=\"i1onqrh3img\" data-style=\"\" data-reactid=\".0.$SITE_ROOT.$desktop_siteRoot.$PAGES_CONTAINER.1.1.$SITE_PAGES.$cbop.3.$i1onqrh3.0.0\">\n<h2 class=\"western\"><span style=\"color: #808080;\"><strong><span style=\"font-family: Arial, sans-serif;\"><span style=\"font-size: large;\">mgr <\/span><\/span><\/strong><strong><span style=\"font-family: Arial, sans-serif;\"><span style=\"font-size: large;\">Janusz \u0141azarz<\/span><\/span><\/strong><strong><span style=\"font-family: Arial, sans-serif;\"><span style=\"font-size: large;\">\u00a0&#8211; <\/span><\/span><\/strong><strong><span style=\"font-family: Arial, sans-serif;\"><span style=\"font-size: large;\">Zast\u0119pca dyrektora szko\u0142y do spraw dydaktycznych<\/span><\/span><\/strong><\/span><\/h2>\n<\/div>\n<\/div>\n<\/div>\n<div id=\"i169nrmx\" data-reactid=\".0.$SITE_ROOT.$desktop_siteRoot.$PAGES_CONTAINER.1.1.$SITE_PAGES.$cbop.3.$i169nrmx\">\n<table border=\"0\" cellspacing=\"0\">\n<colgroup width=\"176\"><\/colgroup>\n<colgroup span=\"4\" width=\"134\"><\/colgroup>\n<tbody>\n<tr>\n<td align=\"center\" valign=\"middle\" height=\"18\"><b>poniedzia\u0142ek<\/b><\/td>\n<td align=\"center\" valign=\"middle\"><b>wtorek<\/b><\/td>\n<td align=\"center\" valign=\"middle\"><b>\u015broda<\/b><\/td>\n<td align=\"center\" valign=\"middle\"><b>czwartek<\/b><\/td>\n<td align=\"center\" valign=\"middle\"><b>pi\u0105tek<\/b><\/td>\n<\/tr>\n<tr>\n<td align=\"center\" valign=\"middle\" height=\"26\"><\/td>\n<td align=\"center\" valign=\"middle\"><\/td>\n<td align=\"center\" valign=\"middle\"><\/td>\n<td align=\"center\" valign=\"middle\"><\/td>\n<td align=\"center\" valign=\"middle\"><\/td>\n<\/tr>\n<\/tbody>\n<\/table>\n<\/div>\n<div id=\"i1onqrh3img\" data-style=\"\" data-reactid=\".0.$SITE_ROOT.$desktop_siteRoot.$PAGES_CONTAINER.1.1.$SITE_PAGES.$cbop.3.$i1onqrh3.0.0\"><\/div>\n<\/div>\n<\/div>\n<div id=\"i169ptgg\" data-reactid=\".0.$SITE_ROOT.$desktop_siteRoot.$PAGES_CONTAINER.1.1.$SITE_PAGES.$cbop.3.$i169ptgg\"><\/div>\n","protected":false},"excerpt":{"rendered":"<p>mgr Miros\u0142aw Mika \u00a0&#8211; Dyrektor poniedzia\u0142ek wtorek \u015broda czwartek pi\u0105tek &#8212;&#8212;&#8212;&#8211; &#8212;&#8212;&#8212;&#8211; 10:00 &#8211; 13:00 &#8212;&#8212;&#8212;&#8212; &#8212;&#8212;&#8212;&#8211; mgr Beata Micha\u0142owska-Janusz\u00a0&#8211; Zast\u0119pca dyrektora szko\u0142y do spraw wychowawczych poniedzia\u0142ek wtorek \u015broda czwartek pi\u0105tek mgr\u00a0Julita G\u00f3recka &#8211; Zast\u0119pca dyrektora szko\u0142y do spraw nauczania wczesnoszkolnego poniedzia\u0142ek wtorek \u015broda czwartek pi\u0105tek mgr Janusz \u0141azarz\u00a0&#8211; Zast\u0119pca dyrektora szko\u0142y do spraw dydaktycznych [&hellip;]<\/p>\n","protected":false},"author":1,"featured_media":0,"parent":0,"menu_order":2,"comment_status":"closed","ping_status":"closed","template":"","meta":{"_exactmetrics_skip_tracking":false,"_exactmetrics_sitenote_active":false,"_exactmetrics_sitenote_note":"","_exactmetrics_sitenote_category":0},"_links":{"self":[{"href":"https:\/\/zso4.szczecin.pl\/liceum\/wp-json\/wp\/v2\/pages\/7"}],"collection":[{"href":"https:\/\/zso4.szczecin.pl\/liceum\/wp-json\/wp\/v2\/pages"}],"about":[{"href":"https:\/\/zso4.szczecin.pl\/liceum\/wp-json\/wp\/v2\/types\/page"}],"author":[{"embeddable":true,"href":"https:\/\/zso4.szczecin.pl\/liceum\/wp-json\/wp\/v2\/users\/1"}],"replies":[{"embeddable":true,"href":"https:\/\/zso4.szczecin.pl\/liceum\/wp-json\/wp\/v2\/comments?post=7"}],"version-history":[{"count":21,"href":"https:\/\/zso4.szczecin.pl\/liceum\/wp-json\/wp\/v2\/pages\/7\/revisions"}],"predecessor-version":[{"id":6128,"href":"https:\/\/zso4.szczecin.pl\/liceum\/wp-json\/wp\/v2\/pages\/7\/revisions\/6128"}],"wp:attachment":[{"href":"https:\/\/zso4.szczecin.pl\/liceum\/wp-json\/wp\/v2\/media?parent=7"}],"curies":[{"name":"wp","href":"https:\/\/api.w.org\/{rel}","templated":true}]}}