{"id":64,"date":"2017-03-14T13:20:37","date_gmt":"2017-03-14T12:20:37","guid":{"rendered":"http:\/\/zsoszczevi.cluster023.hosting.ovh.net\/gimnazjum\/?page_id=64"},"modified":"2025-01-09T12:39:15","modified_gmt":"2025-01-09T11:39:15","slug":"kontakt","status":"publish","type":"page","link":"https:\/\/zso4.szczecin.pl\/liceum\/kontakt\/","title":{"rendered":"KONTAKT"},"content":{"rendered":"<div id=\"i1oprt1s\" class=\"s8\" title=\"logo11.png\" data-exact-height=\"856\" data-content-padding-horizontal=\"0\" data-content-padding-vertical=\"0\" data-reactid=\".0.$SITE_ROOT.$desktop_siteRoot.$PAGES_CONTAINER.1.1.$SITE_PAGES.$c1dfs.1.$i1oprt1s\">\n<div id=\"i1oprt1slink\" class=\"s8link\" data-reactid=\".0.$SITE_ROOT.$desktop_siteRoot.$PAGES_CONTAINER.1.1.$SITE_PAGES.$c1dfs.1.$i1oprt1s.0\">\n<h1 id=\"i1oprt1simg\" class=\"s8img\" style=\"text-align: center;\" data-reactid=\".0.$SITE_ROOT.$desktop_siteRoot.$PAGES_CONTAINER.1.1.$SITE_PAGES.$c1dfs.1.$i1oprt1s.0.0\">Zesp\u00f3\u0142 Szk\u00f3\u0142<\/h1>\n<\/div>\n<\/div>\n<div id=\"i15i5l9e\" class=\"s4\" data-reactid=\".0.$SITE_ROOT.$desktop_siteRoot.$PAGES_CONTAINER.1.1.$SITE_PAGES.$c1dfs.1.$i15i5l9e\">\n<h1 class=\"font_2\" style=\"text-align: center;\"><span class=\"color_14\">Og\u00f3lnokszta\u0142c\u0105cych Nr 4 w Szczecinie<\/span><\/h1>\n<blockquote>\n<p class=\"font_8\">\u00a0ul. Romera 2<\/p>\n<p class=\"font_8\">71-246 Szczecin<\/p>\n<p class=\"font_8\">tel.: 91 43 94 052<\/p>\n<p class=\"font_8\">fax: 91 43 94 047<\/p>\n<p class=\"font_8\">e-mail:\u00a0<a class=\"auto-generated-link\" href=\"mailto:zso4@miasto.szczecin.pl\" data-auto-recognition=\"true\" data-content=\"zso4@miasto.szczecin.pl\" data-type=\"mail\">zso4@miasto.szczecin.pl<\/a><\/p>\n<\/blockquote>\n<div id=\"chartTableDiv\">\n<h2 style=\"text-align: center;\">\u00a0nr konta bankowego <span class=\"color_16\">65 1020 4795 0000 9602 0278 2449<\/span><b>\u00a0 \u00a0\u00a0<\/b><\/h2>\n<\/div>\n<div id=\"chartTableDiv\">\n<table width=\"860\" cellspacing=\"0\" cellpadding=\"2\">\n<tbody>\n<tr>\n<td width=\"399\">Dyrektor szko\u0142y<\/td>\n<td width=\"89\">\u2013<\/td>\n<td width=\"360\">zso4@miasto.szczecin.pl<\/td>\n<\/tr>\n<tr>\n<td width=\"399\">Zast\u0119pca dyrektora szko\u0142y do spraw dydaktycznych<\/td>\n<td width=\"89\">wew. 40<\/td>\n<td width=\"360\">zso4@miasto.szczecin.pl<\/td>\n<\/tr>\n<tr>\n<td width=\"399\">Zast\u0119pca dyrektora szko\u0142y\u00a0 do spraw wychowawczych<\/td>\n<td width=\"89\">wew. 41<\/td>\n<td width=\"360\">zso4@miasto.szczecin.pl<\/td>\n<\/tr>\n<tr>\n<td width=\"399\">Zast\u0119pca dyrektora szko\u0142y\u00a0 do spraw nauczania wczesnoszkolnego<\/td>\n<td width=\"89\">wew. 51<\/td>\n<td width=\"360\">zso4@miasto.szczecin.pl<\/td>\n<\/tr>\n<tr>\n<td width=\"399\">Pok\u00f3j nauczycielski<\/td>\n<td width=\"89\">wew. 42<\/td>\n<td width=\"360\">\u2013<\/td>\n<\/tr>\n<tr>\n<td width=\"399\">Pedagog szkolny<\/td>\n<td width=\"89\">wew. 44<\/td>\n<td width=\"360\">eswinarska@zso4.szczecin.pl<\/td>\n<\/tr>\n<tr>\n<td width=\"399\">Psycholog<\/td>\n<td width=\"89\">wew. 49<\/td>\n<td width=\"360\">agasiorowskaduliba@zso4.szczecin.pl<\/td>\n<\/tr>\n<tr>\n<td width=\"399\">Pedagog specjalny<\/td>\n<td width=\"89\">Wew. 44<\/td>\n<td width=\"360\">ajodko@zso4.szczecin.pl<\/td>\n<\/tr>\n<tr>\n<td width=\"399\">Sekretariat g\u0142\u00f3wny<\/td>\n<td width=\"89\">wew. 35<\/td>\n<td width=\"360\">zso4@miasto.szczecin.pl<\/td>\n<\/tr>\n<tr>\n<td width=\"399\">Sekretariat uczniowski<\/td>\n<td width=\"89\">wew. 31<\/td>\n<td width=\"360\">sekretariat.uczniowski@zso4.szczecin.pl<\/td>\n<\/tr>\n<tr>\n<td width=\"399\">Kierownik gospodarczy<\/td>\n<td width=\"89\">wew. 38<\/td>\n<td width=\"360\">kier.gospodarczy@zso4.szczecin.pl<\/td>\n<\/tr>\n<tr>\n<td width=\"399\">G\u0142\u00f3wna ksi\u0119gowa<\/td>\n<td width=\"89\">wew. 47<\/td>\n<td width=\"360\">gl.ksiegowa@zso4.szczecin.pl<\/td>\n<\/tr>\n<tr>\n<td width=\"399\">Ksi\u0119gowa<\/td>\n<td width=\"89\">wew. 36<\/td>\n<td width=\"360\">ksiegowa@zso4.szczecin.pl<\/td>\n<\/tr>\n<tr>\n<td width=\"399\">Kierownik internatu<\/td>\n<td width=\"89\">91 43-94-051<\/td>\n<td width=\"360\">kier.internatu@zso4.szczecin.pl<\/td>\n<\/tr>\n<tr>\n<td width=\"399\">Kierownik sto\u0142\u00f3wki<\/td>\n<td width=\"89\">wew. 45<\/td>\n<td width=\"360\">kier.stolowki@zso4.szczecin.pl<\/td>\n<\/tr>\n<tr>\n<td width=\"399\">\u015awietlica SP2<\/td>\n<td width=\"89\">wew. 52<\/td>\n<td width=\"360\"><\/td>\n<\/tr>\n<tr>\n<td width=\"399\">Portiernia SP2<\/td>\n<td width=\"89\">wew. 50<\/td>\n<td width=\"360\"><\/td>\n<\/tr>\n<\/tbody>\n<\/table>\n<p><span class=\"wixGuard\" style=\"font-size: 16px; font-weight: inherit;\">\u200b<\/span><\/p>\n<\/div>\n<div>\n<h2 class=\"font_8\" style=\"text-align: center;\">GODZINY FUNKCJONOWANIA SEKRETARIATU UCZNIOWSKIEGO<\/h2>\n<blockquote><p><span class=\"wixGuard\">\u200b<\/span>Poniedzia\u0142ek \u2013 czwartek &#8211; \u00a07:30 -15:30<\/p>\n<p style=\"font-weight: 400;\">Pi\u0105tek\u00a0 &#8211; \u00a008:30 \u2013 16:30<\/p>\n<p>tel.: 91 43 94 052 wew. 31<\/p><\/blockquote>\n<\/div>\n<\/div>\n","protected":false},"excerpt":{"rendered":"<p>Zesp\u00f3\u0142 Szk\u00f3\u0142 Og\u00f3lnokszta\u0142c\u0105cych Nr 4 w Szczecinie \u00a0ul. Romera 2 71-246 Szczecin tel.: 91 43 94 052 fax: 91 43 94 047 e-mail:\u00a0zso4@miasto.szczecin.pl \u00a0nr konta bankowego 65 1020 4795 0000 9602 0278 2449\u00a0 \u00a0\u00a0 Dyrektor szko\u0142y \u2013 zso4@miasto.szczecin.pl Zast\u0119pca dyrektora szko\u0142y do spraw dydaktycznych wew. 40 zso4@miasto.szczecin.pl Zast\u0119pca dyrektora szko\u0142y\u00a0 do spraw wychowawczych wew. 41 [&hellip;]<\/p>\n","protected":false},"author":1,"featured_media":0,"parent":0,"menu_order":0,"comment_status":"closed","ping_status":"closed","template":"","meta":{"_exactmetrics_skip_tracking":false,"_exactmetrics_sitenote_active":false,"_exactmetrics_sitenote_note":"","_exactmetrics_sitenote_category":0},"_links":{"self":[{"href":"https:\/\/zso4.szczecin.pl\/liceum\/wp-json\/wp\/v2\/pages\/64"}],"collection":[{"href":"https:\/\/zso4.szczecin.pl\/liceum\/wp-json\/wp\/v2\/pages"}],"about":[{"href":"https:\/\/zso4.szczecin.pl\/liceum\/wp-json\/wp\/v2\/types\/page"}],"author":[{"embeddable":true,"href":"https:\/\/zso4.szczecin.pl\/liceum\/wp-json\/wp\/v2\/users\/1"}],"replies":[{"embeddable":true,"href":"https:\/\/zso4.szczecin.pl\/liceum\/wp-json\/wp\/v2\/comments?post=64"}],"version-history":[{"count":28,"href":"https:\/\/zso4.szczecin.pl\/liceum\/wp-json\/wp\/v2\/pages\/64\/revisions"}],"predecessor-version":[{"id":6576,"href":"https:\/\/zso4.szczecin.pl\/liceum\/wp-json\/wp\/v2\/pages\/64\/revisions\/6576"}],"wp:attachment":[{"href":"https:\/\/zso4.szczecin.pl\/liceum\/wp-json\/wp\/v2\/media?parent=64"}],"curies":[{"name":"wp","href":"https:\/\/api.w.org\/{rel}","templated":true}]}}