{"id":6215,"date":"2024-10-06T19:52:15","date_gmt":"2024-10-06T17:52:15","guid":{"rendered":"https:\/\/zso4.szczecin.pl\/liceum\/?page_id=6215"},"modified":"2025-11-05T22:58:45","modified_gmt":"2025-11-05T21:58:45","slug":"kola-zainteresowan-2","status":"publish","type":"page","link":"https:\/\/zso4.szczecin.pl\/liceum\/kola-zainteresowan-2\/","title":{"rendered":"KO\u0141A ZAINTERESOWA\u0143"},"content":{"rendered":"\n<figure class=\"wp-block-table\"><table><tbody><tr><td><strong>Nazwisko prowadz\u0105cego<\/strong><\/td><td><strong>Godzina i dzie\u0144 tygodnia<\/strong><\/td><td><strong>Nazwa ko\u0142a<\/strong><\/td><\/tr><tr><td>Sonia Pa\u0144czuk-Mura<\/td><td>wtorek (co 2 tydzie\u0144)<\/td><td>Ko\u0142o WOS<\/td><\/tr><tr><td>Sonia Pa\u0144czuk-Mura<\/td><td>\u015broda<\/td><td>Ko\u0142o prawne<\/td><\/tr><tr><td>Barbara Ma\u0142kowska<\/td><td>14:30-16:00 poniedzia\u0142ek<\/td><td>Fakultet dla klasy 3LA<\/td><\/tr><tr><td>Barbara Bogucka<\/td><td>14:35-16:00 czwartek<\/td><td>Ko\u0142o muzyczne<\/td><\/tr><tr><td>Agnieszka Kozio\u0142<\/td><td>7:00-8:00 poniedzia\u0142ek (co 2 tydzie\u0144)<\/td><td>Ko\u0142o chemiczne<\/td><\/tr><tr><td>Barbara Listek<\/td><td>poniedzia\u0142ek &nbsp;(co 2 tydzie\u0144)<\/td><td>Logiczne my\u015blenie kl. 4 SP<\/td><\/tr><tr><td>Kamila Patyna<\/td><td>14:20-15:05 poniedzia\u0142ek (co 2 tydzie\u0144)<\/td><td>Szczecin moje miast kl. 4-8 SP<\/td><\/tr><tr><td>Paulina Haraszczuk<\/td><td>14:45-15:30 \u015broda<\/td><td>Ko\u0142o plastyczno-techniczne<\/td><\/tr><tr><td>Aneta Makochon<\/td><td>15:40-16:25 czwartek<\/td><td>Ko\u0142o j. w\u0142oskiego<\/td><\/tr><tr><td>Aneta Wawrzyniak<\/td><td>16:30-17:15 \u015broda<\/td><td>SKS kl.4-8 SP<\/td><\/tr><tr><td>Tomasz Por\u0119bski<\/td><td>7:30-9:00 poniedzia\u0142ek<\/td><td>Ko\u0142o meteorologiczne<\/td><\/tr><tr><td>Justyna Pr\u00f3chnicka<\/td><td>14:45-15:30 czwartek<\/td><td>Fakultet z historii<\/td><\/tr><tr><td>Adam Witkowski<\/td><td>16:30-18:00 wtorek (co 2 tydzie\u0144)<\/td><td>Gambit- ko\u0142o szachowe<\/td><\/tr><tr><td>Joanna Sobkowiak<\/td><td>13:30 pi\u0105tek<\/td><td>Ko\u0142o j\u0119zykowe dla uczni\u00f3w zdolnych kl. 5-6 SP<\/td><\/tr><tr><td>Marek Bry\u0142a<\/td><td>16:15 czwartek<\/td><td>SKM<\/td><\/tr><tr><td>Korycko Dorota<\/td><td>14:45-15:30<\/td><td>Zaj\u0119cia rozwijaj\u0105ce zainteresowania z j\u0119zyka w\u0142oskiego.<\/td><\/tr><tr><td>Ma\u0142gorzata Brzoskenewicz-Pierko<\/td><td>15:30-16:30 wtorki<\/td><td>Ko\u0142o przyrodnicze i Klub M\u0142odego Odkrywcy \u201ePatyczaki\u201d<\/td><\/tr><tr><td>Ma\u0142gorzata Brzoskenewicz-Pierko<\/td><td>14:45-15:30 pi\u0105tek(co 2 tydzie\u0144)<\/td><td>Fakultet dla SP<\/td><\/tr><tr><td>Ma\u0142gorzata Brzoskenewicz-Pierko<\/td><td>15:30-16:15 pi\u0105tek (co 2 tydzie\u0144)<\/td><td>Fakultet dla LO<\/td><\/tr><tr><td>Agnieszka Lorczak<\/td><td>15:30-16:20 wtorek<\/td><td>Ucz\u0119 si\u0119 uczy\u0107 klasy 7-8<\/td><\/tr><tr><td>\u017baneta Krukowska<\/td><td>14:40-16:00 wtorek<\/td><td>Ko\u0142o biologiczne kl. III LO<\/td><\/tr><\/tbody><\/table><\/figure>\n","protected":false},"excerpt":{"rendered":"<p>Nazwisko prowadz\u0105cego Godzina i dzie\u0144 tygodnia Nazwa ko\u0142a Sonia Pa\u0144czuk-Mura wtorek (co 2 tydzie\u0144) Ko\u0142o WOS Sonia Pa\u0144czuk-Mura \u015broda Ko\u0142o prawne Barbara Ma\u0142kowska 14:30-16:00 poniedzia\u0142ek Fakultet dla klasy 3LA Barbara Bogucka 14:35-16:00 czwartek Ko\u0142o muzyczne Agnieszka Kozio\u0142 7:00-8:00 poniedzia\u0142ek (co 2 tydzie\u0144) Ko\u0142o chemiczne Barbara Listek poniedzia\u0142ek &nbsp;(co 2 tydzie\u0144) Logiczne my\u015blenie kl. 4 SP [&hellip;]<\/p>\n","protected":false},"author":1,"featured_media":0,"parent":0,"menu_order":0,"comment_status":"closed","ping_status":"closed","template":"","meta":{"_exactmetrics_skip_tracking":false,"_exactmetrics_sitenote_active":false,"_exactmetrics_sitenote_note":"","_exactmetrics_sitenote_category":0},"_links":{"self":[{"href":"https:\/\/zso4.szczecin.pl\/liceum\/wp-json\/wp\/v2\/pages\/6215"}],"collection":[{"href":"https:\/\/zso4.szczecin.pl\/liceum\/wp-json\/wp\/v2\/pages"}],"about":[{"href":"https:\/\/zso4.szczecin.pl\/liceum\/wp-json\/wp\/v2\/types\/page"}],"author":[{"embeddable":true,"href":"https:\/\/zso4.szczecin.pl\/liceum\/wp-json\/wp\/v2\/users\/1"}],"replies":[{"embeddable":true,"href":"https:\/\/zso4.szczecin.pl\/liceum\/wp-json\/wp\/v2\/comments?post=6215"}],"version-history":[{"count":3,"href":"https:\/\/zso4.szczecin.pl\/liceum\/wp-json\/wp\/v2\/pages\/6215\/revisions"}],"predecessor-version":[{"id":7170,"href":"https:\/\/zso4.szczecin.pl\/liceum\/wp-json\/wp\/v2\/pages\/6215\/revisions\/7170"}],"wp:attachment":[{"href":"https:\/\/zso4.szczecin.pl\/liceum\/wp-json\/wp\/v2\/media?parent=6215"}],"curies":[{"name":"wp","href":"https:\/\/api.w.org\/{rel}","templated":true}]}}