{"id":5,"date":"2017-03-14T11:48:16","date_gmt":"2017-03-14T10:48:16","guid":{"rendered":"http:\/\/zsoszczevi.cluster023.hosting.ovh.net\/gimnazjum\/?page_id=5"},"modified":"2017-11-12T23:06:16","modified_gmt":"2017-11-12T22:06:16","slug":"nasza_szkola","status":"publish","type":"page","link":"https:\/\/zso4.szczecin.pl\/liceum\/nasza_szkola\/","title":{"rendered":"NASZA SZKO\u0141A"},"content":{"rendered":"<h1 class=\"font_2\" style=\"text-align: center;\"><span class=\"color_13\">HISTORIA SZKO\u0141Y<\/span><\/h1>\n<div id=\"i16u5m53\" class=\"txtNew\" data-reactid=\".0.$SITE_ROOT.$desktop_siteRoot.$PAGES_CONTAINER.$centeredContent.$inlineContent.$SITE_PAGES.$c17qr_DESKTOP.$inlineContent.$i16u5m53\">\n<blockquote>\n<p class=\"font_7\">Szko\u0142o! Szko\u0142o!<br \/>\nGdy ci\u0119 wspominam,<br \/>\nT\u0119sknota w serce si\u0119 wgryza.<br \/>\nOczy mam pe\u0142ne \u0142ez!<\/p>\n<\/blockquote>\n<p class=\"font_7\" style=\"text-align: left;\">Julian Tuwim ,,Nad Cezarem\u2019\u2019<\/p>\n<p class=\"font_7\" style=\"text-align: left;\">Zesp\u00f3\u0142 Szk\u00f3\u0142 Og\u00f3lnokszta\u0142c\u0105cych Nr 4 przy ulicy Romera 2 w Szczecinie tworz\u0105: Szko\u0142a Podstawowa nr 2 oraz \u00a0XI Liceum Og\u00f3lnokszta\u0142c\u0105ce.<\/p>\n<p class=\"font_7\" style=\"text-align: left;\">Kamie\u0144 w\u0119gielny pod XI Liceum Og\u00f3lnokszta\u0142c\u0105ce, w roku 1990, po\u0142o\u017cy\u0142 mgr Ryszard Stefaniak. Do dnia dzisiejszego funkcj\u0119 dyrektora kolejno piastowali: mgr Barbara Wro\u0144ska, mgr Danuta Rodziewicz, mgr Alicja Cegielska, mgr Jadwiga Biernacka. Obecnie dyrektorem Zespo\u0142u Szk\u00f3\u0142 Og\u00f3lnokszta\u0142c\u0105cych Nr 4 jest mgr Miros\u0142aw Mika.<\/p>\n<p class=\"font_7\" style=\"text-align: left;\">Od roku szkolnego 2007\/2008 w XI Liceum Og\u00f3lnokszta\u0142c\u0105cym zosta\u0142a wprowadzona nauka j\u0119zyka w\u0142oskiego. Sta\u0142o si\u0119 to mo\u017cliwe dzi\u0119ki nawi\u0105zaniu wsp\u00f3\u0142pracy z Instytutem Italianistyki Uniwersytetu Szczeci\u0144skiego. W\u00a0 roku szkolnym 2008\/2009 na poziomie gimnazjum powsta\u0142a klasa dwuj\u0119zyczna z j\u0119zykiem w\u0142oskim. W klasie tej w j\u0119zyku w\u0142oskim prowadzona jest nauka geografii i historii. Klasa dwuj\u0119zyczna obj\u0119ta jest naborem bezrejonowym.<\/p>\n<p class=\"font_7\" style=\"text-align: left;\">W ci\u0105gu osiemnastu lat istnienia szko\u0142y, wros\u0142a ona w \u015brodowisko lokalne. Uczniowie i nauczyciele anga\u017cuj\u0105 si\u0119 w r\u00f3\u017cnego rodzaju dzia\u0142ania spo\u0142eczne, rozs\u0142awiaj\u0105c dobre imi\u0119 swojej plac\u00f3wki, a tak\u017ce ukazuj\u0105c innym osobom postawy warto\u015bciowe, kreatywne i godne na\u015bladowania.<\/p>\n<p class=\"font_7\" style=\"text-align: left;\">Gimnazjum Nr 14 swoj\u0105 dzia\u0142alno\u015b\u0107 rozpocz\u0119\u0142o dnia 1 wrze\u015bnia 1991 roku, ale pocz\u0105tkow\u0105 jego siedzib\u0105 by\u0142 budynek przy ul. Benesza 75. Dyrektorami tej plac\u00f3wki byli: mgr Iwona Gajdzi\u0144ska oraz mgr Dariusz Szklarski. Z dniem 1 wrze\u015bnia 2007 roku\u00a0 szko\u0142a zosta\u0142a przeniesiona do budynku przy ul. Romera 2 w Szczecinie i wesz\u0142a w sk\u0142ad Zespo\u0142u Szk\u00f3\u0142 Og\u00f3lnokszta\u0142c\u0105cych Nr 4. Pomimo tej zmiany\u00a0, gimnazjum cieszy si\u0119 bardzo du\u017cym zainteresowaniem uczni\u00f3w szk\u00f3\u0142 podstawowych, poniewa\u017c ma na swoim koncie liczne osi\u0105gni\u0119cia i sukcesy.<\/p>\n<p>Od roku szkolnego 2017\/2017 Gimnazjum nr XIV zosta\u0142o przekszta\u0142cone w Szko\u0142\u0119 Podstawow\u0105 nr 2.<\/p>\n<p class=\"font_7\" style=\"text-align: left;\">W ostatnich latach nast\u0105pi\u0142 dynamiczny rozw\u00f3j szko\u0142y, kt\u00f3rego konsekwencj\u0105 jest\u00a0 bogata i interesuj\u0105ca oferta edukacyjna, przek\u0142adaj\u0105ca si\u0119 na stale rosn\u0105ce wyniki i sukcesy naszych uczni\u00f3w.<\/p>\n<\/div>\n<div id=\"i2swvoom\" class=\"c1\" data-reactid=\".0.$SITE_ROOT.$desktop_siteRoot.$PAGES_CONTAINER.$centeredContent.$inlineContent.$SITE_PAGES.$c17qr_DESKTOP.$inlineContent.$i2swvoom\"><\/div>\n","protected":false},"excerpt":{"rendered":"<p>HISTORIA SZKO\u0141Y Szko\u0142o! Szko\u0142o! Gdy ci\u0119 wspominam, T\u0119sknota w serce si\u0119 wgryza. Oczy mam pe\u0142ne \u0142ez! Julian Tuwim ,,Nad Cezarem\u2019\u2019 Zesp\u00f3\u0142 Szk\u00f3\u0142 Og\u00f3lnokszta\u0142c\u0105cych Nr 4 przy ulicy Romera 2 w Szczecinie tworz\u0105: Szko\u0142a Podstawowa nr 2 oraz \u00a0XI Liceum Og\u00f3lnokszta\u0142c\u0105ce. Kamie\u0144 w\u0119gielny pod XI Liceum Og\u00f3lnokszta\u0142c\u0105ce, w roku 1990, po\u0142o\u017cy\u0142 mgr Ryszard Stefaniak. Do dnia [&hellip;]<\/p>\n","protected":false},"author":1,"featured_media":305,"parent":0,"menu_order":1,"comment_status":"closed","ping_status":"closed","template":"","meta":{"_exactmetrics_skip_tracking":false,"_exactmetrics_sitenote_active":false,"_exactmetrics_sitenote_note":"","_exactmetrics_sitenote_category":0},"_links":{"self":[{"href":"https:\/\/zso4.szczecin.pl\/liceum\/wp-json\/wp\/v2\/pages\/5"}],"collection":[{"href":"https:\/\/zso4.szczecin.pl\/liceum\/wp-json\/wp\/v2\/pages"}],"about":[{"href":"https:\/\/zso4.szczecin.pl\/liceum\/wp-json\/wp\/v2\/types\/page"}],"author":[{"embeddable":true,"href":"https:\/\/zso4.szczecin.pl\/liceum\/wp-json\/wp\/v2\/users\/1"}],"replies":[{"embeddable":true,"href":"https:\/\/zso4.szczecin.pl\/liceum\/wp-json\/wp\/v2\/comments?post=5"}],"version-history":[{"count":5,"href":"https:\/\/zso4.szczecin.pl\/liceum\/wp-json\/wp\/v2\/pages\/5\/revisions"}],"predecessor-version":[{"id":362,"href":"https:\/\/zso4.szczecin.pl\/liceum\/wp-json\/wp\/v2\/pages\/5\/revisions\/362"}],"wp:featuredmedia":[{"embeddable":true,"href":"https:\/\/zso4.szczecin.pl\/liceum\/wp-json\/wp\/v2\/media\/305"}],"wp:attachment":[{"href":"https:\/\/zso4.szczecin.pl\/liceum\/wp-json\/wp\/v2\/media?parent=5"}],"curies":[{"name":"wp","href":"https:\/\/api.w.org\/{rel}","templated":true}]}}