{"id":455,"date":"2017-11-22T12:38:28","date_gmt":"2017-11-22T11:38:28","guid":{"rendered":"http:\/\/zsoszczevi.cluster023.hosting.ovh.net\/liceum\/?page_id=455"},"modified":"2018-09-28T21:11:34","modified_gmt":"2018-09-28T19:11:34","slug":"dla-rodzicow","status":"publish","type":"page","link":"https:\/\/zso4.szczecin.pl\/liceum\/dla-rodzicow\/","title":{"rendered":"DLA RODZIC\u00d3W"},"content":{"rendered":"<blockquote><p><strong>Rodzice dzieci posiadaj\u0105cych orzeczenie o potrzebie kszta\u0142cenia specjalnego<\/strong><\/p>\n<p>Koordynatorami ds. edukacji w\u0142\u0105czaj\u0105cej w Kuratorium O\u015bwiaty w Szczecinie s\u0105:<\/p>\n<p>&nbsp;<\/p>\n<p>p wizytator Hanna Markowska (nr tel. 914427542)<br \/>\np. wizytator Agnieszka Stroynowska (nr tel. 9144275545)<\/p>\n<p>&nbsp;<\/p>\n<p>kontakt telefoniczny lub osobisty<br \/>\nw poniedzia\u0142ki godz. 15.30 -17.00<\/p><\/blockquote>\n","protected":false},"excerpt":{"rendered":"<p>Rodzice dzieci posiadaj\u0105cych orzeczenie o potrzebie kszta\u0142cenia specjalnego Koordynatorami ds. edukacji w\u0142\u0105czaj\u0105cej w Kuratorium O\u015bwiaty w Szczecinie s\u0105: &nbsp; p wizytator Hanna Markowska (nr tel. 914427542) p. wizytator Agnieszka Stroynowska (nr tel. 9144275545) &nbsp; kontakt telefoniczny lub osobisty w poniedzia\u0142ki godz. 15.30 -17.00<\/p>\n","protected":false},"author":1,"featured_media":0,"parent":0,"menu_order":0,"comment_status":"closed","ping_status":"closed","template":"","meta":{"_exactmetrics_skip_tracking":false,"_exactmetrics_sitenote_active":false,"_exactmetrics_sitenote_note":"","_exactmetrics_sitenote_category":0},"_links":{"self":[{"href":"https:\/\/zso4.szczecin.pl\/liceum\/wp-json\/wp\/v2\/pages\/455"}],"collection":[{"href":"https:\/\/zso4.szczecin.pl\/liceum\/wp-json\/wp\/v2\/pages"}],"about":[{"href":"https:\/\/zso4.szczecin.pl\/liceum\/wp-json\/wp\/v2\/types\/page"}],"author":[{"embeddable":true,"href":"https:\/\/zso4.szczecin.pl\/liceum\/wp-json\/wp\/v2\/users\/1"}],"replies":[{"embeddable":true,"href":"https:\/\/zso4.szczecin.pl\/liceum\/wp-json\/wp\/v2\/comments?post=455"}],"version-history":[{"count":4,"href":"https:\/\/zso4.szczecin.pl\/liceum\/wp-json\/wp\/v2\/pages\/455\/revisions"}],"predecessor-version":[{"id":1622,"href":"https:\/\/zso4.szczecin.pl\/liceum\/wp-json\/wp\/v2\/pages\/455\/revisions\/1622"}],"wp:attachment":[{"href":"https:\/\/zso4.szczecin.pl\/liceum\/wp-json\/wp\/v2\/media?parent=455"}],"curies":[{"name":"wp","href":"https:\/\/api.w.org\/{rel}","templated":true}]}}