{"id":33,"date":"2017-03-14T12:48:20","date_gmt":"2017-03-14T11:48:20","guid":{"rendered":"http:\/\/zsoszczevi.cluster023.hosting.ovh.net\/gimnazjum\/?page_id=33"},"modified":"2023-09-25T21:18:55","modified_gmt":"2023-09-25T19:18:55","slug":"biblioteka","status":"publish","type":"page","link":"https:\/\/zso4.szczecin.pl\/liceum\/biblioteka\/","title":{"rendered":"BIBLIOTEKA"},"content":{"rendered":"<div id=\"i2sth3ui\" class=\"s8\" title=\"\" data-exact-height=\"601\" data-content-padding-horizontal=\"0\" data-content-padding-vertical=\"0\" data-reactid=\".0.$SITE_ROOT.$desktop_siteRoot.$PAGES_CONTAINER.1.1.$SITE_PAGES.$c1v00.1.$i2sth3ui\">\n<div id=\"i2sth3uilink\" class=\"s8link\" data-reactid=\".0.$SITE_ROOT.$desktop_siteRoot.$PAGES_CONTAINER.1.1.$SITE_PAGES.$c1v00.1.$i2sth3ui.0\">\n<h2 id=\"i2sth3uiimg\" class=\"s8img\" data-reactid=\".0.$SITE_ROOT.$desktop_siteRoot.$PAGES_CONTAINER.1.1.$SITE_PAGES.$c1v00.1.$i2sth3ui.0.0\">GODZINY OTWARCIA BIBLIOTEKI<\/h2>\n<\/div>\n<\/div>\n<h2 id=\"i1qdc6kj\" class=\"s4\" data-reactid=\".0.$SITE_ROOT.$desktop_siteRoot.$PAGES_CONTAINER.1.1.$SITE_PAGES.$c1v00.1.$i1qdc6kj\"><a href=\"http:\/\/zso4.szczecin.pl\/liceum\/wp-content\/uploads\/sites\/6\/2017\/11\/biblioteka.jpg\"><img loading=\"lazy\" class=\"size-medium wp-image-312 alignright\" src=\"http:\/\/zso4.szczecin.pl\/liceum\/wp-content\/uploads\/sites\/6\/2017\/11\/biblioteka-300x199.jpg\" alt=\"\" width=\"300\" height=\"199\" srcset=\"https:\/\/zso4.szczecin.pl\/liceum\/wp-content\/uploads\/sites\/6\/2017\/11\/biblioteka-300x199.jpg 300w, https:\/\/zso4.szczecin.pl\/liceum\/wp-content\/uploads\/sites\/6\/2017\/11\/biblioteka-768x511.jpg 768w, https:\/\/zso4.szczecin.pl\/liceum\/wp-content\/uploads\/sites\/6\/2017\/11\/biblioteka-1024x681.jpg 1024w, https:\/\/zso4.szczecin.pl\/liceum\/wp-content\/uploads\/sites\/6\/2017\/11\/biblioteka.jpg 1280w\" sizes=\"(max-width: 300px) 100vw, 300px\" \/><\/a><\/h2>\n<div id=\"i2awc0gw\" class=\"s4\" data-reactid=\".0.$SITE_ROOT.$desktop_siteRoot.$PAGES_CONTAINER.1.1.$SITE_PAGES.$c1v00.1.$i2awc0gw\">\n<blockquote>\n<h2 class=\"font_8\">poniedzia\u0142ek<br \/>\nwtorek<br \/>\n\u015broda<br \/>\nczwartek<br \/>\npi\u0105tek<\/h2>\n<\/blockquote>\n<\/div>\n<h2 style=\"text-align: left;\"><\/h2>\n<hr \/>\n<h2 style=\"text-align: left;\"><span style=\"color: #000080;\"><a style=\"color: #000080;\" href=\"http:\/\/zso4.szczecin.pl\/liceum\/wp-content\/uploads\/sites\/6\/2023\/09\/REGULAMIN_PODRECZNIKI-Z-DOTACJI-CELOWEJ-MEiN-1.pdf\">REGULAMIN_PODR\u0118CZNIKI-Z-DOTACJI-CELOWEJ-MEiN<\/a><\/span><\/h2>\n<h2><span style=\"color: #000080;\"><a style=\"color: #000080;\" href=\"http:\/\/zso4.szczecin.pl\/liceum\/wp-content\/uploads\/sites\/6\/2020\/09\/Regulamin-biblioteki-ZSO-nr-4.pdf\" target=\"_blank\" rel=\"noopener\">Regulamin biblioteki pdf.<\/a><\/span><\/h2>\n<div id=\"i2awc0gw\" class=\"s4\" data-reactid=\".0.$SITE_ROOT.$desktop_siteRoot.$PAGES_CONTAINER.1.1.$SITE_PAGES.$c1v00.1.$i2awc0gw\">\n<hr \/>\n<p><code><ul class=\"lcp_catlist\" id=\"lcp_instance_0\"><li><a href=\"https:\/\/zso4.szczecin.pl\/liceum\/2026\/05\/04\/wycieczka-klasy-2la-warszawy\/\">Wycieczka klasy 2LA Warszawy<\/a><\/li><li><a href=\"https:\/\/zso4.szczecin.pl\/liceum\/2026\/05\/04\/matura-2026-w-xi-lo-powodzenia\/\">MATURA 2026 W XI LO \u2013 POWODZENIA!<\/a><\/li><li><a href=\"https:\/\/zso4.szczecin.pl\/liceum\/2026\/04\/25\/7657\/\"><\/a><\/li><li><a href=\"https:\/\/zso4.szczecin.pl\/liceum\/2026\/04\/24\/klasa-3le-uczestniczyla-w-obchodach-dnia-geografia-na-us\/\">Klasa 3LE uczestniczy\u0142a w obchodach Dnia Geografia na US<\/a><\/li><li><a href=\"https:\/\/zso4.szczecin.pl\/liceum\/2026\/04\/19\/dzien-otwarty-szkoly-4\/\">Dzie\u0144 Otwarty Szko\u0142y<\/a><\/li><li><a href=\"https:\/\/zso4.szczecin.pl\/liceum\/2026\/04\/13\/dzien-otwarty-szkoly-3\/\">Dzie\u0144 otwarty szko\u0142y<\/a><\/li><li><a href=\"https:\/\/zso4.szczecin.pl\/liceum\/2026\/04\/06\/twoj-szczecin-twoj-projekt-szczecinski-budzet-obywatelski\/\">&#8222;Tw\u00f3j Szczecin Tw\u00f3j projekt &#8221; Szczeci\u0144ski Bud\u017cet Obywatelski!&nbsp;<\/a><\/li><li><a href=\"https:\/\/zso4.szczecin.pl\/liceum\/2026\/03\/30\/klasa-1lb-medyczna-na-warsztatach-chemicznych-na-zut\/\"><strong>Klasa 1LB<\/strong><strong> &#8211;<\/strong><strong> medyczna na warsztatach chemicznych na ZUT .<\/strong><\/a><\/li><li><a href=\"https:\/\/zso4.szczecin.pl\/liceum\/2026\/03\/25\/stypendium-prezesa-rady-ministrow\/\">Stypendium Prezesa Rady Ministr\u00f3w<\/a><\/li><li><a href=\"https:\/\/zso4.szczecin.pl\/liceum\/2026\/03\/13\/konkursu-z-astronomii\/\">Konkursu z astronomii\u00a0<\/a><\/li><\/ul><\/span><\/p>\n<\/div>\n","protected":false},"excerpt":{"rendered":"<p>GODZINY OTWARCIA BIBLIOTEKI poniedzia\u0142ek wtorek \u015broda czwartek pi\u0105tek REGULAMIN_PODR\u0118CZNIKI-Z-DOTACJI-CELOWEJ-MEiN Regulamin biblioteki pdf.<\/p>\n","protected":false},"author":1,"featured_media":136,"parent":0,"menu_order":0,"comment_status":"closed","ping_status":"closed","template":"","meta":{"_exactmetrics_skip_tracking":false,"_exactmetrics_sitenote_active":false,"_exactmetrics_sitenote_note":"","_exactmetrics_sitenote_category":0},"_links":{"self":[{"href":"https:\/\/zso4.szczecin.pl\/liceum\/wp-json\/wp\/v2\/pages\/33"}],"collection":[{"href":"https:\/\/zso4.szczecin.pl\/liceum\/wp-json\/wp\/v2\/pages"}],"about":[{"href":"https:\/\/zso4.szczecin.pl\/liceum\/wp-json\/wp\/v2\/types\/page"}],"author":[{"embeddable":true,"href":"https:\/\/zso4.szczecin.pl\/liceum\/wp-json\/wp\/v2\/users\/1"}],"replies":[{"embeddable":true,"href":"https:\/\/zso4.szczecin.pl\/liceum\/wp-json\/wp\/v2\/comments?post=33"}],"version-history":[{"count":11,"href":"https:\/\/zso4.szczecin.pl\/liceum\/wp-json\/wp\/v2\/pages\/33\/revisions"}],"predecessor-version":[{"id":4723,"href":"https:\/\/zso4.szczecin.pl\/liceum\/wp-json\/wp\/v2\/pages\/33\/revisions\/4723"}],"wp:featuredmedia":[{"embeddable":true,"href":"https:\/\/zso4.szczecin.pl\/liceum\/wp-json\/wp\/v2\/media\/136"}],"wp:attachment":[{"href":"https:\/\/zso4.szczecin.pl\/liceum\/wp-json\/wp\/v2\/media?parent=33"}],"curies":[{"name":"wp","href":"https:\/\/api.w.org\/{rel}","templated":true}]}}