{"id":282,"date":"2017-11-05T13:43:49","date_gmt":"2017-11-05T12:43:49","guid":{"rendered":"http:\/\/zsoszczevi.cluster023.hosting.ovh.net\/liceum\/?page_id=282"},"modified":"2024-07-01T08:05:57","modified_gmt":"2024-07-01T06:05:57","slug":"podrczniki","status":"publish","type":"page","link":"https:\/\/zso4.szczecin.pl\/liceum\/podrczniki\/","title":{"rendered":"PODR\u0118CZNIKI"},"content":{"rendered":"<h2><a href=\"https:\/\/zso4.szczecin.pl\/liceum\/wp-content\/uploads\/sites\/6\/2024\/07\/KL.-1-LO_SZKOLNY-ZESTAW-PODRECZNIKOW_2024-2025.pdf\" target=\"_blank\" rel=\"noopener\">KL. 1 LO_SZKOLNY ZESTAW PODR\u0118CZNIK\u00d3W_2024-2025 pdf.<\/a><\/h2>\n<h2><a href=\"https:\/\/zso4.szczecin.pl\/liceum\/wp-content\/uploads\/sites\/6\/2024\/07\/KL.-2-LO_SZKOLNY-ZESTAW-PODRECZNIKOW_2024-2025-.pdf\" target=\"_blank\" rel=\"noopener\">KL. 2 LO_SZKOLNY ZESTAW PODR\u0118CZNIK\u00d3W_2024-2025 pdf.<\/a><\/h2>\n<h2><a href=\"https:\/\/zso4.szczecin.pl\/liceum\/wp-content\/uploads\/sites\/6\/2024\/07\/KL.-3-LO-_SZKOLNY-ZESTAW-PODRECZNIKOW_2024-2025-.pdf\" target=\"_blank\" rel=\"noopener\">KL. 3 LO _SZKOLNY ZESTAW PODR\u0118CZNIK\u00d3W_2024-2025 pdf.<\/a><\/h2>\n<h2><a href=\"https:\/\/zso4.szczecin.pl\/liceum\/wp-content\/uploads\/sites\/6\/2024\/07\/KL.-4-LO-_SZKOLNY-ZESTAW-PODRECZNIKOW_2024-2025..pdf\" target=\"_blank\" rel=\"noopener\">KL. 4 LO _SZKOLNY ZESTAW PODR\u0118CZNIK\u00d3W_2024-2025. pdf.<\/a><\/h2>\n<hr \/>\n<p><a href=\"http:\/\/zso4.szczecin.pl\/liceum\/wp-content\/uploads\/sites\/6\/2023\/09\/REGULAMIN_PODRECZNIKI-Z-DOTACJI-CELOWEJ-MEiN.pdf\">REGULAMIN_PODR\u0118CZNIKI-Z-DOTACJI-CELOWEJ-MEiN<\/a><\/p>\n","protected":false},"excerpt":{"rendered":"<p>KL. 1 LO_SZKOLNY ZESTAW PODR\u0118CZNIK\u00d3W_2024-2025 pdf. KL. 2 LO_SZKOLNY ZESTAW PODR\u0118CZNIK\u00d3W_2024-2025 pdf. KL. 3 LO _SZKOLNY ZESTAW PODR\u0118CZNIK\u00d3W_2024-2025 pdf. KL. 4 LO _SZKOLNY ZESTAW PODR\u0118CZNIK\u00d3W_2024-2025. pdf. REGULAMIN_PODR\u0118CZNIKI-Z-DOTACJI-CELOWEJ-MEiN<\/p>\n","protected":false},"author":1,"featured_media":0,"parent":0,"menu_order":0,"comment_status":"closed","ping_status":"closed","template":"","meta":{"_exactmetrics_skip_tracking":false,"_exactmetrics_sitenote_active":false,"_exactmetrics_sitenote_note":"","_exactmetrics_sitenote_category":0},"_links":{"self":[{"href":"https:\/\/zso4.szczecin.pl\/liceum\/wp-json\/wp\/v2\/pages\/282"}],"collection":[{"href":"https:\/\/zso4.szczecin.pl\/liceum\/wp-json\/wp\/v2\/pages"}],"about":[{"href":"https:\/\/zso4.szczecin.pl\/liceum\/wp-json\/wp\/v2\/types\/page"}],"author":[{"embeddable":true,"href":"https:\/\/zso4.szczecin.pl\/liceum\/wp-json\/wp\/v2\/users\/1"}],"replies":[{"embeddable":true,"href":"https:\/\/zso4.szczecin.pl\/liceum\/wp-json\/wp\/v2\/comments?post=282"}],"version-history":[{"count":21,"href":"https:\/\/zso4.szczecin.pl\/liceum\/wp-json\/wp\/v2\/pages\/282\/revisions"}],"predecessor-version":[{"id":6080,"href":"https:\/\/zso4.szczecin.pl\/liceum\/wp-json\/wp\/v2\/pages\/282\/revisions\/6080"}],"wp:attachment":[{"href":"https:\/\/zso4.szczecin.pl\/liceum\/wp-json\/wp\/v2\/media?parent=282"}],"curies":[{"name":"wp","href":"https:\/\/api.w.org\/{rel}","templated":true}]}}