{"id":263,"date":"2017-11-05T13:16:36","date_gmt":"2017-11-05T12:16:36","guid":{"rendered":"http:\/\/zsoszczevi.cluster023.hosting.ovh.net\/liceum\/?page_id=263"},"modified":"2025-09-28T23:39:18","modified_gmt":"2025-09-28T21:39:18","slug":"dokumenty-2","status":"publish","type":"page","link":"https:\/\/zso4.szczecin.pl\/liceum\/dokumenty-2\/","title":{"rendered":"DOKUMENTY"},"content":{"rendered":"<p><span style=\"color: #000080;\"><a style=\"color: #000080;\" href=\"https:\/\/zso4.szczecin.pl\/wp-content\/uploads\/2025\/09\/Statut_-ZSO4_obowiazujacy-od-01.09.-2025-r..pdf\" target=\"_blank\" rel=\"noopener\">Statut ZSO4 obowi\u0105zuj\u0105cy od 01.09.2025 r.<\/a><\/span><\/p>\n<p><span style=\"color: #000080;\"><a style=\"color: #000080;\" href=\"https:\/\/zso4.szczecin.pl\/wp-content\/uploads\/2025\/09\/PROGRAM-prof-wych-2025_2026.pdf\" target=\"_blank\" rel=\"noopener\">Szkolny program profilaktyczno-wychowawczy pdf<\/a>.<\/span><\/p>\n<p><span style=\"color: #000080;\"><a style=\"color: #000080;\" href=\"https:\/\/zso4.szczecin.pl\/liceum\/wp-content\/uploads\/sites\/6\/2024\/09\/Standardy-Ochrony-Maloletnich-ZSO-Nr-4-w-Szczecinie-1.pdf\" target=\"_blank\" rel=\"noopener\">Standardy Ochrony Ma\u0142oletnich ZSO Nr 4 w Szczecinie<\/a><\/span><\/p>\n<p><span style=\"color: #000080;\"><a style=\"color: #000080;\" href=\"http:\/\/zso4.szczecin.pl\/liceum\/wp-content\/uploads\/sites\/6\/2022\/02\/Zasady-korzystania-z-dziennika-elektronicznego-Librus-Synergia.pdf\" target=\"_blank\" rel=\"noopener\">Zasady korzystania z dziennika elektronicznego Librus Synergia<\/a><\/span><\/p>\n<p><span style=\"color: #000080;\"><a style=\"color: #000080;\" href=\"https:\/\/zso4.szczecin.pl\/liceum\/wp-content\/uploads\/sites\/6\/2024\/04\/DLA-UCZNIO\u0301W-Standardy-Ochrony-Maloletnich.pdf\">DLA UCZNIO\u0301W- Standardy Ochrony Ma\u0142oletnich<\/a><\/span><\/p>\n<p><span style=\"color: #000080;\"><a style=\"color: #000080;\" href=\"http:\/\/zsoszczevi.cluster023.hosting.ovh.net\/liceum\/wp-content\/uploads\/sites\/6\/2017\/11\/O\u015bwiadczenie-na-wykorzystanie-wizerunku.pdf\" target=\"_blank\" rel=\"noopener\">O\u015bwiadczenie na wykorzystanie wizerunku pdf.<\/a><\/span><\/p>\n<p><span style=\"color: #000080;\"><a style=\"color: #000080;\" href=\"http:\/\/zso4.szczecin.pl\/liceum\/wp-content\/uploads\/sites\/6\/2019\/11\/Regulamin-korzystania-z-szafek-szkolnych.pdf\" target=\"_blank\" rel=\"noopener\">Regulamin korzystania z szafek szkolnych pdf.<\/a><\/span><\/p>\n<hr \/>\n<p><span style=\"color: #000080;\"><a style=\"color: #000080;\" href=\"http:\/\/zsoszczevi.cluster023.hosting.ovh.net\/liceum\/wp-content\/uploads\/sites\/6\/2017\/11\/Zwolnienie-z-zaj\u0119\u0107-wychowania-fizycznego.pdf\" target=\"_blank\" rel=\"noopener\">Zwolnienie z zaj\u0119\u0107 wychowania fizycznego pdf.<\/a><\/span><\/p>\n<p><span style=\"color: #000080;\"><a style=\"color: #000080;\" href=\"http:\/\/zso4.szczecin.pl\/liceum\/wp-content\/uploads\/sites\/6\/2023\/09\/REGULAMIN_PODRECZNIKI-Z-DOTACJI-CELOWEJ-MEiN-1.pdf\" target=\"_blank\" rel=\"noopener\">Regulamin podr\u0119cznik\u00f3w z dotacji celowej MEiN<\/a><\/span><\/p>\n<p><span style=\"color: #000080;\"><a style=\"color: #000080;\" href=\"http:\/\/zso4.szczecin.pl\/liceum\/wp-content\/uploads\/sites\/6\/2019\/11\/UMOWA-U\u017bYTKOWANIA-SZAFKI-SZKOLNEJ.pdf\">Umowa u\u017cytkowania szafki szkolnej pdf.<\/a><\/span><\/p>\n<p><span style=\"color: #000080;\"><a style=\"color: #000080;\" href=\"http:\/\/zso4.szczecin.pl\/liceum\/wp-content\/uploads\/sites\/6\/2022\/09\/zgoda-rodzica-na-pomoc-psychologiczno-pedagogiczna.pdf\">Zgoda rodzica na pomoc psychologiczno-pedagogiczn\u0105<\/a><\/span><\/p>\n<p><span style=\"color: #000080;\"><a style=\"color: #000080;\" href=\"http:\/\/zso4.szczecin.pl\/liceum\/wp-content\/uploads\/sites\/6\/2022\/09\/zgoda-na-pomoc-psychologiczno-pedagogiczna-pelnoletniego-ucznia.pdf\">Zgoda na pomoc psychologiczno-pedagogiczn\u0105 pe\u0142noletniego ucznia<\/a><\/span><\/p>\n<p><span style=\"color: #000080;\"><a style=\"color: #000080;\" href=\"http:\/\/zso4.szczecin.pl\/liceum\/wp-content\/uploads\/sites\/6\/2022\/09\/Zgoda-rodzica-na-zajecia-rozwijajace-kompetencje-emocjonalno-spoleczne.pdf\">Zgoda rodzica na zaj\u0119cia rozwijaj\u0105ce kompetencje emocjonalno-spo\u0142eczne<\/a><\/span><\/p>\n<p><span style=\"color: #000080;\"><a style=\"color: #000080;\" href=\"http:\/\/zso4.szczecin.pl\/liceum\/wp-content\/uploads\/sites\/6\/2023\/03\/WNIOSEK-O-WYDANIE-DUPLIKATU-LEGITYMACJI.docx\" target=\"_blank\" rel=\"noopener\">WNIOSEK O WYDANIE DUPLIKATU LEGITYMACJI<\/a> <\/span><\/p>\n<p><span style=\"color: #000080;\"><a style=\"color: #000080;\" href=\"http:\/\/zso4.szczecin.pl\/liceum\/wp-content\/uploads\/sites\/6\/2023\/03\/WNIOSEK-O-WYDANIE-MLEGITYMACJI.docx\" target=\"_blank\" rel=\"noopener\">WNIOSEK O WYDANIE MLEGITYMACJI<\/a> <\/span><\/p>\n<p><span style=\"color: #000080;\"><a style=\"color: #000080;\" href=\"http:\/\/zso4.szczecin.pl\/liceum\/wp-content\/uploads\/sites\/6\/2023\/03\/WNIOSEK-O-WYDANIE-ZASWIADCZENIA-O-NAUCE.docx\" target=\"_blank\" rel=\"noopener\">WNIOSEK O WYDANIE ZA\u015aWIADCZENIA O NAUCE<\/a><\/span><\/p>\n<hr \/>\n<p><span style=\"color: #000080;\"><span style=\"color: #000000;\">Przedmiotowe Zasady Oceniania\u00a0<\/span><\/span><\/p>\n\n\n<div class=\"wp-block-file\"><a id=\"wp-block-file--media-394101fe-7809-4996-9e87-bc69d345b8b1\" href=\"https:\/\/zso4.szczecin.pl\/liceum\/wp-content\/uploads\/sites\/6\/2025\/09\/JPOL_PZO_LO-od-2025-2026.pdf\">JPOL_PZO_LO-od 2025-2026<\/a><a href=\"https:\/\/zso4.szczecin.pl\/liceum\/wp-content\/uploads\/sites\/6\/2025\/09\/JPOL_PZO_LO-od-2025-2026.pdf\" class=\"wp-block-file__button\" download aria-describedby=\"wp-block-file--media-394101fe-7809-4996-9e87-bc69d345b8b1\">Pobierz<\/a><\/div>\n\n\n\n<div class=\"wp-block-file\"><a id=\"wp-block-file--media-7e370351-2f23-4bb8-a6b2-e605e0e1f7df\" href=\"https:\/\/zso4.szczecin.pl\/liceum\/wp-content\/uploads\/sites\/6\/2025\/09\/JEZYKI-OBCE_PZO_LO-od-2025-2026.pdf\">J\u0118ZYKI OBCE_PZO_LO-od 2025-2026<\/a><a href=\"https:\/\/zso4.szczecin.pl\/liceum\/wp-content\/uploads\/sites\/6\/2025\/09\/JEZYKI-OBCE_PZO_LO-od-2025-2026.pdf\" class=\"wp-block-file__button\" download aria-describedby=\"wp-block-file--media-7e370351-2f23-4bb8-a6b2-e605e0e1f7df\">Pobierz<\/a><\/div>\n\n\n\n<div class=\"wp-block-file\"><a id=\"wp-block-file--media-6dc9d10f-d6a2-4a5f-8cce-4c89074e108f\" href=\"https:\/\/zso4.szczecin.pl\/liceum\/wp-content\/uploads\/sites\/6\/2025\/09\/MATEMATYKA_PZO-LO-od-2025-2026.pdf\">MATEMATYKA_PZO LO od 2025-2026<\/a><a href=\"https:\/\/zso4.szczecin.pl\/liceum\/wp-content\/uploads\/sites\/6\/2025\/09\/MATEMATYKA_PZO-LO-od-2025-2026.pdf\" class=\"wp-block-file__button\" download aria-describedby=\"wp-block-file--media-6dc9d10f-d6a2-4a5f-8cce-4c89074e108f\">Pobierz<\/a><\/div>\n\n\n\n<div class=\"wp-block-file\"><a id=\"wp-block-file--media-3b4d9bae-6832-4d1a-b32f-63654675d0ca\" href=\"https:\/\/zso4.szczecin.pl\/liceum\/wp-content\/uploads\/sites\/6\/2025\/09\/INFORMATYKA_PZO_LO-od-2025-2026.pdf\">INFORMATYKA_PZO_LO-od 2025-2026<\/a><a href=\"https:\/\/zso4.szczecin.pl\/liceum\/wp-content\/uploads\/sites\/6\/2025\/09\/INFORMATYKA_PZO_LO-od-2025-2026.pdf\" class=\"wp-block-file__button\" download aria-describedby=\"wp-block-file--media-3b4d9bae-6832-4d1a-b32f-63654675d0ca\">Pobierz<\/a><\/div>\n\n\n\n<div class=\"wp-block-file\"><a id=\"wp-block-file--media-397971e3-b057-4d05-8e4a-5dc564b6f442\" href=\"https:\/\/zso4.szczecin.pl\/liceum\/wp-content\/uploads\/sites\/6\/2025\/09\/HISTORIA_PZO_-LO-od-2025-2026.pdf\">HISTORIA_PZO_ LO od 2025-2026<\/a><a href=\"https:\/\/zso4.szczecin.pl\/liceum\/wp-content\/uploads\/sites\/6\/2025\/09\/HISTORIA_PZO_-LO-od-2025-2026.pdf\" class=\"wp-block-file__button\" download aria-describedby=\"wp-block-file--media-397971e3-b057-4d05-8e4a-5dc564b6f442\">Pobierz<\/a><\/div>\n\n\n\n<div class=\"wp-block-file\"><a id=\"wp-block-file--media-9ed960e3-df85-4268-801d-41b07863a217\" href=\"https:\/\/zso4.szczecin.pl\/liceum\/wp-content\/uploads\/sites\/6\/2025\/09\/PLASTYKA_PZO_LO-od-2025-2026.pdf\">PLASTYKA_PZO_LO od 2025-2026<\/a><a href=\"https:\/\/zso4.szczecin.pl\/liceum\/wp-content\/uploads\/sites\/6\/2025\/09\/PLASTYKA_PZO_LO-od-2025-2026.pdf\" class=\"wp-block-file__button\" download aria-describedby=\"wp-block-file--media-9ed960e3-df85-4268-801d-41b07863a217\">Pobierz<\/a><\/div>\n\n\n\n<div class=\"wp-block-file\"><a id=\"wp-block-file--media-cf6b31b5-ebf5-4ebb-a5da-3bc03fa1de5b\" href=\"https:\/\/zso4.szczecin.pl\/liceum\/wp-content\/uploads\/sites\/6\/2025\/09\/PRZYRODNICZE_PZO-LO-od-2025-2026.pdf\">PRZYRODNICZE_PZO-LO od 2025-2026<\/a><a href=\"https:\/\/zso4.szczecin.pl\/liceum\/wp-content\/uploads\/sites\/6\/2025\/09\/PRZYRODNICZE_PZO-LO-od-2025-2026.pdf\" class=\"wp-block-file__button\" download aria-describedby=\"wp-block-file--media-cf6b31b5-ebf5-4ebb-a5da-3bc03fa1de5b\">Pobierz<\/a><\/div>\n\n\n\n<div class=\"wp-block-file\"><a id=\"wp-block-file--media-d645660a-9ddc-432e-bba0-f73073e56e1c\" href=\"https:\/\/zso4.szczecin.pl\/liceum\/wp-content\/uploads\/sites\/6\/2025\/09\/WF_PZO_LO-od-2025-2026.pdf\">WF_PZO_LO od 2025-2026<\/a><a href=\"https:\/\/zso4.szczecin.pl\/liceum\/wp-content\/uploads\/sites\/6\/2025\/09\/WF_PZO_LO-od-2025-2026.pdf\" class=\"wp-block-file__button\" download aria-describedby=\"wp-block-file--media-d645660a-9ddc-432e-bba0-f73073e56e1c\">Pobierz<\/a><\/div>\n\n\n\n<div class=\"wp-block-file\"><a id=\"wp-block-file--media-a4d22fcb-a6cb-4531-910e-41bc6176d72a\" href=\"https:\/\/zso4.szczecin.pl\/liceum\/wp-content\/uploads\/sites\/6\/2025\/09\/WOS-i-EOB_PZO_2025-2026.pdf\">WOS i EOB_PZO_2025-2026<\/a><a href=\"https:\/\/zso4.szczecin.pl\/liceum\/wp-content\/uploads\/sites\/6\/2025\/09\/WOS-i-EOB_PZO_2025-2026.pdf\" class=\"wp-block-file__button\" download aria-describedby=\"wp-block-file--media-a4d22fcb-a6cb-4531-910e-41bc6176d72a\">Pobierz<\/a><\/div>\n\n\n\n<div class=\"wp-block-file\"><a id=\"wp-block-file--media-240c9424-ba37-4da9-88dc-5367be58af40\" href=\"https:\/\/zso4.szczecin.pl\/liceum\/wp-content\/uploads\/sites\/6\/2025\/09\/EDB-PZO_LO-od-2025-2026.pdf\">EDB PZO_LO-od 2025-2026<\/a><a href=\"https:\/\/zso4.szczecin.pl\/liceum\/wp-content\/uploads\/sites\/6\/2025\/09\/EDB-PZO_LO-od-2025-2026.pdf\" class=\"wp-block-file__button\" download aria-describedby=\"wp-block-file--media-240c9424-ba37-4da9-88dc-5367be58af40\">Pobierz<\/a><\/div>\n","protected":false},"excerpt":{"rendered":"<p>Statut ZSO4 obowi\u0105zuj\u0105cy od 01.09.2025 r. Szkolny program profilaktyczno-wychowawczy pdf. Standardy Ochrony Ma\u0142oletnich ZSO Nr 4 w Szczecinie Zasady korzystania z dziennika elektronicznego Librus Synergia DLA UCZNIO\u0301W- Standardy Ochrony Ma\u0142oletnich O\u015bwiadczenie na wykorzystanie wizerunku pdf. Regulamin korzystania z szafek szkolnych pdf. Zwolnienie z zaj\u0119\u0107 wychowania fizycznego pdf. Regulamin podr\u0119cznik\u00f3w z dotacji celowej MEiN Umowa u\u017cytkowania [&hellip;]<\/p>\n","protected":false},"author":1,"featured_media":0,"parent":0,"menu_order":0,"comment_status":"closed","ping_status":"closed","template":"","meta":{"_exactmetrics_skip_tracking":false,"_exactmetrics_sitenote_active":false,"_exactmetrics_sitenote_note":"","_exactmetrics_sitenote_category":0},"_links":{"self":[{"href":"https:\/\/zso4.szczecin.pl\/liceum\/wp-json\/wp\/v2\/pages\/263"}],"collection":[{"href":"https:\/\/zso4.szczecin.pl\/liceum\/wp-json\/wp\/v2\/pages"}],"about":[{"href":"https:\/\/zso4.szczecin.pl\/liceum\/wp-json\/wp\/v2\/types\/page"}],"author":[{"embeddable":true,"href":"https:\/\/zso4.szczecin.pl\/liceum\/wp-json\/wp\/v2\/users\/1"}],"replies":[{"embeddable":true,"href":"https:\/\/zso4.szczecin.pl\/liceum\/wp-json\/wp\/v2\/comments?post=263"}],"version-history":[{"count":82,"href":"https:\/\/zso4.szczecin.pl\/liceum\/wp-json\/wp\/v2\/pages\/263\/revisions"}],"predecessor-version":[{"id":7129,"href":"https:\/\/zso4.szczecin.pl\/liceum\/wp-json\/wp\/v2\/pages\/263\/revisions\/7129"}],"wp:attachment":[{"href":"https:\/\/zso4.szczecin.pl\/liceum\/wp-json\/wp\/v2\/media?parent=263"}],"curies":[{"name":"wp","href":"https:\/\/api.w.org\/{rel}","templated":true}]}}