{"id":249,"date":"2017-11-05T12:42:38","date_gmt":"2017-11-05T11:42:38","guid":{"rendered":"http:\/\/zsoszczevi.cluster023.hosting.ovh.net\/liceum\/?page_id=249"},"modified":"2017-11-25T10:40:37","modified_gmt":"2017-11-25T09:40:37","slug":"ubezpieczenie","status":"publish","type":"page","link":"https:\/\/zso4.szczecin.pl\/liceum\/ubezpieczenie\/","title":{"rendered":"UBEZPIECZENIE"},"content":{"rendered":"<h1 class=\"font_2\" style=\"text-align: center;\"><span class=\"color_24\">WARUNKI UBEZPIECZENIA<\/span><\/h1>\n<p class=\"font_8\">WARUNKI UBEZPIECZENIA<\/p>\n<p class=\"font_8\">1. M\u0142odzie\u017c Zespo\u0142u Szk\u00f3\u0142 Og\u00f3lnokszta\u0142c\u0105cych Nr 4 w Szczecinie, w roku szkolnym 2017\/2018 ubezpieczona jest w \u00a0 \u00a0 \u00a0 \u00a0Nauczycielskiej Agencji Ubezpieczeniowej.<\/p>\n<p class=\"font_8\">2. Og\u00f3lne informacje:<\/p>\n<p class=\"font_8\">a)\u00a0 Okres ubezpieczenia: 01.09.2017 \u2013 31.08.2018.<\/p>\n<p class=\"font_8\">b)\u00a0 Suma ubezpieczenia:20.000,00 z\u0142<\/p>\n<p class=\"font_8\">c)\u00a0 Miejsce ubezpieczenia: ca\u0142y \u015bwiat \u2013 NNW ( 24 h\/dob\u0119).<\/p>\n<p class=\"font_8\">d)\u00a0 Sk\u0142adka za jednego ucznia : 45,00 z\u0142<\/p>\n<p>&nbsp;<\/p>\n<p class=\"font_8\">3.\u00a0 <a href=\"http:\/\/zsoszczevi.cluster023.hosting.ovh.net\/liceum\/wp-content\/uploads\/sites\/6\/2017\/11\/SWU_EDU_PLUS.pdf\">Warunki ubezpieczenia pdf<\/a>.<\/p>\n<p class=\"font_8\">4.\u00a0<a href=\"http:\/\/zsoszczevi.cluster023.hosting.ovh.net\/liceum\/wp-content\/uploads\/sites\/6\/2017\/11\/O\u015bwiadczenie_indywidualne_NAU_PROFIT.pdf\">O\u015bwiadczenie indywidualne pdf.<\/a><\/p>\n","protected":false},"excerpt":{"rendered":"<p>WARUNKI UBEZPIECZENIA WARUNKI UBEZPIECZENIA 1. M\u0142odzie\u017c Zespo\u0142u Szk\u00f3\u0142 Og\u00f3lnokszta\u0142c\u0105cych Nr 4 w Szczecinie, w roku szkolnym 2017\/2018 ubezpieczona jest w \u00a0 \u00a0 \u00a0 \u00a0Nauczycielskiej Agencji Ubezpieczeniowej. 2. Og\u00f3lne informacje: a)\u00a0 Okres ubezpieczenia: 01.09.2017 \u2013 31.08.2018. b)\u00a0 Suma ubezpieczenia:20.000,00 z\u0142 c)\u00a0 Miejsce ubezpieczenia: ca\u0142y \u015bwiat \u2013 NNW ( 24 h\/dob\u0119). d)\u00a0 Sk\u0142adka za jednego ucznia : [&hellip;]<\/p>\n","protected":false},"author":1,"featured_media":0,"parent":0,"menu_order":0,"comment_status":"closed","ping_status":"closed","template":"","meta":{"_exactmetrics_skip_tracking":false,"_exactmetrics_sitenote_active":false,"_exactmetrics_sitenote_note":"","_exactmetrics_sitenote_category":0},"_links":{"self":[{"href":"https:\/\/zso4.szczecin.pl\/liceum\/wp-json\/wp\/v2\/pages\/249"}],"collection":[{"href":"https:\/\/zso4.szczecin.pl\/liceum\/wp-json\/wp\/v2\/pages"}],"about":[{"href":"https:\/\/zso4.szczecin.pl\/liceum\/wp-json\/wp\/v2\/types\/page"}],"author":[{"embeddable":true,"href":"https:\/\/zso4.szczecin.pl\/liceum\/wp-json\/wp\/v2\/users\/1"}],"replies":[{"embeddable":true,"href":"https:\/\/zso4.szczecin.pl\/liceum\/wp-json\/wp\/v2\/comments?post=249"}],"version-history":[{"count":11,"href":"https:\/\/zso4.szczecin.pl\/liceum\/wp-json\/wp\/v2\/pages\/249\/revisions"}],"predecessor-version":[{"id":506,"href":"https:\/\/zso4.szczecin.pl\/liceum\/wp-json\/wp\/v2\/pages\/249\/revisions\/506"}],"wp:attachment":[{"href":"https:\/\/zso4.szczecin.pl\/liceum\/wp-json\/wp\/v2\/media?parent=249"}],"curies":[{"name":"wp","href":"https:\/\/api.w.org\/{rel}","templated":true}]}}