{"id":24,"date":"2017-03-14T12:40:04","date_gmt":"2017-03-14T11:40:04","guid":{"rendered":"http:\/\/zsoszczevi.cluster023.hosting.ovh.net\/gimnazjum\/?page_id=24"},"modified":"2025-09-02T22:59:11","modified_gmt":"2025-09-02T20:59:11","slug":"wychowawcy","status":"publish","type":"page","link":"https:\/\/zso4.szczecin.pl\/liceum\/wychowawcy\/","title":{"rendered":"WYCHOWAWCY"},"content":{"rendered":"\n<p><strong>Klasa 1LA:<\/strong> Sonia Pa\u0144czuk-Mura<\/p>\n\n\n\n<p><strong>Klasa 1LB:<\/strong> Beata Zymek<\/p>\n\n\n\n<p><strong>Klasa 2LA:<\/strong> Joanna Ta\u0144ska-Rosochacka<\/p>\n\n\n\n<p><strong>Klasa 2LB:<\/strong> Tomasz Por\u0119bski<\/p>\n\n\n\n<p><strong>Klasa 3LA:<\/strong> Barbara Ma\u0142kowska<\/p>\n\n\n\n<p><strong>Klasa 3LB:<\/strong> \u017baneta Krukowska<\/p>\n\n\n\n<p><strong>Klasa 3LC:<\/strong> Renata Skrodzka<\/p>\n\n\n\n<p><strong>Klasa 3LD:<\/strong> Alina Ismail<\/p>\n\n\n\n<p><strong>Klasa 3LE:<\/strong> Monika Gieracz<\/p>\n\n\n\n<p><strong>Klasa 3LF:<\/strong> Mariola Konicka<\/p>\n\n\n\n<p><strong>Klasa 3LG:<\/strong> Bart\u0142omiej Wypychowski<\/p>\n\n\n\n<p><strong>Klasa 4LA:<\/strong> Micha\u0142 Basarab<\/p>\n\n\n\n<p><strong>Klasa 4LB:<\/strong> Agnieszka Kozio\u0142<\/p>\n\n\n\n<p><strong>Klasa 4LC:<\/strong> El\u017cbieta Wo\u017aniak-Weychan<\/p>\n\n\n\n<p><strong>Klasa 4LD:<\/strong> Patrycja Przydatek<\/p>\n","protected":false},"excerpt":{"rendered":"<p>Klasa 1LA: Sonia Pa\u0144czuk-Mura Klasa 1LB: Beata Zymek Klasa 2LA: Joanna Ta\u0144ska-Rosochacka Klasa 2LB: Tomasz Por\u0119bski Klasa 3LA: Barbara Ma\u0142kowska Klasa 3LB: \u017baneta Krukowska Klasa 3LC: Renata Skrodzka Klasa 3LD: Alina Ismail Klasa 3LE: Monika Gieracz Klasa 3LF: Mariola Konicka Klasa 3LG: Bart\u0142omiej Wypychowski Klasa 4LA: Micha\u0142 Basarab Klasa 4LB: Agnieszka Kozio\u0142 Klasa 4LC: El\u017cbieta [&hellip;]<\/p>\n","protected":false},"author":1,"featured_media":0,"parent":0,"menu_order":0,"comment_status":"closed","ping_status":"closed","template":"","meta":{"_exactmetrics_skip_tracking":false,"_exactmetrics_sitenote_active":false,"_exactmetrics_sitenote_note":"","_exactmetrics_sitenote_category":0},"_links":{"self":[{"href":"https:\/\/zso4.szczecin.pl\/liceum\/wp-json\/wp\/v2\/pages\/24"}],"collection":[{"href":"https:\/\/zso4.szczecin.pl\/liceum\/wp-json\/wp\/v2\/pages"}],"about":[{"href":"https:\/\/zso4.szczecin.pl\/liceum\/wp-json\/wp\/v2\/types\/page"}],"author":[{"embeddable":true,"href":"https:\/\/zso4.szczecin.pl\/liceum\/wp-json\/wp\/v2\/users\/1"}],"replies":[{"embeddable":true,"href":"https:\/\/zso4.szczecin.pl\/liceum\/wp-json\/wp\/v2\/comments?post=24"}],"version-history":[{"count":20,"href":"https:\/\/zso4.szczecin.pl\/liceum\/wp-json\/wp\/v2\/pages\/24\/revisions"}],"predecessor-version":[{"id":7082,"href":"https:\/\/zso4.szczecin.pl\/liceum\/wp-json\/wp\/v2\/pages\/24\/revisions\/7082"}],"wp:attachment":[{"href":"https:\/\/zso4.szczecin.pl\/liceum\/wp-json\/wp\/v2\/media?parent=24"}],"curies":[{"name":"wp","href":"https:\/\/api.w.org\/{rel}","templated":true}]}}