{"id":1804,"date":"2018-11-14T23:29:43","date_gmt":"2018-11-14T22:29:43","guid":{"rendered":"http:\/\/zso4.szczecin.pl\/liceum\/?page_id=1804"},"modified":"2018-11-14T23:31:48","modified_gmt":"2018-11-14T22:31:48","slug":"warsztaty-dla-rodzicow","status":"publish","type":"page","link":"https:\/\/zso4.szczecin.pl\/liceum\/warsztaty-dla-rodzicow\/","title":{"rendered":"WARSZTATY DLA RODZIC\u00d3W"},"content":{"rendered":"<article id=\"page-415\" class=\"row-fluid post-415 page type-page status-publish has-post-thumbnail hentry\">\n<div class=\"entry-content\">\n<p align=\"center\"><b>DRODZY RODZICE!<\/b><\/p>\n<p align=\"center\">W tym roku szkolnym (tak, jak w zesz\u0142ym) odbywa\u0107 si\u0119 b\u0119d\u0105 warsztaty dla tych z Was, kt\u00f3rzy poprzez rozwijanie swoich kompetencji rodzicielskich, chcieliby w codziennym \u017cyciu umie\u0107 rozmawia\u0107, wzmacnia\u0107, b\u0105d\u017a skutecznie motywowa\u0107 swoje dzieci. Na spotkaniach (poza du\u017c\u0105 dawk\u0105 wiedzy z psychologii rozwojowej) b\u0119dziemy wymienia\u0107 si\u0119 swymi do\u015bwiadczeniami, rozmawia\u0107, pyta\u0107 i \u0107wiczy\u0107, \u0107wiczy\u0107, \u0107wiczy\u0107\u2026<\/p>\n<ul>\n<li>Warsztaty s\u0105 bezp\u0142atne<\/li>\n<li>maj\u0105 charakter otwarty<\/li>\n<li>odbywaj\u0105 si\u0119 na terenie ZSO nr 4, w godz.:\u00a0<b>16.30 \u2013 19.30<\/b><\/li>\n<li>Prowadz\u0105cy: mgr Milena Bielenis \u2013 nauczyciel j. polskiego i filozofii, trener biznesu, mediator, mama Nadii i Filipa<\/li>\n<li><a name=\"_GoBack\"><\/a>Warunkiem wzi\u0119cia udzia\u0142u w warsztatach jest wcze\u015bniejsze zapisanie si\u0119 na nie u prowadz\u0105cej:\u00a0<b>milenabielenis@gmail.com<\/b><\/li>\n<\/ul>\n<p>TEMATYKA:<\/p>\n<ol>\n<li><b>Pozw\u00f3l, \u017ce Ci pomog\u0119 \u2013 techniki skutecznego uczenia si\u0119\u00a0<\/b>(29.10.18)<\/li>\n<li><b>Efektywne komunikowanie si\u0119 \u2013 spos\u00f3b na dobre relacje rodzinne (<\/b>30.10.18\u00a0<b>i 14.11.18)<\/b><\/li>\n<li><b>Rodzic i dziecko w obliczu konfliktu. Trudna sztuka zarz\u0105dzania i rozwi\u0105zywania konflikt\u00f3w (20.11.18 i 04.12.18)<\/b><\/li>\n<li><b>Jak motywowa\u0107 dziecko, aby chcia\u0142o mu si\u0119 chcie\u0107? (11.12.18 i 08.01.19)<\/b><\/li>\n<\/ol>\n<div class=\"apss-social-share apss-theme-6 clearfix\">\n<div class=\"apss-share-text\"><\/div>\n<div class=\"apss-facebook apss-single-icon\">\n<div class=\"apss-icon-block clearfix\"><\/div>\n<\/div>\n<\/div>\n<\/div>\n<\/article>\n","protected":false},"excerpt":{"rendered":"<p>DRODZY RODZICE! W tym roku szkolnym (tak, jak w zesz\u0142ym) odbywa\u0107 si\u0119 b\u0119d\u0105 warsztaty dla tych z Was, kt\u00f3rzy poprzez rozwijanie swoich kompetencji rodzicielskich, chcieliby w codziennym \u017cyciu umie\u0107 rozmawia\u0107, wzmacnia\u0107, b\u0105d\u017a skutecznie motywowa\u0107 swoje dzieci. Na spotkaniach (poza du\u017c\u0105 dawk\u0105 wiedzy z psychologii rozwojowej) b\u0119dziemy wymienia\u0107 si\u0119 swymi do\u015bwiadczeniami, rozmawia\u0107, pyta\u0107 i \u0107wiczy\u0107, \u0107wiczy\u0107, [&hellip;]<\/p>\n","protected":false},"author":1,"featured_media":0,"parent":0,"menu_order":0,"comment_status":"closed","ping_status":"closed","template":"","meta":{"_exactmetrics_skip_tracking":false,"_exactmetrics_sitenote_active":false,"_exactmetrics_sitenote_note":"","_exactmetrics_sitenote_category":0},"_links":{"self":[{"href":"https:\/\/zso4.szczecin.pl\/liceum\/wp-json\/wp\/v2\/pages\/1804"}],"collection":[{"href":"https:\/\/zso4.szczecin.pl\/liceum\/wp-json\/wp\/v2\/pages"}],"about":[{"href":"https:\/\/zso4.szczecin.pl\/liceum\/wp-json\/wp\/v2\/types\/page"}],"author":[{"embeddable":true,"href":"https:\/\/zso4.szczecin.pl\/liceum\/wp-json\/wp\/v2\/users\/1"}],"replies":[{"embeddable":true,"href":"https:\/\/zso4.szczecin.pl\/liceum\/wp-json\/wp\/v2\/comments?post=1804"}],"version-history":[{"count":1,"href":"https:\/\/zso4.szczecin.pl\/liceum\/wp-json\/wp\/v2\/pages\/1804\/revisions"}],"predecessor-version":[{"id":1805,"href":"https:\/\/zso4.szczecin.pl\/liceum\/wp-json\/wp\/v2\/pages\/1804\/revisions\/1805"}],"wp:attachment":[{"href":"https:\/\/zso4.szczecin.pl\/liceum\/wp-json\/wp\/v2\/media?parent=1804"}],"curies":[{"name":"wp","href":"https:\/\/api.w.org\/{rel}","templated":true}]}}