{"id":1028,"date":"2018-03-01T15:47:07","date_gmt":"2018-03-01T14:47:07","guid":{"rendered":"http:\/\/zso4.szczecin.pl\/liceum\/?page_id=1028"},"modified":"2019-03-08T23:17:16","modified_gmt":"2019-03-08T22:17:16","slug":"zasady-rekrutacji","status":"publish","type":"page","link":"https:\/\/zso4.szczecin.pl\/liceum\/zasady-rekrutacji\/","title":{"rendered":"Zasady rekrutacji"},"content":{"rendered":"<p><b>1. Podstawa prawna<\/b> <span style=\"font-weight: 400;\">\u00a0Zarz\u0105dzeniem nr 8\/2019 Zachodniopomorskiego Kuratora O\u015bwiaty z dnia 30 stycznia 2019 roku w sprawie okre\u015blenia termin\u00f3w przeprowadzania post\u0119powania rekrutacyjnego i post\u0119powania uzupe\u0142niaj\u0105cego, w tym termin\u00f3w sk\u0142adania dokument\u00f3w, na rok szkolny 2019\/2020 do: publicznych szk\u00f3\u0142 podstawowych dla doros\u0142ych, klas I publicznych szk\u00f3\u0142 ponadgimnazjalnych, klasy I publicznej szko\u0142y ponadpodstawowej, o kt\u00f3rej mowa w art. 18 ust. 1 pkt 2 lit. c ustawy \u2013 Prawo o\u015bwiatowe.<\/span> <span style=\"font-weight: 400;\">Rekrutacj\u0119 do XI Liceum Og\u00f3lnokszta\u0142c\u0105cego z Oddzia\u0142ami Dwuj\u0119zycznymi prowadzi Szkolna Komisja Rekrutacyjna \u00a0powo\u0142ana przez dyrektora szko\u0142y.<\/span> \u00a0 <span style=\"font-weight: 400;\">W celu przeprowadzenia rekrutacji do klasy pierwszej liceum, dyrektor szko\u0142y powo\u0142uje szkoln\u0105 komisj\u0119 rekrutacyjn\u0105, do kt\u00f3rej zada\u0144 nale\u017cy:<\/span><\/p>\n<ul>\n<li style=\"font-weight: 400;\"><span style=\"font-weight: 400;\">podanie do wiadomo\u015bci kandydatom informacji o warunkach rekrutacji;<\/span><\/li>\n<li style=\"font-weight: 400;\"><span style=\"font-weight: 400;\">sporz\u0105dzenie protoko\u0142u post\u0119powania rekrutacyjnego;<\/span><\/li>\n<li style=\"font-weight: 400;\"><span style=\"font-weight: 400;\">przeprowadzenie sprawdzianu uzdolnie\u0144 kierunkowych (dotyczy klasy dwuj\u0119zycznej);<\/span><\/li>\n<li style=\"font-weight: 400;\"><span style=\"font-weight: 400;\">og\u0142oszenie wynik\u00f3w sprawdzianu uzdolnie\u0144 kierunkowych (dotyczy klasy dwuj\u0119zycznej).<\/span><\/li>\n<\/ul>\n<p><span style=\"font-weight: 400;\">W terminie 7 dni od dnia podania do publicznej wiadomo\u015bci list kandydat\u00f3w przyj\u0119tych i nieprzyj\u0119tych do szko\u0142y istnieje mo\u017cliwo\u015b\u0107 wyst\u0105pienia do komisji rekrutacyjnej z wnioskiem o sporz\u0105dzenie uzasadnienia odmowy przyj\u0119cia kandydata do szko\u0142y.<\/span><\/p>\n<p><b>2. Zasady og\u00f3lne<\/b> <span style=\"font-weight: 400;\">O przyj\u0119cie do klas pierwszej liceum mog\u0105 ubiega\u0107 si\u0119 absolwenci gimnazj\u00f3w i szk\u00f3\u0142 podstawowych.<\/span><\/p>\n<p><span style=\"color: #ff0000;\"> W post\u0119powaniu rekrutacyjnym do oddzia\u0142u dwuj\u0119zycznego kandydaci, musz\u0105 przyst\u0105pi\u0107 do sprawdzianu z kompetencji j\u0119zykowych, odpowiednio z \u00a0j\u0119zyka angielskiego (w dniu 30 maja o godz.16:00) lub j\u0119zyka w\u0142oskiego (w dniu 28 maja\u00a0 o godz.16:00<span style=\"font-weight: 400;\">) i<\/span> <span style=\"font-weight: 400;\">uzyska\u0107 pozytywny wynik na poziomie minimum 51%.<\/span> \u00a0<\/span><\/p>\n<p><b>3. Wymagane dokumenty:<\/b><\/p>\n<ul>\n<li style=\"font-weight: 400;\"><span style=\"font-weight: 400;\">podanie okre\u015blaj\u0105ce kierunki kszta\u0142cenia &#8211; wydrukowane w oparciu o system rekrutacji;<\/span><\/li>\n<li style=\"font-weight: 400;\"><span style=\"font-weight: 400;\">uwierzytelniona kopia \u015bwiadectwa uko\u0144czenia gimnazjum lub szko\u0142y podstawowej i za\u015bwiadczenia o wynikach egzaminu zewn\u0119trznego ;<\/span><\/li>\n<li style=\"font-weight: 400;\"><span style=\"font-weight: 400;\">\u015bwiadectwo uko\u0144czenia gimnazjum i szko\u0142y podstawowej wraz z za\u015bwiadczeniem o wynikach egzaminu zewn\u0119trznego &#8211; \u00a0<\/span><b>po og\u0142oszeniu wynik\u00f3w rekrutacji<\/b><span style=\"font-weight: 400;\">;<\/span><\/li>\n<li style=\"font-weight: 400;\"><span style=\"font-weight: 400;\">trzy aktualne fotografie (podpisane na odwrocie 3.5cm x 4.5cm) &#8211; <\/span><b>dostarczane z orygina\u0142em \u015bwiadectwa<\/b><span style=\"font-weight: 400;\">;<\/span><\/li>\n<li style=\"font-weight: 400;\"><span style=\"font-weight: 400;\">kserokopia dowodu osobistego, paszportu lub aktu urodzenia (z numerem PESEL) &#8211; <\/span><b>dostarczone z orygina\u0142em \u015bwiadectwa<\/b><span style=\"font-weight: 400;\">;<\/span><\/li>\n<li style=\"font-weight: 400;\"><span style=\"font-weight: 400;\">karta zdrowia &#8211; <\/span><b>dostarczana z orygina\u0142em \u015bwiadectwa<\/b><span style=\"font-weight: 400;\">.<\/span><\/li>\n<\/ul>\n<p><b>Kandydaci do szko\u0142y mog\u0105 do dokument\u00f3w do\u0142\u0105czy\u0107<\/b> (uwierzytelnione kopie)<b>:<\/b><\/p>\n<ul>\n<li style=\"font-weight: 400;\"><span style=\"font-weight: 400;\">opini\u0119 publicznej poradni psychologiczno-pedagogicznej;<\/span><\/li>\n<li style=\"font-weight: 400;\"><span style=\"font-weight: 400;\">informacj\u0119 o indywidualnym programie lub toku nauki.<\/span><\/li>\n<\/ul>\n<p><b>O przyj\u0119ciu kandydata do klasy pierwszej liceum decyduj\u0105 poni\u017csze kryteria:<\/b> <span style=\"font-weight: 400;\">Kandydat mo\u017ce uzyska\u0107 w post\u0119powaniu rekrutacyjnym <\/span><b>maksymalnie 200 punkt\u00f3w.<\/b> <span style=\"font-weight: 400;\">Szkolna komisja rekrutacyjna przyznaje:<\/span> <b>Maks. 100 punkt\u00f3w<\/b> <span style=\"font-weight: 400;\">za wyniki egzaminu zewn\u0119trznego,\u00a0 przeprowadzonego w ostatnim roku nauki w gimnazjum\u00a0&#8211; 0,20 pkt i szkole podstawowej &#8211; 0,35 pkt za ka\u017cdy punkt procentowy uzyskany na egzaminie zewn\u0119trznym z zakres\u00f3w:<\/span><\/p>\n<p><img loading=\"lazy\" class=\"wp-image-2128 size-full aligncenter\" src=\"http:\/\/zso4.szczecin.pl\/liceum\/wp-content\/uploads\/sites\/6\/2019\/03\/kryteria_oceny-1.jpg\" alt=\"\" width=\"3780\" height=\"2126\" srcset=\"https:\/\/zso4.szczecin.pl\/liceum\/wp-content\/uploads\/sites\/6\/2019\/03\/kryteria_oceny-1.jpg 3780w, https:\/\/zso4.szczecin.pl\/liceum\/wp-content\/uploads\/sites\/6\/2019\/03\/kryteria_oceny-1-300x169.jpg 300w, https:\/\/zso4.szczecin.pl\/liceum\/wp-content\/uploads\/sites\/6\/2019\/03\/kryteria_oceny-1-768x432.jpg 768w, https:\/\/zso4.szczecin.pl\/liceum\/wp-content\/uploads\/sites\/6\/2019\/03\/kryteria_oceny-1-1024x576.jpg 1024w\" sizes=\"(max-width: 3780px) 100vw, 3780px\" \/><\/p>\n<p><b>Maks.\u00a0100 punkt\u00f3w<\/b><b>\u00a0<\/b>za wyniki uzyskane na \u015bwiadectwie uko\u0144czenia gimnazjum\u00a0w tym za: <strong>w<\/strong>\u00a0<b>tym maks 72 punkt\u00f3w<\/b>\u00a0za oceny z j\u0119zyka polskiego i trzech obowi\u0105zkowych zaj\u0119\u0107 edukacyjnych uzyskanych na \u015bwiadectwie uko\u0144czenia gimnazjum lub szko\u0142y podstawowej, zgodnie z zasad\u0105:<\/p>\n<ul>\n<li style=\"font-weight: 400;\"><span style=\"font-weight: 400;\">celuj\u0105cy <\/span> <span style=\"font-weight: 400;\">&#8211; <\/span><span style=\"font-weight: 400;\">18 punkt\u00f3w<\/span><span style=\"font-weight: 400;\">;<\/span><\/li>\n<li style=\"font-weight: 400;\"><span style=\"font-weight: 400;\">bardzo dobry <\/span> <span style=\"font-weight: 400;\">&#8211; <\/span><span style=\"font-weight: 400;\">17 punkt\u00f3w<\/span><span style=\"font-weight: 400;\">;<\/span><\/li>\n<li style=\"font-weight: 400;\"><span style=\"font-weight: 400;\">dobry <\/span> <span style=\"font-weight: 400;\">&#8211; <\/span><span style=\"font-weight: 400;\">14 punkt\u00f3w<\/span><span style=\"font-weight: 400;\">;<\/span><\/li>\n<li style=\"font-weight: 400;\"><span style=\"font-weight: 400;\">dostateczny<\/span> <span style=\"font-weight: 400;\">&#8211; <\/span><span style=\"font-weight: 400;\">8 punkt\u00f3w<\/span><span style=\"font-weight: 400;\">;<\/span><\/li>\n<li style=\"font-weight: 400;\"><span style=\"font-weight: 400;\">dopuszczaj\u0105cy <\/span> <span style=\"font-weight: 400;\">&#8211; <\/span><span style=\"font-weight: 400;\">2 punkty<\/span><span style=\"font-weight: 400;\">.<\/span><\/li>\n<\/ul>\n<p><strong>Cykl 3 letni po GM<\/strong><\/p>\n<table style=\"font-weight: inherit;\">\n<tbody>\n<tr>\n<td><strong>PROFILE KLAS<\/strong><\/td>\n<td><strong>PRZEDMIOTY PUNKTOWANE<\/strong><\/td>\n<\/tr>\n<tr>\n<td>LA &#8211; dwuj\u0119zyczna, prawna<\/td>\n<td>j. polski, WOS, historia,\u00a0 j. obcy nowo\u017cytny z gimnazjum (z wy\u017csz\u0105 ocen\u0105),\u00a0\u00a0<span style=\"color: #ff0000;\">obowi\u0105zkowy egzamin uzdolnie\u0144 kierunkowych z j. w\u0142oskiego lub j. angielskiego<\/span><\/td>\n<\/tr>\n<tr>\n<td>LB \u2013\u00a0 medyczno-ratownicza<\/td>\n<td>j. polski, biologia, chemia,\u00a0j. obcy nowo\u017cytny z gimnazjum (z wy\u017csz\u0105 ocen\u0105),<\/td>\n<\/tr>\n<tr>\n<td>LC \u2013 europejska<\/td>\n<td>j. polski, WOS, geografia,\u00a0 j. obcy nowo\u017cytny z gimnazjum (z wy\u017csz\u0105 ocen\u0105)<\/td>\n<\/tr>\n<\/tbody>\n<\/table>\n<p><strong>Cykl 4 letni po SP<\/strong><\/p>\n<table>\n<tbody>\n<tr>\n<td><strong>PROFILE KLAS<\/strong><\/td>\n<td><strong>PRZEDMIOTY PUNKTOWANE<\/strong><\/td>\n<\/tr>\n<tr>\n<td>LA &#8211;\u00a0 prawna<\/td>\n<td>j. polski, WOS, historia, \u00a0j. obcy nowo\u017cytny z szko\u0142y podstawowej (z wy\u017csz\u0105 ocen\u0105)<\/td>\n<\/tr>\n<tr>\n<td>LB \u2013\u00a0 medyczna &#8211; dwuj\u0119zyczna<\/td>\n<td>j. polski, biologia, chemia,\u00a0 j. obcy nowo\u017cytny z szko\u0142y podstawowej (z wy\u017csz\u0105 ocen\u0105),\u00a0<span style=\"color: #ff0000;\">obowi\u0105zkowy egzamin uzdolnie\u0144 kierunkowych z j. w\u0142oskiego lub j. angielskiego<\/span><\/td>\n<\/tr>\n<tr>\n<td>LC \u2013 medialno-europejska<\/td>\n<td>j. polski, matematyka,\u00a0 geografia,\u00a0 j. obcy nowo\u017cytny z szko\u0142y podstawowej (z wy\u017csz\u0105 ocen\u0105)<\/td>\n<\/tr>\n<\/tbody>\n<\/table>\n<p><b>maks.<\/b> <b>7 punkt\u00f3w<\/b><span style=\"font-weight: 400;\">\u00a0za uko\u0144czenie gimnazjum lub szko\u0142y podstawowej z wyr\u00f3\u017cnieniem.<\/span> <b>maks. 18 punkt\u00f3w<\/b><span style=\"font-weight: 400;\"> szczeg\u00f3lne osi\u0105gni\u0119cia w zawodach wiedzy, artystycznych i sportowych <\/span><b>wymienione na \u015bwiadectwie uko\u0144czenia gimnazjum<\/b><span style=\"font-weight: 400;\">\u00a0lub szko\u0142y podstawowej i uwzgl\u0119dnione w rozporz\u0105dzeniu Ministra Edukacji Narodowej z 2 listopada 2015 i zarz\u0105dzeniu Kuratora O\u015bwiaty w Szczecinie.<\/span><\/p>\n<p><span style=\"font-weight: 400;\"><strong>I.<\/strong> Za uzyskanie w zawodach wiedzy b\u0119d\u0105cych konkursem o zasi\u0119gu ponadwojew\u00f3dzkim organizowanym przez kurator\u00f3w o\u015bwiaty na podstawie zawartych porozumie\u0144:<\/span><\/p>\n<ul>\n<li><span style=\"font-weight: 400;\">tytu\u0142u finalisty konkursu przedmiotowego \u2013 przyznaje si\u0119 10 punkt\u00f3w,<\/span><\/li>\n<li><span style=\"font-weight: 400;\">tytu\u0142u laureata konkursu tematycznego lub interdyscyplinarnego \u2013 przyznaje si\u0119 7 punkt\u00f3w,<\/span><\/li>\n<li><span style=\"font-weight: 400;\">tytu\u0142u finalisty konkursu tematycznego lub interdyscyplinarnego \u2013 przyznaje si\u0119 5 punkt\u00f3w;<\/span><\/li>\n<\/ul>\n<p><b>II.<\/b><span style=\"font-weight: 400;\">\u00a0uzyskanie w zawodach wiedzy b\u0119d\u0105cych konkursem o zasi\u0119gu mi\u0119dzynarodowym lub og\u00f3lnopolskim albo turniejem o zasi\u0119gu og\u00f3lnopolskim, przeprowadzanymi zgodnie z przepisami wydanymi na podstawie art. 32a ust. 4 i art. 22 ust. 2 pkt 8 ustawy o systemie o\u015bwiaty:<\/span><\/p>\n<ul>\n<li><span style=\"font-weight: 400;\">tytu\u0142u finalisty konkursu z przedmiotu lub przedmiot\u00f3w artystycznych obj\u0119tych ramowym planem nauczania szko\u0142y artystycznej \u2013 przyznaje si\u0119 10 punkt\u00f3w,<\/span><\/li>\n<li><span style=\"font-weight: 400;\">tytu\u0142u laureata turnieju z przedmiotu lub przedmiot\u00f3w artystycznych nieobj\u0119tych ramowym planem nauczania szko\u0142y artystycznej \u2013 przyznaje si\u0119 4 punkty,<\/span><\/li>\n<li><span style=\"font-weight: 400;\">tytu\u0142u finalisty turnieju z przedmiotu lub przedmiot\u00f3w artystycznych nieobj\u0119tych ramowym planem nauczania szko\u0142y artystycznej \u2013 przyznaje si\u0119 3 punkty;<\/span><\/li>\n<\/ul>\n<p><b>III.<\/b><span style=\"font-weight: 400;\">\u00a0za uzyskanie w zawodach wiedzy b\u0119d\u0105cych konkursem o zasi\u0119gu wojew\u00f3dzkim organizowanym przez kuratora o\u015bwiaty:<\/span><\/p>\n<ul>\n<li><span style=\"font-weight: 400;\">dw\u00f3ch lub wi\u0119cej tytu\u0142\u00f3w finalisty konkursu przedmiotowego \u2013 przyznaje si\u0119 10 punkt\u00f3w,<\/span><\/li>\n<li><span style=\"font-weight: 400;\">dw\u00f3ch lub wi\u0119cej tytu\u0142\u00f3w laureata konkursu tematycznego lub interdyscyplinarnego \u2013 przyznaje si\u0119 7 punkt\u00f3w,<\/span><\/li>\n<li><span style=\"font-weight: 400;\">dw\u00f3ch lub wi\u0119cej tytu\u0142\u00f3w finalisty konkursu tematycznego lub interdyscyplinarnego \u2013 przyznaje si\u0119 5 punkt\u00f3w,<\/span><\/li>\n<li><span style=\"font-weight: 400;\">tytu\u0142u finalisty konkursu przedmiotowego \u2013 przyznaje si\u0119 7 punkt\u00f3w,<\/span><\/li>\n<li><span style=\"font-weight: 400;\">tytu\u0142u laureata konkursu tematycznego lub interdyscyplinarnego \u2013 przyznaje si\u0119 5 punkt\u00f3w,<\/span><\/li>\n<li><span style=\"font-weight: 400;\">tytu\u0142u finalisty konkursu tematycznego lub interdyscyplinarnego \u2013 przyznaje si\u0119 3 punkty;<\/span><\/li>\n<\/ul>\n<p><b>IV.<\/b><span style=\"font-weight: 400;\">\u00a0uzyskanie w zawodach wiedzy b\u0119d\u0105cych konkursem albo turniejem, o zasi\u0119gu ponadwojew\u00f3dzkim lub wojew\u00f3dzkim, przeprowadzanymi zgodnie z przepisami wydanymi na podstawie art. 32a ust. 4 i art. 22 ust. 2 pkt 8 ustawy o systemie o\u015bwiaty:<\/span><\/p>\n<ul>\n<li><span style=\"font-weight: 400;\">dw\u00f3ch lub wi\u0119cej tytu\u0142\u00f3w finalisty konkursu z przedmiotu lub przedmiot\u00f3w artystycznych obj\u0119tych ramowym planem nauczania szko\u0142y artystycznej \u2013 przyznaje si\u0119 10 punkt\u00f3w,<\/span><\/li>\n<li><span style=\"font-weight: 400;\">dw\u00f3ch lub wi\u0119cej tytu\u0142\u00f3w laureata turnieju z przedmiotu lub przedmiot\u00f3w artystycznych nieobj\u0119tych ramowym planem nauczania szko\u0142y artystycznej \u2013 przyznaje si\u0119 7 punkt\u00f3w,<\/span><\/li>\n<li><span style=\"font-weight: 400;\">dw\u00f3ch lub wi\u0119cej tytu\u0142\u00f3w finalisty turnieju z przedmiotu lub przedmiot\u00f3w artystycznych nieobj\u0119tych ramowym planem nauczania szko\u0142y artystycznej \u2013 przyznaje si\u0119 5 punkt\u00f3w,<\/span><\/li>\n<li><span style=\"font-weight: 400;\">tytu\u0142u finalisty konkursu z przedmiotu lub przedmiot\u00f3w artystycznych obj\u0119tych ramowym planem nauczania szko\u0142y artystycznej \u2013 przyznaje si\u0119 7 punkt\u00f3w,<\/span><\/li>\n<li><span style=\"font-weight: 400;\">tytu\u0142u laureata turnieju z przedmiotu lub przedmiot\u00f3w artystycznych nieobj\u0119tych ramowym planem nauczania szko\u0142y artystycznej \u2013 przyznaje si\u0119 3 punkty,<\/span><\/li>\n<li><span style=\"font-weight: 400;\">tytu\u0142u finalisty turnieju z przedmiotu lub przedmiot\u00f3w artystycznych nieobj\u0119tych ramowym planem nauczania szko\u0142y artystycznej \u2013 przyznaje si\u0119 2 punkty;<\/span><\/li>\n<\/ul>\n<p><b>V.<\/b><span style=\"font-weight: 400;\">\u00a0za uzyskanie w zawodach sportowych o zasi\u0119gu:<\/span><\/p>\n<ul>\n<li><span style=\"font-weight: 400;\">mi\u0119dzynarodowym \u2013 miejsca 1-8 \u2013 przyznaje si\u0119 4 punkty,<\/span><\/li>\n<li><span style=\"font-weight: 400;\">krajowym \u2013 miejsca 1-6 \u2013 przyznaje si\u0119 3 punkty,<\/span><\/li>\n<li><span style=\"font-weight: 400;\">wojew\u00f3dzkim \u2013 miejsca 1-3 \u2013 przyznaje si\u0119 2 punkty,<\/span><\/li>\n<li><span style=\"font-weight: 400;\">powiatowym \u2013 miejsca 1-3 \u2013 przyznaje si\u0119 1 punkt;<\/span><\/li>\n<\/ul>\n<p><b>VI.<\/b>\u00a0za uzyskanie nagrodzonego miejsca lub zwyci\u0119skiego tytu\u0142u, a tak\u017ce wyr\u00f3\u017cnienie przyznane na podstawie regulaminu zawod\u00f3w (z wy\u0142\u0105czeniem wyr\u00f3\u017cnie\u0144, nagr\u00f3d itp. uzyskanych za uczestnictwo w zawodach) w zawodach artystycznych i zawodach wiedzy (innych ni\u017c wymienione w podpunktach 1-4) o zasi\u0119gu:<\/p>\n<ul>\n<li><span style=\"font-weight: 400;\">mi\u0119dzynarodowym \u2013 przyznaje si\u0119 4 punkty,<\/span><\/li>\n<li><span style=\"font-weight: 400;\">krajowym \u2013 przyznaje si\u0119 3 punkty,<\/span><\/li>\n<li><span style=\"font-weight: 400;\">wojew\u00f3dzkim (w tym: konkursy przedmiotowe, tematyczne i artystyczne dla gimnazjalist\u00f3w organizowane przez II Liceum Og\u00f3lnokszta\u0142c\u0105ce im. Mieszka I w Szczecinie oraz konkursy przedmiotowe oraz interdyscyplinarne dla gimnazjalist\u00f3w organizowane przez Towarzystwo na Rzecz M\u0142odzie\u017cy Uzdolnionej) \u2013 przyznaje si\u0119 2 punkty,<\/span><\/li>\n<li><span style=\"font-weight: 400;\">powiatowym \u2013 przyznaje si\u0119 1 punkt.<\/span><\/li>\n<\/ul>\n<p><span style=\"font-weight: 400;\"> \u00a0<\/span><b>maks. 3 punkty<\/b><span style=\"font-weight: 400;\"> \u00a0szczeg\u00f3lne \u00a0osi\u0105gni\u0119cia \u00a0w \u00a0zakresie \u00a0aktywno\u015bci \u00a0spo\u0142ecznej, \u00a0w \u00a0tym \u00a0na \u00a0rzecz \u015brodowiska szkolnego, w szczeg\u00f3lno\u015bci w formie wolontariatu, <\/span><b>wymienione \u00a0na \u015bwiadectwie uko\u0144czenia gimnazjum lub szko\u0142y podstawowej<\/b><span style=\"font-weight: 400;\">: \u00a03 pkt. &#8211; niezale\u017cnie od ilo\u015bci potwierdzonych osi\u0105gni\u0119\u0107. <\/span> <b>Laureaci i finali\u015bci og\u00f3lnopolskich olimpiad przedmiotowych, Olimpiad: \u00a0Matematycznej, Informatycznej, J\u0119zyka Angielskiego dla gimnazjalist\u00f3w\u00a0lub szko\u0142y podstawowej \u00a0przeprowadzonych \u00a0na \u00a0zlecenie \u00a0Ministerstwa \u00a0Edukacji \u00a0Narodowej, \u00a0a \u00a0tak\u017ce \u00a0laureaci konkurs\u00f3w \u00a0o \u00a0zasi\u0119gu \u00a0wojew\u00f3dzkim \u00a0(organizowanych \u00a0przez \u00a0kuratora \u00a0o\u015bwiaty) i \u00a0ponadwojew\u00f3dzkim \u00a0(organizowanych \u00a0przez \u00a0w\u0142a\u015bciwych \u00a0kurator\u00f3w \u00a0o\u015bwiaty \u00a0na podstawie \u00a0zawartego \u00a0porozumienia) \u00a0s\u0105 \u00a0przyjmowani \u00a0do \u00a0szko\u0142y \u00a0w \u00a0pierwszej \u00a0kolejno\u015bci.<\/b> <a href=\"http:\/\/www.kuratorium.szczecin.pl\/attachments\/article\/1304\/Wykaz_zawodow_wiedzy_2016.docx\"><b>Wykaz zawod\u00f3w wiedzy, artystycznych i sportowych ustalony przez Zachodniopomorskiego Kuratora O\u015bwiaty<\/b><\/a> <b>VII. Przy przyj\u0119ciu do szko\u0142y w przypadku\u00a0<\/b><span style=\"font-weight: 400;\">r\u00f3wnorz\u0119dnych wynik\u00f3w<\/span><b>\u00a0uzyskanych w post\u0119powaniu kwalifikacyjnym pierwsze\u0144stwo b\u0119dzie wynika\u0142o z:<\/b><\/p>\n<ul>\n<li style=\"font-weight: 400;\"><span style=\"font-weight: 400;\">wielodzietno\u015bci rodziny kandydata (oznacza to rodzin\u0119 wychowuj\u0105c\u0105 troje i wi\u0119cej dzieci);<\/span><\/li>\n<li style=\"font-weight: 400;\"><span style=\"font-weight: 400;\">niepe\u0142nosprawno\u015bci kandydata;<\/span><\/li>\n<li style=\"font-weight: 400;\"><span style=\"font-weight: 400;\">niepe\u0142nosprawno\u015bci jednego z rodzic\u00f3w kandydata;<\/span><\/li>\n<li style=\"font-weight: 400;\"><span style=\"font-weight: 400;\">niepe\u0142nosprawno\u015bci obojga rodzic\u00f3w kandydata;<\/span><\/li>\n<li style=\"font-weight: 400;\"><span style=\"font-weight: 400;\">niepe\u0142nosprawno\u015bci rodze\u0144stwa kandydata;<\/span><\/li>\n<li style=\"font-weight: 400;\"><span style=\"font-weight: 400;\">samotnego wychowywania kandydata w rodzinie (oznacza to wychowanie dziecka przez pann\u0119, kawalera, wdow\u0119, wdowca, osob\u0119 pozostaj\u0105c\u0105 w separacji orzeczonej prawomocnym wyrokiem s\u0105du, osob\u0119 rozwiedzion\u0105, chyba \u017ce osoba taka wychowuje wsp\u00f3lnie co najmniej jedno dziecko z jego rodzicem);<\/span><\/li>\n<li style=\"font-weight: 400;\"><span style=\"font-weight: 400;\">obj\u0119cie kandydata piecz\u0105 zast\u0119pcz\u0105.<\/span><\/li>\n<\/ul>\n<p><span style=\"font-weight: 400;\">Wymienione powy\u017cej kryteria maj\u0105 r\u00f3wnorz\u0119dne znaczenie.<\/span> <b>VIII. Z wynikami rekrutacji do klas pierwszych XI Liceum Og\u00f3lnokszta\u0142c\u0105cego komisja rekrutacyjna zapoznaje kandydat\u00f3w przez wywieszenie list zakwalifikowanych i niezakwalifikowanych kandydat\u00f3w.<\/b> <span style=\"font-weight: 400;\">W terminie 7 dni od dnia podania do publicznej wiadomo\u015bci list kandydat\u00f3w przyj\u0119tych i nieprzyj\u0119tych do szko\u0142y istnieje mo\u017cliwo\u015b\u0107 wyst\u0105pienia do komisji rekrutacyjnej z wnioskiem o sporz\u0105dzenie uzasadnienia odmowy przyj\u0119cia kandydata do szko\u0142y.<\/span><\/p>\n","protected":false},"excerpt":{"rendered":"<p>1. Podstawa prawna \u00a0Zarz\u0105dzeniem nr 8\/2019 Zachodniopomorskiego Kuratora O\u015bwiaty z dnia 30 stycznia 2019 roku w sprawie okre\u015blenia termin\u00f3w przeprowadzania post\u0119powania rekrutacyjnego i post\u0119powania uzupe\u0142niaj\u0105cego, w tym termin\u00f3w sk\u0142adania dokument\u00f3w, na rok szkolny 2019\/2020 do: publicznych szk\u00f3\u0142 podstawowych dla doros\u0142ych, klas I publicznych szk\u00f3\u0142 ponadgimnazjalnych, klasy I publicznej szko\u0142y ponadpodstawowej, o kt\u00f3rej mowa w art. [&hellip;]<\/p>\n","protected":false},"author":1,"featured_media":0,"parent":0,"menu_order":0,"comment_status":"closed","ping_status":"closed","template":"","meta":{"_exactmetrics_skip_tracking":false,"_exactmetrics_sitenote_active":false,"_exactmetrics_sitenote_note":"","_exactmetrics_sitenote_category":0},"_links":{"self":[{"href":"https:\/\/zso4.szczecin.pl\/liceum\/wp-json\/wp\/v2\/pages\/1028"}],"collection":[{"href":"https:\/\/zso4.szczecin.pl\/liceum\/wp-json\/wp\/v2\/pages"}],"about":[{"href":"https:\/\/zso4.szczecin.pl\/liceum\/wp-json\/wp\/v2\/types\/page"}],"author":[{"embeddable":true,"href":"https:\/\/zso4.szczecin.pl\/liceum\/wp-json\/wp\/v2\/users\/1"}],"replies":[{"embeddable":true,"href":"https:\/\/zso4.szczecin.pl\/liceum\/wp-json\/wp\/v2\/comments?post=1028"}],"version-history":[{"count":13,"href":"https:\/\/zso4.szczecin.pl\/liceum\/wp-json\/wp\/v2\/pages\/1028\/revisions"}],"predecessor-version":[{"id":2130,"href":"https:\/\/zso4.szczecin.pl\/liceum\/wp-json\/wp\/v2\/pages\/1028\/revisions\/2130"}],"wp:attachment":[{"href":"https:\/\/zso4.szczecin.pl\/liceum\/wp-json\/wp\/v2\/media?parent=1028"}],"curies":[{"name":"wp","href":"https:\/\/api.w.org\/{rel}","templated":true}]}}