{"id":1025,"date":"2018-04-01T15:45:29","date_gmt":"2018-04-01T13:45:29","guid":{"rendered":"http:\/\/zso4.szczecin.pl\/liceum\/?page_id=1025"},"modified":"2026-03-16T08:50:52","modified_gmt":"2026-03-16T07:50:52","slug":"rekrutacja","status":"publish","type":"page","link":"https:\/\/zso4.szczecin.pl\/liceum\/rekrutacja\/","title":{"rendered":"REKRUTACJA"},"content":{"rendered":"\n<p class=\"has-text-align-center\"><strong>DOKUMENTY DO POBRANIA<\/strong><\/p>\n\n\n\n<div class=\"wp-block-file\"><a id=\"wp-block-file--media-cfeb1d2f-0e83-49ba-9e83-b20f28a180f7\" href=\"https:\/\/zso4.szczecin.pl\/liceum\/wp-content\/uploads\/sites\/6\/2026\/03\/Terminy-postepowania-rekrutacyjnego-2026-2027.pdf\">Terminy post\u0119powania rekrutacyjnego <\/a><a href=\"https:\/\/zso4.szczecin.pl\/liceum\/wp-content\/uploads\/sites\/6\/2026\/03\/Terminy-postepowania-rekrutacyjnego-2026-2027.pdf\" class=\"wp-block-file__button\" download aria-describedby=\"wp-block-file--media-cfeb1d2f-0e83-49ba-9e83-b20f28a180f7\">Pobierz<\/a><\/div>\n\n\n\n<div class=\"wp-block-file\"><a id=\"wp-block-file--media-9157073b-28b5-4247-b340-f1a81188311f\" href=\"https:\/\/zso4.szczecin.pl\/liceum\/wp-content\/uploads\/sites\/6\/2025\/05\/Informator-dla-rodzicow.pdf\" target=\"_blank\" rel=\"noreferrer noopener\">Informator dla rodzic\u00f3w<\/a><a href=\"https:\/\/zso4.szczecin.pl\/liceum\/wp-content\/uploads\/sites\/6\/2025\/05\/Informator-dla-rodzicow.pdf\" class=\"wp-block-file__button\" download aria-describedby=\"wp-block-file--media-9157073b-28b5-4247-b340-f1a81188311f\">Pobierz<\/a><\/div>\n\n\n\n<div class=\"wp-block-file\"><a id=\"wp-block-file--media-0c69b619-dd36-4a4f-a428-3682869df272\" href=\"https:\/\/zso4.szczecin.pl\/liceum\/wp-content\/uploads\/sites\/6\/2025\/05\/INSTRUKCJAwypelnianiaiskladaniawniosku.pdf\" target=\"_blank\" rel=\"noreferrer noopener\">Instrukcja wype\u0142niania i sk\u0142adania wniosku<\/a><a href=\"https:\/\/zso4.szczecin.pl\/liceum\/wp-content\/uploads\/sites\/6\/2025\/05\/INSTRUKCJAwypelnianiaiskladaniawniosku.pdf\" class=\"wp-block-file__button\" download aria-describedby=\"wp-block-file--media-0c69b619-dd36-4a4f-a428-3682869df272\">Pobierz<\/a><\/div>\n\n\n\n<div class=\"wp-block-file\"><a id=\"wp-block-file--media-f24f9796-7e64-49e8-ba37-63279b34ed85\" href=\"https:\/\/zso4.szczecin.pl\/liceum\/wp-content\/uploads\/sites\/6\/2025\/05\/Szczecin_Wniosek_SZKOLA-PONADPODSTAWOWA_2025.pdf\" target=\"_blank\" rel=\"noreferrer noopener\">Szczecin Wniosek SZKOLA PONADPODSTAWOWA 2025<\/a><a href=\"https:\/\/zso4.szczecin.pl\/liceum\/wp-content\/uploads\/sites\/6\/2025\/05\/Szczecin_Wniosek_SZKOLA-PONADPODSTAWOWA_2025.pdf\" class=\"wp-block-file__button\" download aria-describedby=\"wp-block-file--media-f24f9796-7e64-49e8-ba37-63279b34ed85\">Pobierz<\/a><\/div>\n\n\n<h3>&nbsp;<\/h3>\n<hr>\n<h2 style=\"text-align: center;\"><strong>PROPO<\/strong><strong>ZYCJA KLAS PIERWSZYCH NA ROK SZKOLNY 2026\/2027<\/strong><\/h2>\n<table>\n<tbody>\n<tr>\n<td width=\"89\">\n<p><strong>Symbol<\/strong><\/p>\n<\/td>\n<td width=\"235\">\n<p><strong>Profil<\/strong><\/p>\n<\/td>\n<td width=\"163\">\n<p><strong>Przedmioty rozszerzone <\/strong><\/p>\n<\/td>\n<td width=\"163\">\n<p><strong>Przedmioty punktowane<\/strong><\/p>\n<\/td>\n<\/tr>\n<tr>\n<td width=\"89\">\n<p>1LA<\/p>\n<\/td>\n<td width=\"235\">\n<p>Prawna&nbsp; &#8211; dwuj\u0119zyczna&nbsp;<\/p>\n<p>gr. z&nbsp; j. w\u0142oskim<\/p>\n<\/td>\n<td width=\"163\">\n<p>j.&nbsp;polski, wos,<\/p>\n<\/td>\n<td width=\"163\">\n<p>j. polski, matematyka, wos, historia<\/p>\n<\/td>\n<\/tr>\n<tr>\n<td width=\"89\">\n<p>1LA<\/p>\n<\/td>\n<td width=\"235\">\n<p>Prawna- dwuj\u0119zyczna&nbsp;<\/p>\n<p>gr. Z j. angielskim<\/p>\n<\/td>\n<td width=\"163\">\n<p>j.&nbsp;polski, wos,<\/p>\n<\/td>\n<td width=\"163\">\n<p>j. polski, matematyka, wos, historia<\/p>\n<\/td>\n<\/tr>\n<tr>\n<td width=\"89\">\n<p>1LB<\/p>\n<\/td>\n<td width=\"235\">\n<p>Medyczna z elementami psychologii<\/p>\n<\/td>\n<td width=\"163\">\n<p>biologia, chemia,<\/p>\n<p>j. angielski<\/p>\n<\/td>\n<td width=\"163\">\n<p>j. polski, matematyka, biologia, chemia<\/p>\n<\/td>\n<\/tr>\n<tr>\n<td width=\"89\">\n<p>1LC<\/p>\n<\/td>\n<td width=\"235\">\n<p>Europejska<\/p>\n<\/td>\n<td width=\"163\">\n<p>geografia, wos, j. angielski<\/p>\n<\/td>\n<td width=\"163\">\n<p>j. polski, matematyka, geografia, wos<\/p>\n<\/td>\n<\/tr>\n<\/tbody>\n<\/table>\n<p><a href=\"https:\/\/nabor.pcss.pl\/szczecin\/\"><img loading=\"lazy\" class=\"aligncenter wp-image-2195 size-medium\" src=\"https:\/\/zso4.szczecin.pl\/liceum\/wp-content\/uploads\/sites\/6\/2019\/05\/Nab\u00f3r-2019-logo-300x137.jpg\" alt=\"Nab\u00f3r\" width=\"300\" height=\"137\" srcset=\"https:\/\/zso4.szczecin.pl\/liceum\/wp-content\/uploads\/sites\/6\/2019\/05\/Nab\u00f3r-2019-logo-300x137.jpg 300w, https:\/\/zso4.szczecin.pl\/liceum\/wp-content\/uploads\/sites\/6\/2019\/05\/Nab\u00f3r-2019-logo-768x352.jpg 768w, https:\/\/zso4.szczecin.pl\/liceum\/wp-content\/uploads\/sites\/6\/2019\/05\/Nab\u00f3r-2019-logo.jpg 1024w\" sizes=\"(max-width: 300px) 100vw, 300px\" \/><\/a><\/p>\n\n\n<p class=\"has-text-align-center\"><strong>1LA<\/strong><\/p>\n\n\n\n<p class=\"has-text-align-center\"><strong>KLASA PRAWNA &#8211; GRUPA DWUJ\u0118ZYCZNA Z J. W\u0141OSKIM<\/strong><\/p>\n\n\n\n<p class=\"has-vivid-cyan-blue-color has-text-color\"><strong>Patronat: Wydzia\u0142u Prawa i Administracji US;&nbsp;<\/strong><strong><br>&nbsp;Instytutu Historii i Stosunk\u00f3w Mi\u0119dzynarodowych<\/strong><\/p>\n\n\n\n<p>Przedmioty realizowane w zakresie rozszerzonym:<\/p>\n\n\n\n<p>j. polski, wiedza o spo\u0142ecze\u0144stwie,<\/p>\n\n\n\n<p class=\"has-vivid-red-color has-text-color\"><strong>W post\u0119powaniu rekrutacyjnym do oddzia\u0142u dwuj\u0119zycznego &#8211; grupa z j. w\u0142oskim, kandydaci musz\u0105 przyst\u0105pi\u0107 do sprawdzianu&nbsp; kompetencji j\u0119zykowych z j\u0119zyka w\u0142oskiego &#8211; 27 maja godz.15.00.<\/strong><\/p>\n\n\n\n<p>Pierwszy j\u0119zyk nowo\u017cytny: j\u0119zyk w\u0142oski nauczany w systemie&nbsp; dwuj\u0119zycznym.<\/p>\n\n\n\n<p><\/p>\n\n\n\n<p>Drugi j\u0119zyk nowo\u017cytny do wyboru:<\/p>\n\n\n\n<p>&#8211; j. angielski ( kontynuacja),<\/p>\n\n\n\n<p><\/p>\n\n\n\n<p><\/p>\n\n\n\n<p>Przedmioty nauczane dwuj\u0119zycznie:<\/p>\n\n\n\n<p>\u2022 historia dwuj\u0119zyczna;<\/p>\n\n\n\n<p>\u2022 geografia dwuj\u0119zyczna.<\/p>\n\n\n\n<p><\/p>\n\n\n\n<p>Dlaczego warto wybra\u0107 klas\u0119 dwuj\u0119zyczn\u0105?<\/p>\n\n\n\n<p>Oferta dla uczni\u00f3w, kt\u00f3rzy chc\u0105 studiowa\u0107 prawo, administracj\u0119 publiczn\u0105, socjologi\u0119, filologi\u0119 polsk\u0105, angielsk\u0105, w\u0142osk\u0105, psychologi\u0119, pedagogik\u0119, resocjalizacj\u0119, bezpiecze\u0144stwo narodowe, histori\u0119, europeistyk\u0119.<\/p>\n\n\n\n<p>Uczniowie:<\/p>\n\n\n\n<p>\u2013 uczestnicz\u0105 w wyk\u0142adach na Wydziale Prawa i Administracji, w Instytucie Historii i Stosunk\u00f3w Mi\u0119dzynarodowych;<\/p>\n\n\n\n<p>\u2013 maj\u0105 mo\u017cliwo\u015b\u0107 uczestniczenia w zaj\u0119ciach prowadzonych przez lektor\u00f3w w\u0142oskich i angielskich (konwersacje i wyk\u0142ady);<\/p>\n\n\n\n<p>\u2013 bior\u0105 udzia\u0142 w debatach i spotkaniach samorz\u0105dowych;<\/p>\n\n\n\n<p>\u2013 realizuj\u0105 projekty w zakresu tematyki prawnej;<\/p>\n\n\n\n<p>\u2013 uczestnicz\u0105 w zaj\u0119ciach przygotowuj\u0105cych do olimpiad;<\/p>\n\n\n\n<p>\u2013 uczestnicz\u0105 w zaj\u0119ciach na terenie S\u0105du Okr\u0119gowego.<\/p>\n\n\n\n<p>Zaj\u0119cia dodatkowe:<\/p>\n\n\n\n<p>\u2013 cykliczne wyk\u0142ady i spotkania prowadzone przez adwokat\u00f3w i radc\u00f3w prawnych;<\/p>\n\n\n\n<p>&#8211; ko\u0142o prawne;<\/p>\n\n\n\n<p>\u2013 wyk\u0142ady i zaj\u0119cia warsztatowe prowadzone przez pracownik\u00f3w naukowych Wydzia\u0142u Prawa i Administracji Uniwersytetu Szczeci\u0144skiego w ramach patronatu;<\/p>\n\n\n\n<p>\u2013 wsp\u00f3\u0142praca z Instytutem Pami\u0119ci Narodowej;<\/p>\n\n\n\n<p>\u2013 mo\u017cliwe wycieczki edukacyjne do Warszawy, Krakowa, Wielkiej Brytanii<br>&nbsp;lub W\u0142och.<\/p>\n\n\n\n<hr class=\"wp-block-separator has-alpha-channel-opacity\"\/>\n\n\n\n<p class=\"has-text-align-center\"><strong>KLASA PRAWNA &#8211; GRUPA DWUJ\u0118ZYCZNA Z J. ANGIELSKIM<\/strong><\/p>\n\n\n\n<p class=\"has-vivid-cyan-blue-color has-text-color\"><strong>Patronat: Wydzia\u0142u Prawa i Administracji US;&nbsp;<\/strong><strong><br>&nbsp;Instytutu Historii i Stosunk\u00f3w Mi\u0119dzynarodowych<\/strong><\/p>\n\n\n\n<p><strong>Przedmioty realizowane w zakresie rozszerzonym:<\/strong><\/p>\n\n\n\n<p><strong>j. polski, wiedza o spo\u0142ecze\u0144stwie;<\/strong><\/p>\n\n\n\n<p class=\"has-vivid-red-color has-text-color\"><strong>W post\u0119powaniu rekrutacyjnym do oddzia\u0142u dwuj\u0119zycznego &#8211; grupa z j. angielskim, kandydaci musz\u0105 przyst\u0105pi\u0107 do sprawdzianu&nbsp; kompetencji j\u0119zykowych z j\u0119zyka angielskiego -28 maja godz.15.00.<\/strong><\/p>\n\n\n\n<p>Pierwszy j\u0119zyk nowo\u017cytny: j\u0119zyk angielski nauczany w systemie&nbsp; dwuj\u0119zycznym.<\/p>\n\n\n\n<p><\/p>\n\n\n\n<p>Drugi j\u0119zyk nowo\u017cytny do wyboru:<\/p>\n\n\n\n<p>&#8211; j. w\u0142oski ( od podstaw)<\/p>\n\n\n\n<p><\/p>\n\n\n\n<p><\/p>\n\n\n\n<p>Przedmioty nauczane dwuj\u0119zycznie:&nbsp;<\/p>\n\n\n\n<p>-historia dwuj\u0119zyczna&nbsp;<\/p>\n\n\n\n<p>-wos dwuj\u0119zyczny.<\/p>\n\n\n\n<p><\/p>\n\n\n\n<p><strong>Dlaczego warto wybra\u0107 klas\u0119 dwuj\u0119zyczn\u0105?<\/strong><\/p>\n\n\n\n<p>Oferta dla uczni\u00f3w, kt\u00f3rzy chc\u0105 studiowa\u0107 prawo, administracj\u0119 publiczn\u0105, socjologi\u0119, filologi\u0119 polsk\u0105, angielsk\u0105, w\u0142osk\u0105, psychologi\u0119, pedagogik\u0119, resocjalizacj\u0119, bezpiecze\u0144stwo narodowe, histori\u0119, europeistyk\u0119.<\/p>\n\n\n\n<p>Uczniowie:<\/p>\n\n\n\n<p>\u2013 uczestnicz\u0105 w wyk\u0142adach na Wydziale Prawa i Administracji, w Instytucie Historii i Stosunk\u00f3w Mi\u0119dzynarodowych;<\/p>\n\n\n\n<p>\u2013 maj\u0105 mo\u017cliwo\u015b\u0107 uczestniczenia w zaj\u0119ciach prowadzonych przez lektor\u00f3w w\u0142oskich i angielskich (konwersacje i wyk\u0142ady);<\/p>\n\n\n\n<p>\u2013 bior\u0105 udzia\u0142 w debatach i spotkaniach samorz\u0105dowych;<\/p>\n\n\n\n<p>\u2013 realizuj\u0105 projekty w zakresu tematyki prawnej;<\/p>\n\n\n\n<p>\u2013 uczestnicz\u0105 w zaj\u0119ciach przygotowuj\u0105cych do olimpiad;<\/p>\n\n\n\n<p>\u2013 uczestnicz\u0105 w zaj\u0119ciach na terenie S\u0105du Okr\u0119gowego.<\/p>\n\n\n\n<p>Zaj\u0119cia dodatkowe:<\/p>\n\n\n\n<p>\u2013 cykliczne wyk\u0142ady i spotkania prowadzone przez adwokat\u00f3w i radc\u00f3w prawnych,<\/p>\n\n\n\n<p>&#8211; ko\u0142o prawne,<\/p>\n\n\n\n<p>\u2013 wyk\u0142ady i zaj\u0119cia warsztatowe prowadzone przez pracownik\u00f3w naukowych Wydzia\u0142u Prawa i Administracji Uniwersytetu Szczeci\u0144skiego w ramach patronatu,<\/p>\n\n\n\n<p>\u2013 wsp\u00f3\u0142praca z Instytutem Pami\u0119ci Narodowej,<\/p>\n\n\n\n<p>\u2013 mo\u017cliwe wycieczki edukacyjne do Warszawy, Krakowa, Wielkiej Brytanii<br>&nbsp; lub W\u0142och.<\/p>\n\n\n\n<hr class=\"wp-block-separator has-alpha-channel-opacity\"\/>\n\n\n\n<p class=\"has-text-align-center\"><strong>1LB<\/strong><\/p>\n\n\n\n<p class=\"has-text-align-center\"><strong>KLASA MEDYCZNA z elementami psychologii<\/strong><\/p>\n\n\n\n<p><\/p>\n\n\n\n<p class=\"has-vivid-cyan-blue-color has-text-color\"><strong>Patronat Pomorskiego Uniwersytetu Medycznego i Wydzia\u0142u Technologii Chemicznej i In\u017cynierii Chemicznej ZUT<\/strong><\/p>\n\n\n\n<p><\/p>\n\n\n\n<p><strong>Przedmioty realizowane w zakresie rozszerzonym:<\/strong><\/p>\n\n\n\n<p><strong>chemia, biologia, j\u0119zyk angielski<\/strong><\/p>\n\n\n\n<p><\/p>\n\n\n\n<p><strong>Zaj\u0119cia dodatkowe rozwijaj\u0105ce zainteresowania:<\/strong><\/p>\n\n\n\n<p>laboratorium biologiczne i chemiczne, ko\u0142o psychologiczne<\/p>\n\n\n\n<p><\/p>\n\n\n\n<p><strong>Pierwszy j\u0119zyk nowo\u017cytny: j\u0119zyk angielski na poziomie rozszerzonym.<\/strong><\/p>\n\n\n\n<p><strong>Drugi j\u0119zyk nowo\u017cytny do wyboru:<\/strong><\/p>\n\n\n\n<p>&#8211;<strong> j. w\u0142oski ( od podstaw)<\/strong><\/p>\n\n\n\n<p><strong>&#8211; j. niemiecki ( od podstaw)<\/strong><\/p>\n\n\n\n<p><\/p>\n\n\n\n<p>Dlaczego warto wybra\u0107 klas\u0119 medyczn\u0105 z elementami psychologii?<\/p>\n\n\n\n<p>Oferta dla uczni\u00f3w zainteresowanych studiowaniem na kierunkach medycznych: na analityce medycznej, rehabilitacji, farmacji, stomatologii; biologii, chemii oraz na psychologii. Jest to tak\u017ce klasa dla uczni\u00f3w, kt\u00f3rzy zainteresowani s\u0105 przedmiotami przyrodniczymi i chc\u0105 zdoby\u0107 atrakcyjny oraz poszukiwany zaw\u00f3d. Dodatkowe zaj\u0119cia z biologii i chemii prowadzone s\u0105 w formie laboratoryjnej w szkole i na wydzia\u0142ach Technologii i In\u017cynierii Chemicznej ZUT oraz na PUM. Uczniowie cyklicznie uczestnicz\u0105 w zaj\u0119ciach prowadzonych przez pracownik\u00f3w naukowych Pomorskiego Uniwersytetu Medycznego. Uczniowie zdobywaj\u0105 umiej\u0119tno\u015bci interpersonalne, ucz\u0105 si\u0119 empatii, pracy w zespole oraz radzenia sobie w sytuacjach wymagaj\u0105cych odpowiedzialno\u015bci i odporno\u015bci psychicznej. To kompetencje niezb\u0119dne w zawodach medycznych, ale r\u00f3wnie\u017c cenione na rynku pracy w wielu innych bran\u017cach<\/p>\n\n\n\n<p>Zaj\u0119cia dodatkowe:<\/p>\n\n\n\n<p>\u2013 wsp\u00f3\u0142praca z Centrum Dydaktyczno \u2013 Badawczym Nanotechnologii ZUT<br>&nbsp;w Szczecinie,<\/p>\n\n\n\n<p>\u2013 wsp\u00f3\u0142praca z Wydzia\u0142em Biotechnologii,<\/p>\n\n\n\n<p>\u2013 zaj\u0119cia laboratoryjne ,,Badania w medycynie z zakresu biologii i chemii\u201d,<\/p>\n\n\n\n<p>&#8211;&nbsp; zaj\u0119cia ,,Podstawy psychologii\u2019\u2019.<\/p>\n\n\n\n<hr class=\"wp-block-separator has-alpha-channel-opacity\"\/>\n\n\n\n<p class=\"has-text-align-center\"><strong>1LC<\/strong><\/p>\n\n\n\n<p class=\"has-text-align-center\"><strong>KLASA EUROPEJSKA<\/strong><\/p>\n\n\n\n<p class=\"has-vivid-cyan-blue-color has-text-color\"><strong>Patronat Instytutu Nauk o Morzu i \u015arodowisku Uniwersytetu Szczeci\u0144skiego<\/strong><\/p>\n\n\n\n<p class=\"has-vivid-cyan-blue-color has-text-color\"><strong>Patronat Instytutu Gospodarki Przestrzennej i Geografii <\/strong><strong>Spo\u0142eczno<\/strong><strong> \u2013 Ekonomicznej Uniwersytetu Szczeci\u0144skiego<\/strong><\/p>\n\n\n\n<p><\/p>\n\n\n\n<p><strong>Przedmioty realizowane w zakresie rozszerzonym:<\/strong><\/p>\n\n\n\n<p><strong>geografia, wiedza o spo\u0142ecze\u0144stwie, j\u0119zyk angielski<\/strong><\/p>\n\n\n\n<p><\/p>\n\n\n\n<p><strong>Pierwszy j\u0119zyk nowo\u017cytny: j\u0119zyk angielski na poziomie rozszerzonym.<\/strong><\/p>\n\n\n\n<p><\/p>\n\n\n\n<p><strong>Drugi j\u0119zyk nowo\u017cytny do wyboru:<\/strong><\/p>\n\n\n\n<p><strong>&#8211; j. w\u0142oski ( od podstaw)<\/strong><\/p>\n\n\n\n<p><strong>&#8211; j. niemiecki ( od podstaw)<\/strong><\/p>\n\n\n\n<p><\/p>\n\n\n\n<p class=\"has-text-align-center\">Dlaczego warto wybra\u0107 klas\u0119 europejsk\u0105?<\/p>\n\n\n\n<p>Oferta dla uczni\u00f3w zainteresowanych tematyk\u0105 europejsk\u0105, integracj\u0105 mi\u0119dzynarodow\u0105, geografi\u0105 polityczn\u0105, procesami spo\u0142eczno-gospodarczymi zachodz\u0105cymi we wsp\u00f3\u0142czesnym \u015bwiecie oraz chc\u0105cych doskonali\u0107 swoje umiej\u0119tno\u015bci j\u0119zykowe. Uczniowie tej klasy mog\u0105 rozwija\u0107 swoje zainteresowania, uczestnicz\u0105c w projektach edukacyjnych.<\/p>\n\n\n\n<p>Po uko\u0144czeniu tego profilu ucze\u0144 mo\u017ce si\u0119 ubiega\u0107 o przyj\u0119cie na takie kierunki jak: politologia, prawo, administracja, stosunki mi\u0119dzynarodowe, turystyka, socjologia, geografia, logistyka, ekonomia.<\/p>\n\n\n\n<p>Zaj\u0119cia dodatkowe:<\/p>\n\n\n\n<p>&#8211; ko\u0142o prawne,&nbsp; ko\u0142o geograficzne<\/p>\n\n\n\n<p>&#8211; mo\u017cliwe wycieczki edukacyjne do Warszawy, Brukseli i Berlina:<\/p>\n\n\n\n<p>&#8211; cykliczne wyk\u0142ady i spotkania prowadzone przez adwokat\u00f3w i radc\u00f3w prawnych;<\/p>\n\n\n\n<p>&#8211; lekcje prowadzone z zastosowaniem wsp\u00f3\u0142czesnych cyfrowych metod nauczania (hybrydowej, zdalnej, immersyjnej oraz chmurowej), tak\u017ce wirtualnej rzeczywisto\u015bci (VR);<\/p>\n\n\n\n<p>&#8211; realizacja&nbsp; projektu \u201eEkopracownia\u201d, w tym udzia\u0142 w pracach kole meteorologicznego prowadz\u0105cego w\u0142asn\u0105&nbsp; stacj\u0119 pomiarow\u0105.<\/p>\n\n\n<div class=\"wp-block-image\">\n<figure class=\"aligncenter size-large\"><img loading=\"lazy\" width=\"679\" height=\"1024\" src=\"https:\/\/zso4.szczecin.pl\/liceum\/wp-content\/uploads\/sites\/6\/2026\/03\/Dzien-Otwarty-LO-679x1024.jpg\" alt=\"\" class=\"wp-image-7576\" srcset=\"https:\/\/zso4.szczecin.pl\/liceum\/wp-content\/uploads\/sites\/6\/2026\/03\/Dzien-Otwarty-LO-679x1024.jpg 679w, https:\/\/zso4.szczecin.pl\/liceum\/wp-content\/uploads\/sites\/6\/2026\/03\/Dzien-Otwarty-LO-199x300.jpg 199w, https:\/\/zso4.szczecin.pl\/liceum\/wp-content\/uploads\/sites\/6\/2026\/03\/Dzien-Otwarty-LO-768x1158.jpg 768w, https:\/\/zso4.szczecin.pl\/liceum\/wp-content\/uploads\/sites\/6\/2026\/03\/Dzien-Otwarty-LO-1019x1536.jpg 1019w, https:\/\/zso4.szczecin.pl\/liceum\/wp-content\/uploads\/sites\/6\/2026\/03\/Dzien-Otwarty-LO.jpg 1200w\" sizes=\"(max-width: 679px) 100vw, 679px\" \/><figcaption>Screenshot<\/figcaption><\/figure><\/div>","protected":false},"excerpt":{"rendered":"<p>DOKUMENTY DO POBRANIA &nbsp; PROPOZYCJA KLAS PIERWSZYCH NA ROK SZKOLNY 2026\/2027 Symbol Profil Przedmioty rozszerzone Przedmioty punktowane 1LA Prawna&nbsp; &#8211; dwuj\u0119zyczna&nbsp; gr. z&nbsp; j. w\u0142oskim j.&nbsp;polski, wos, j. polski, matematyka, wos, historia 1LA Prawna- dwuj\u0119zyczna&nbsp; gr. Z j. angielskim j.&nbsp;polski, wos, j. polski, matematyka, wos, historia 1LB Medyczna z elementami psychologii biologia, chemia, j. angielski [&hellip;]<\/p>\n","protected":false},"author":1,"featured_media":0,"parent":0,"menu_order":0,"comment_status":"closed","ping_status":"closed","template":"","meta":{"_exactmetrics_skip_tracking":false,"_exactmetrics_sitenote_active":false,"_exactmetrics_sitenote_note":"","_exactmetrics_sitenote_category":0},"_links":{"self":[{"href":"https:\/\/zso4.szczecin.pl\/liceum\/wp-json\/wp\/v2\/pages\/1025"}],"collection":[{"href":"https:\/\/zso4.szczecin.pl\/liceum\/wp-json\/wp\/v2\/pages"}],"about":[{"href":"https:\/\/zso4.szczecin.pl\/liceum\/wp-json\/wp\/v2\/types\/page"}],"author":[{"embeddable":true,"href":"https:\/\/zso4.szczecin.pl\/liceum\/wp-json\/wp\/v2\/users\/1"}],"replies":[{"embeddable":true,"href":"https:\/\/zso4.szczecin.pl\/liceum\/wp-json\/wp\/v2\/comments?post=1025"}],"version-history":[{"count":175,"href":"https:\/\/zso4.szczecin.pl\/liceum\/wp-json\/wp\/v2\/pages\/1025\/revisions"}],"predecessor-version":[{"id":7577,"href":"https:\/\/zso4.szczecin.pl\/liceum\/wp-json\/wp\/v2\/pages\/1025\/revisions\/7577"}],"wp:attachment":[{"href":"https:\/\/zso4.szczecin.pl\/liceum\/wp-json\/wp\/v2\/media?parent=1025"}],"curies":[{"name":"wp","href":"https:\/\/api.w.org\/{rel}","templated":true}]}}