{"id":419,"date":"2018-05-16T13:47:56","date_gmt":"2018-05-16T11:47:56","guid":{"rendered":"http:\/\/zso4.szczecin.pl\/internat\/?page_id=419"},"modified":"2025-06-25T09:58:59","modified_gmt":"2025-06-25T07:58:59","slug":"rekrutacja","status":"publish","type":"page","link":"https:\/\/zso4.szczecin.pl\/internat\/rekrutacja\/","title":{"rendered":"REKRUTACJA"},"content":{"rendered":"\n<div class=\"wp-block-file\"><a id=\"wp-block-file--media-c01e1a19-b6ed-4f1b-8147-0aace5b2bfa2\" href=\"https:\/\/zso4.szczecin.pl\/internat\/wp-content\/uploads\/sites\/7\/2025\/06\/Harmonogram_rekrutacji_bursa_internat_2025_2026.pdf\">Harmonogram_rekrutacji_bursa_internat_2025_2026<\/a><a href=\"https:\/\/zso4.szczecin.pl\/internat\/wp-content\/uploads\/sites\/7\/2025\/06\/Harmonogram_rekrutacji_bursa_internat_2025_2026.pdf\" class=\"wp-block-file__button\" download aria-describedby=\"wp-block-file--media-c01e1a19-b6ed-4f1b-8147-0aace5b2bfa2\">Pobierz<\/a><\/div>\n\n\n\n<figure class=\"wp-block-image size-large\"><img loading=\"lazy\" width=\"724\" height=\"1024\" src=\"https:\/\/zso4.szczecin.pl\/internat\/wp-content\/uploads\/sites\/7\/2025\/06\/Harmonogram_rekrutacji_bursa_internat_2025_2026-724x1024.jpg\" alt=\"Harmonogram rekrutacji bursa internat 2025 2026\" class=\"wp-image-1127\" srcset=\"https:\/\/zso4.szczecin.pl\/internat\/wp-content\/uploads\/sites\/7\/2025\/06\/Harmonogram_rekrutacji_bursa_internat_2025_2026-724x1024.jpg 724w, https:\/\/zso4.szczecin.pl\/internat\/wp-content\/uploads\/sites\/7\/2025\/06\/Harmonogram_rekrutacji_bursa_internat_2025_2026-212x300.jpg 212w, https:\/\/zso4.szczecin.pl\/internat\/wp-content\/uploads\/sites\/7\/2025\/06\/Harmonogram_rekrutacji_bursa_internat_2025_2026-768x1086.jpg 768w, https:\/\/zso4.szczecin.pl\/internat\/wp-content\/uploads\/sites\/7\/2025\/06\/Harmonogram_rekrutacji_bursa_internat_2025_2026-1086x1536.jpg 1086w, https:\/\/zso4.szczecin.pl\/internat\/wp-content\/uploads\/sites\/7\/2025\/06\/Harmonogram_rekrutacji_bursa_internat_2025_2026.jpg 1241w\" sizes=\"(max-width: 724px) 100vw, 724px\" \/><figcaption>Harmonogram rekrutacji bursa internat 2025 2026<\/figcaption><\/figure>\n\n\n<h3 style=\"text-align: left;\" align=\"CENTER\">\u00a0<\/h3>\n<h3 align=\"CENTER\"><strong><span style=\"font-size: large;\"><u>ZASADY REKRUTACJI DO INTERNATU ZESPO\u0141U SZK\u00d3\u0141 OG\u00d3LNOKSZTA\u0141C\u0104CYCH NR 4 W SZCZECINIE<\/u><\/span><\/strong><\/h3>\n<p align=\"CENTER\">\u00a0<\/p>\n<p align=\"CENTER\"><a style=\"font-size: revert;\" href=\"https:\/\/zso4.szczecin.pl\/internat\/wp-content\/uploads\/sites\/7\/2024\/06\/InformacjaokryteriachnaborudointernatowfunkcjonujacychwszczecinskichszkolachponadpodstawowychorazBursySzkolnejIntegracyjnejnarokszkolny2024_2025.pdf\" target=\"_blank\" rel=\"noopener\">Informacja o kryteriach naboru do internat\u00f3w<\/a><\/p>\n<p><strong>Orygina\u0142y wszystkich dokument\u00f3w rekrutacyjnych nale\u017cy dostarczy\u0107 do <\/strong><strong>Internatu ZSO Nr 4 w dniu pierwszego zakwaterowania.<\/strong><\/p>\n<h2 style=\"text-align: center;\"><span style=\"font-family: 'Times New Roman', serif;\"><span style=\"font-size: medium;\"><b><u><\/u><br \/>Zasad naboru do Internatu ZSO Nr 4\u00a0<\/b><\/span><\/span><\/h2>\n<p><span style=\"font-family: 'Times New Roman', serif;\"><span style=\"font-size: medium;\"><b>Ka\u017cdy ucze\u0144 XI Liceum Og\u00f3lnokszta\u0142c\u0105cego z Oddzia\u0142ami Dwuj\u0119zycznymi zamieszka\u0142y poza Szczecinem ma zagwarantowane zakwaterowanie wraz<br \/>z wy\u017cywieniem w internacie ZSO 4. W przypadku wolnych miejsc o zakwaterowanie mog\u0105 ubiega\u0107 si\u0119 uczniowie publicznych szk\u00f3\u0142 prowadzonych przez Gmin\u0119 Miasto Szczecin.<\/b><\/span><\/span><\/p>\n<p align=\"JUSTIFY\"><span style=\"font-family: 'Times New Roman', serif;\"><span style=\"font-size: medium;\">Kandydaci ubiegaj\u0105cy si\u0119 o przyj\u0119cie do Internatu nie mog\u0105 mie\u0107 przeciwwskaza\u0144 zdrowotnych do zamieszkania w internacie oraz zbiorowego \u017cywienia. W jad\u0142ospisie sto\u0142\u00f3wki nie b\u0119d\u0105 uwzgl\u0119dniane diety \u017cywieniowe oraz wegetarianizm. <\/span><\/span><\/p>\n<p align=\"JUSTIFY\"><span style=\"font-family: 'Times New Roman', serif;\"><span style=\"font-size: medium;\">Zakwaterowanie w internacie jest mo\u017cliwe tylko z pe\u0142nym wy\u017cywieniem.<\/span><\/span><\/p>\n<p align=\"CENTER\"><span style=\"font-family: 'Times New Roman', serif;\"><span style=\"font-size: medium;\"><u><b>Zasady rekrutacji<\/b><\/u><\/span><\/span><\/p>\n<ol>\n<li>\n<p align=\"JUSTIFY\"><span style=\"font-family: 'Times New Roman', serif;\"><span style=\"font-size: medium;\">Rekrutacja na dany rok szkolny odbywa si\u0119 drog\u0105 elektroniczn\u0105 wg ustalonego wzoru ( <\/span><\/span><span style=\"font-family: 'Times New Roman', serif;\"><span style=\"font-size: medium;\"><u>wniosek + o\u015bwiadczenia nale\u017cy wype\u0142ni\u0107 i wydrukowa\u0107<\/u><\/span><\/span><span style=\"font-family: 'Times New Roman', serif;\"><span style=\"font-size: medium;\">) \u2013 druki do pobrania <\/span><\/span><span style=\"color: #000080;\"><span lang=\"zxx\"><a href=\"http:\/\/nabor.pcss.pl\/szczecin\"><span style=\"color: #00000a;\"><span style=\"font-family: 'Times New Roman', serif;\"><span style=\"font-size: medium;\">http:\/\/nabor.pcss.pl\/szczecin<\/span><\/span><\/span><\/a><\/span><\/span><\/p>\n<\/li>\n<li>\n<p align=\"JUSTIFY\"><span style=\"font-family: 'Times New Roman', serif;\"><span style=\"font-size: medium;\">Wniosek o przyj\u0119cie do internatu wraz z za\u015bwiadczeniami potwierdzaj\u0105cymi spe\u0142niane kryterium nale\u017cy przes\u0142a\u0107 drog\u0105 elektroniczn\u0105 wg podanego harmonogramu rekrutacji.<\/span><\/span><\/p>\n<\/li>\n<li>\n<p align=\"JUSTIFY\"><span style=\"font-family: 'Times New Roman', serif;\"><span style=\"font-size: medium;\">Kandydat ubiegaj\u0105cy si\u0119 o przyj\u0119cie do internatu powinien dodatkowo dostarczy\u0107:<\/span><\/span><\/p>\n<\/li>\n<\/ol>\n<ul>\n<li>\n<p align=\"JUSTIFY\"><span style=\"font-family: 'Times New Roman', serif;\"><span style=\"font-size: medium;\">za\u015bwiadczenie o sta\u0142ym zameldowaniu.<\/span><\/span><\/p>\n<\/li>\n<\/ul>\n<ol start=\"4\">\n<li>\n<p align=\"JUSTIFY\"><span style=\"font-family: 'Times New Roman', serif;\"><span style=\"font-size: medium;\">Warunkiem przyj\u0119cia do internatu jest wys\u0142anie kompletu dokument\u00f3w.<\/span><\/span><span style=\"font-family: 'Times New Roman', serif;\"><span style=\"font-size: medium;\"><u> Wnioski niekompletne nie b\u0119d\u0105 rozpatrywane.<\/u><\/span><\/span><\/p>\n<\/li>\n<li>\n<p align=\"JUSTIFY\"><span style=\"font-family: 'Times New Roman', serif;\"><span style=\"font-size: medium;\">System rekrutacji oparty jest o jednolite kryteria naboru. W pierwszej kolejno\u015bci przyjmowani s\u0105 uczniowie ZSO Nr 4 w Szczecinie. W dalszej kolejno\u015bci na wolne miejsca przyjmowani s\u0105 uczniowie z innych szk\u00f3\u0142 publicznych prowadzonych przez Gmin\u0119 Miasto Szczecin.<\/span><\/span><\/p>\n<\/li>\n<li>\n<p align=\"JUSTIFY\"><span style=\"font-family: 'Times New Roman', serif;\"><span style=\"font-size: medium;\">W przypadku, gdy liczba wolnych miejsc jest mniejsza od liczby kandydat\u00f3w oraz r\u00f3wnorz\u0119dnych wynik\u00f3w uzyskanych przez kandydat\u00f3w w post\u0119powaniu rekrutacyjnym decydowa\u0107 b\u0119dzie data\/godzina wp\u0142ywu wniosku.<\/span><\/span><\/p>\n<\/li>\n<li>\n<p align=\"JUSTIFY\"><span style=\"font-family: 'Times New Roman', serif;\"><span style=\"font-size: medium;\">Do internatu kandydaci zapisywani s\u0105 jeden raz na ca\u0142y etap edukacji.<\/span><\/span><\/p>\n<\/li>\n<li>\n<p align=\"JUSTIFY\"><span style=\"font-family: 'Times New Roman', serif;\"><span style=\"font-size: medium;\">W kolejnych latach sk\u0142ada si\u0119 deklaracj\u0119 o kontynuowaniu pobytu w internacie.<\/span><\/span><\/p>\n<\/li>\n<li>\n<p align=\"JUSTIFY\"><span style=\"font-family: 'Times New Roman', serif;\"><span style=\"font-size: medium;\">O przyj\u0119ciu do internatu decyduje Komisja Rekrutacyjna powo\u0142ana Zarz\u0105dzeniem Dyrektora Zespo\u0142u Szk\u00f3\u0142 Og\u00f3lnokszta\u0142c\u0105cych Nr 4 w sk\u0142adzie:<\/span><\/span><\/p>\n<\/li>\n<\/ol>\n<ul>\n<li>\n<p align=\"JUSTIFY\"><span style=\"font-family: 'Times New Roman', serif;\"><span style=\"font-size: medium;\">Kierownik Internatu \u2013 przewodnicz\u0105cy<\/span><\/span><\/p>\n<\/li>\n<li>\n<p align=\"JUSTIFY\"><span style=\"font-family: 'Times New Roman', serif;\"><span style=\"font-size: medium;\">Cz\u0142onkowie komisji \u2013 wychowawcy<\/span><\/span><\/p>\n<\/li>\n<\/ul>\n<p align=\"JUSTIFY\"><span style=\"font-family: 'Times New Roman', serif;\"><span style=\"font-size: medium;\">Tryb odwo\u0142awczy od rozstrzygni\u0119\u0107 Komisji oraz przyj\u0119cia kandydat\u00f3w w trakcie roku szkolnego reguluj\u0105 przepisy o\u015bwiatowe.<\/span><\/span><\/p>\n<p align=\"JUSTIFY\"><a href=\"https:\/\/nabor.pcss.pl\/szczecin\/bursa\/dokumenty\" target=\"_blank\" rel=\"noopener\"><img loading=\"lazy\" class=\"alignright size-full wp-image-612\" src=\"http:\/\/zso4.szczecin.pl\/internat\/wp-content\/uploads\/sites\/7\/2021\/06\/images.png\" alt=\"\" width=\"345\" height=\"146\" srcset=\"https:\/\/zso4.szczecin.pl\/internat\/wp-content\/uploads\/sites\/7\/2021\/06\/images.png 345w, https:\/\/zso4.szczecin.pl\/internat\/wp-content\/uploads\/sites\/7\/2021\/06\/images-300x127.png 300w\" sizes=\"(max-width: 345px) 100vw, 345px\" \/><\/a><\/p>\n<p align=\"JUSTIFY\">\u00a0<\/p>","protected":false},"excerpt":{"rendered":"<p>\u00a0 ZASADY REKRUTACJI DO INTERNATU ZESPO\u0141U SZK\u00d3\u0141 OG\u00d3LNOKSZTA\u0141C\u0104CYCH NR 4 W SZCZECINIE \u00a0 Informacja o kryteriach naboru do internat\u00f3w Orygina\u0142y wszystkich dokument\u00f3w rekrutacyjnych nale\u017cy dostarczy\u0107 do Internatu ZSO Nr 4 w dniu pierwszego zakwaterowania. Zasad naboru do Internatu ZSO Nr 4\u00a0 Ka\u017cdy ucze\u0144 XI Liceum Og\u00f3lnokszta\u0142c\u0105cego z Oddzia\u0142ami Dwuj\u0119zycznymi zamieszka\u0142y poza Szczecinem ma zagwarantowane zakwaterowanie [&hellip;]<\/p>\n","protected":false},"author":1,"featured_media":0,"parent":0,"menu_order":0,"comment_status":"closed","ping_status":"closed","template":"","meta":{"_exactmetrics_skip_tracking":false,"_exactmetrics_sitenote_active":false,"_exactmetrics_sitenote_note":"","_exactmetrics_sitenote_category":0},"_links":{"self":[{"href":"https:\/\/zso4.szczecin.pl\/internat\/wp-json\/wp\/v2\/pages\/419"}],"collection":[{"href":"https:\/\/zso4.szczecin.pl\/internat\/wp-json\/wp\/v2\/pages"}],"about":[{"href":"https:\/\/zso4.szczecin.pl\/internat\/wp-json\/wp\/v2\/types\/page"}],"author":[{"embeddable":true,"href":"https:\/\/zso4.szczecin.pl\/internat\/wp-json\/wp\/v2\/users\/1"}],"replies":[{"embeddable":true,"href":"https:\/\/zso4.szczecin.pl\/internat\/wp-json\/wp\/v2\/comments?post=419"}],"version-history":[{"count":24,"href":"https:\/\/zso4.szczecin.pl\/internat\/wp-json\/wp\/v2\/pages\/419\/revisions"}],"predecessor-version":[{"id":1128,"href":"https:\/\/zso4.szczecin.pl\/internat\/wp-json\/wp\/v2\/pages\/419\/revisions\/1128"}],"wp:attachment":[{"href":"https:\/\/zso4.szczecin.pl\/internat\/wp-json\/wp\/v2\/media?parent=419"}],"curies":[{"name":"wp","href":"https:\/\/api.w.org\/{rel}","templated":true}]}}