{"id":40,"date":"2017-03-14T13:00:35","date_gmt":"2017-03-14T12:00:35","guid":{"rendered":"http:\/\/zsoszczevi.cluster023.hosting.ovh.net\/gimnazjum\/?page_id=40"},"modified":"2017-11-12T23:27:15","modified_gmt":"2017-11-12T22:27:15","slug":"rada-rodzicow","status":"publish","type":"page","link":"https:\/\/zso4.szczecin.pl\/internat\/rada-rodzicow\/","title":{"rendered":"RADA RODZIC\u00d3W"},"content":{"rendered":"<div id=\"i2k4vh7w\" class=\"s32\" data-reactid=\".0.$SITE_ROOT.$desktop_siteRoot.$PAGES_CONTAINER.1.1.$SITE_PAGES.$c1pg6.1.$i2k4vh7w\">\n<div id=\"i2k4vh7winlineContent\" class=\"s32inlineContent\" data-reactid=\".0.$SITE_ROOT.$desktop_siteRoot.$PAGES_CONTAINER.1.1.$SITE_PAGES.$c1pg6.1.$i2k4vh7w.1\">\n<blockquote>\n<div id=\"i2k4w44o\" class=\"s4\" data-reactid=\".0.$SITE_ROOT.$desktop_siteRoot.$PAGES_CONTAINER.1.1.$SITE_PAGES.$c1pg6.1.$i2k4vh7w.1.$i2k4w44o\">\u00a0RADA RODZIC\u00d3W\u00a0&#8211; rodzaj organu szkolnego, kt\u00f3ry reprezentowany jest przez rodzic\u00f3w uczni\u00f3w danej szko\u0142y.\u00a0W sk\u0142ad Rady Rodzic\u00f3w wchodz\u0105 przedstawiciele wszystkich rodzic\u00f3w\u00a0 wybrani w demokratycznych wyborach.<\/div>\n<\/blockquote>\n<\/div>\n<\/div>\n<div id=\"i15jjg46\" class=\"s4\" data-reactid=\".0.$SITE_ROOT.$desktop_siteRoot.$PAGES_CONTAINER.1.1.$SITE_PAGES.$c1pg6.1.$i15jjg46\">\n<blockquote>\n<p class=\"font_7\">RADA\u00a0jest powo\u0142ywana do wsp\u00f3\u0142pracy ze szko\u0142\u0105 w zakresie wszystkich spraw zwi\u0105zanych z jej statutowymi zadaniami dotycz\u0105cymi kszta\u0142cenia oraz funkcjonowania.<\/p>\n<p class=\"font_7\">\u00a0RADA RODZIC\u00d3W\u00a0mo\u017ce wyst\u0119powa\u0107 z r\u00f3\u017cnymi wnioskami oraz opiniami do dyrektora, rady pedagogicznej. Mo\u017ce te\u017c ona gromadzi\u0107 r\u00f3\u017cne fundusze z r\u00f3\u017cnych \u017ar\u00f3de\u0142 w celu wspierania dzia\u0142alno\u015bci szko\u0142y.<\/p>\n<\/blockquote>\n<\/div>\n<div id=\"i2k52ind\" class=\"s32\" data-reactid=\".0.$SITE_ROOT.$desktop_siteRoot.$PAGES_CONTAINER.1.1.$SITE_PAGES.$c1pg6.1.$i2k52ind\">\n<div id=\"i2k52indbg\" class=\"s32bg\" data-reactid=\".0.$SITE_ROOT.$desktop_siteRoot.$PAGES_CONTAINER.1.1.$SITE_PAGES.$c1pg6.1.$i2k52ind.0\"><\/div>\n<div id=\"i2k52indinlineContent\" class=\"s32inlineContent\" data-reactid=\".0.$SITE_ROOT.$desktop_siteRoot.$PAGES_CONTAINER.1.1.$SITE_PAGES.$c1pg6.1.$i2k52ind.1\"><\/div>\n<\/div>\n","protected":false},"excerpt":{"rendered":"<p>\u00a0RADA RODZIC\u00d3W\u00a0&#8211; rodzaj organu szkolnego, kt\u00f3ry reprezentowany jest przez rodzic\u00f3w uczni\u00f3w danej szko\u0142y.\u00a0W sk\u0142ad Rady Rodzic\u00f3w wchodz\u0105 przedstawiciele wszystkich rodzic\u00f3w\u00a0 wybrani w demokratycznych wyborach. RADA\u00a0jest powo\u0142ywana do wsp\u00f3\u0142pracy ze szko\u0142\u0105 w zakresie wszystkich spraw zwi\u0105zanych z jej statutowymi zadaniami dotycz\u0105cymi kszta\u0142cenia oraz funkcjonowania. \u00a0RADA RODZIC\u00d3W\u00a0mo\u017ce wyst\u0119powa\u0107 z r\u00f3\u017cnymi wnioskami oraz opiniami do dyrektora, rady pedagogicznej. [&hellip;]<\/p>\n","protected":false},"author":1,"featured_media":0,"parent":0,"menu_order":0,"comment_status":"closed","ping_status":"closed","template":"","meta":{"_exactmetrics_skip_tracking":false,"_exactmetrics_sitenote_active":false,"_exactmetrics_sitenote_note":"","_exactmetrics_sitenote_category":0},"_links":{"self":[{"href":"https:\/\/zso4.szczecin.pl\/internat\/wp-json\/wp\/v2\/pages\/40"}],"collection":[{"href":"https:\/\/zso4.szczecin.pl\/internat\/wp-json\/wp\/v2\/pages"}],"about":[{"href":"https:\/\/zso4.szczecin.pl\/internat\/wp-json\/wp\/v2\/types\/page"}],"author":[{"embeddable":true,"href":"https:\/\/zso4.szczecin.pl\/internat\/wp-json\/wp\/v2\/users\/1"}],"replies":[{"embeddable":true,"href":"https:\/\/zso4.szczecin.pl\/internat\/wp-json\/wp\/v2\/comments?post=40"}],"version-history":[{"count":5,"href":"https:\/\/zso4.szczecin.pl\/internat\/wp-json\/wp\/v2\/pages\/40\/revisions"}],"predecessor-version":[{"id":345,"href":"https:\/\/zso4.szczecin.pl\/internat\/wp-json\/wp\/v2\/pages\/40\/revisions\/345"}],"wp:attachment":[{"href":"https:\/\/zso4.szczecin.pl\/internat\/wp-json\/wp\/v2\/media?parent=40"}],"curies":[{"name":"wp","href":"https:\/\/api.w.org\/{rel}","templated":true}]}}