{"id":300,"date":"2017-11-10T09:40:06","date_gmt":"2017-11-10T08:40:06","guid":{"rendered":"http:\/\/zsoszczevi.cluster023.hosting.ovh.net\/internat\/?page_id=300"},"modified":"2024-09-06T13:29:41","modified_gmt":"2024-09-06T11:29:41","slug":"300-2","status":"publish","type":"page","link":"https:\/\/zso4.szczecin.pl\/internat\/300-2\/","title":{"rendered":"OP\u0141ATY"},"content":{"rendered":"<div id=\"i1nommyu\" class=\"txtNew\" data-reactid=\".0.$SITE_ROOT.$desktop_siteRoot.$PAGES_CONTAINER.$centeredContent.$inlineContent.$SITE_PAGES.$c1s9s_DESKTOP.$inlineContent.$i1nommyu\">\n<h2 class=\"font_2\" style=\"text-align: center;\">MIESI\u0118CZNY KOSZT POBYTU<\/h2>\n<\/div>\n<div id=\"ivum8j0x\" class=\"txtNew\" data-reactid=\".0.$SITE_ROOT.$desktop_siteRoot.$PAGES_CONTAINER.$centeredContent.$inlineContent.$SITE_PAGES.$c1s9s_DESKTOP.$inlineContent.$ivum8j0x\">\n<h2 class=\"font_7\" style=\"text-align: center;\">OP\u0141ATA<\/h2>\n<\/div>\n<div id=\"comp-j7f44q9g\" class=\"txtNew\" data-reactid=\".0.$SITE_ROOT.$desktop_siteRoot.$PAGES_CONTAINER.$centeredContent.$inlineContent.$SITE_PAGES.$c1s9s_DESKTOP.$inlineContent.$comp-j7f44q9g\">\n<p class=\"font_8\">Informacja dotycz\u0105ca prawid\u0142owego dokonywania p\u0142atno\u015bci dot. wy\u017cywienia i pobytu dziecka w internacie<\/p>\n<p class=\"font_8\"><strong><span class=\"wixGuard\">\u200b<\/span>P\u0142atno\u015bci za bie\u017c\u0105cy miesi\u0105c dokonywane musz\u0105 by\u0107 w nieprzekraczalnym terminie do 5 ka\u017cdego bie\u017c\u0105cego miesi\u0105ca.<\/strong><\/p>\n<p class=\"font_8\">Ze wzgl\u0119du na automatyczne ksi\u0119gowanie wyci\u0105g\u00f3w tylko prawid\u0142owe (wg poni\u017cszego wzoru) dokonanie przelewu b\u0119dzie ksi\u0119gowane na koncie wychowanka.<\/p>\n<p class=\"font_8\">Prosimy o nie dokonywanie \u017cadnych zmian w tek\u015bcie tytu\u0142u przelewu, gdy\u017c system automatycznie odrzuci taki przelew jako b\u0142\u0119dny, do ponownej weryfikacji, co znacznie utrudni i przed\u0142u\u017cy proces ewidencji dokonanych wp\u0142at.<br \/>\nP\u0142atno\u015bci prosimy o dokonywanie osobnymi przelewami za wy\u017cywienie i pobyt pomimo jednego konta szko\u0142y.<\/p>\n<p class=\"font_8\"><span style=\"color: #800000;\">Prosimy nie sumowa\u0107 kwot do dokonania jednego przelewu!<\/span><br \/>\n<span style=\"color: #800000;\"> W tytule przelewu prosimy wpisa\u0107 dok\u0142adnie tekst w poni\u017cszego wzoru tj.:<\/span><\/p>\n<blockquote>\n<p class=\"font_8\">cyfra numeru ewidencyjnego odst\u0119p Nazwisko odst\u0119p Imi\u0119 odst\u0119p wy\u017cywienie np.:1 Kowalski Jan wy\u017cywienie<\/p>\n<p class=\"font_8\">cyfra numeru ewidencyjnego odst\u0119p Nazwisko odst\u0119p Imi\u0119 odst\u0119p pobyt np.:01\u00a0Kowalski Jan pobyt<\/p>\n<\/blockquote>\n<p class=\"font_8\">Numer ewidencyjny jest indywidualny i niepowtarzalny dla ka\u017cdego wychowanka.<br \/>\nNa pocz\u0105tku ka\u017cdego miesi\u0105ca zostanie do Pa\u0144stwa wys\u0142any email (na wskazany przez Pa\u0144stwa adres) z bie\u017c\u0105cym zobowi\u0105zaniem wychowanka za dany miesi\u0105c osobny z tytu\u0142u wy\u017cywienia i osobny z tytu\u0142u pobytu. Adres email, z kt\u00f3rego otrzymaj\u0105 Pa\u0144stwo t\u0119 informacj\u0119 b\u0119dzie r\u00f3wnie\u017c s\u0142u\u017cy\u0142 do Pa\u0144stwa kontaktu z ksi\u0119gowo\u015bci\u0105, do czego serdecznie zapraszamy.<\/p>\n<\/div>\n<p>&nbsp;<\/p>\n<p><a href=\"https:\/\/zso4.szczecin.pl\/stolowka\/\" target=\"_blank\" rel=\"noopener\">OP\u0141ATY ZA WY\u017bYWIENIE\u00a0<\/a><\/p>\n","protected":false},"excerpt":{"rendered":"<p>MIESI\u0118CZNY KOSZT POBYTU OP\u0141ATA Informacja dotycz\u0105ca prawid\u0142owego dokonywania p\u0142atno\u015bci dot. wy\u017cywienia i pobytu dziecka w internacie \u200bP\u0142atno\u015bci za bie\u017c\u0105cy miesi\u0105c dokonywane musz\u0105 by\u0107 w nieprzekraczalnym terminie do 5 ka\u017cdego bie\u017c\u0105cego miesi\u0105ca. Ze wzgl\u0119du na automatyczne ksi\u0119gowanie wyci\u0105g\u00f3w tylko prawid\u0142owe (wg poni\u017cszego wzoru) dokonanie przelewu b\u0119dzie ksi\u0119gowane na koncie wychowanka. Prosimy o nie dokonywanie \u017cadnych zmian [&hellip;]<\/p>\n","protected":false},"author":1,"featured_media":0,"parent":0,"menu_order":0,"comment_status":"closed","ping_status":"closed","template":"","meta":{"_exactmetrics_skip_tracking":false,"_exactmetrics_sitenote_active":false,"_exactmetrics_sitenote_note":"","_exactmetrics_sitenote_category":0},"_links":{"self":[{"href":"https:\/\/zso4.szczecin.pl\/internat\/wp-json\/wp\/v2\/pages\/300"}],"collection":[{"href":"https:\/\/zso4.szczecin.pl\/internat\/wp-json\/wp\/v2\/pages"}],"about":[{"href":"https:\/\/zso4.szczecin.pl\/internat\/wp-json\/wp\/v2\/types\/page"}],"author":[{"embeddable":true,"href":"https:\/\/zso4.szczecin.pl\/internat\/wp-json\/wp\/v2\/users\/1"}],"replies":[{"embeddable":true,"href":"https:\/\/zso4.szczecin.pl\/internat\/wp-json\/wp\/v2\/comments?post=300"}],"version-history":[{"count":9,"href":"https:\/\/zso4.szczecin.pl\/internat\/wp-json\/wp\/v2\/pages\/300\/revisions"}],"predecessor-version":[{"id":1064,"href":"https:\/\/zso4.szczecin.pl\/internat\/wp-json\/wp\/v2\/pages\/300\/revisions\/1064"}],"wp:attachment":[{"href":"https:\/\/zso4.szczecin.pl\/internat\/wp-json\/wp\/v2\/media?parent=300"}],"curies":[{"name":"wp","href":"https:\/\/api.w.org\/{rel}","templated":true}]}}