{"id":263,"date":"2017-11-05T13:16:36","date_gmt":"2017-11-05T12:16:36","guid":{"rendered":"http:\/\/zsoszczevi.cluster023.hosting.ovh.net\/internat\/?page_id=263"},"modified":"2024-09-04T10:31:26","modified_gmt":"2024-09-04T08:31:26","slug":"dokumenty-2","status":"publish","type":"page","link":"https:\/\/zso4.szczecin.pl\/internat\/dokumenty-2\/","title":{"rendered":"DOKUMENTY"},"content":{"rendered":"<p><a href=\"http:\/\/zso4.szczecin.pl\/internat\/wp-content\/uploads\/sites\/7\/2018\/09\/Procedury-Internat.pdf\">Procedury internatu pdf.<\/a><\/p>\n<p><a href=\"http:\/\/zso4.szczecin.pl\/internat\/wp-content\/uploads\/sites\/7\/2019\/02\/REGULAMIN-INTERNATU3-1-2019.pdf\" target=\"_blank\" rel=\"noopener\">Regulamin internatu pdf.<\/a><\/p>\n<p><a href=\"https:\/\/zso4.szczecin.pl\/internat\/wp-content\/uploads\/sites\/7\/2024\/08\/Sposobu-naliczania-i-rozliczania-kart-zywieniowych-oraz-oplat-za-pobyt-w-internacie-ZSO-Nr-4.pdf\" target=\"_blank\" rel=\"noopener\">Sposobu naliczania i rozliczania kart \u017cywieniowych oraz op\u0142at za pobyt w internacie ZSO Nr 4<\/a><\/p>\n<p><a href=\"http:\/\/zso4.szczecin.pl\/internat\/wp-content\/uploads\/sites\/7\/2018\/09\/zalacznik-4-o\u015bwiadczenie.doc\">O\u015bwiadczenie doc.<\/a><\/p>\n<p><a href=\"http:\/\/zso4.szczecin.pl\/internat\/wp-content\/uploads\/sites\/7\/2020\/04\/deklaracja-1.pdf\" target=\"_blank\" rel=\"noopener\">Deklaracja dotycz\u0105ca kontynuowania pobytu w Internacie<\/a>\u00a0pdf.<\/p>\n<p><a href=\"https:\/\/zso4.szczecin.pl\/internat\/wp-content\/uploads\/sites\/7\/2024\/09\/Standardy-Ochrony-Maloletnich-ZSO-Nr-4-w-Szczecinie-1.pdf\" target=\"_blank\" rel=\"noopener\">Standardy Ochrony Ma\u0142oletnich ZSO Nr 4 w Szczecinie<\/a><\/p>\n","protected":false},"excerpt":{"rendered":"<p>Procedury internatu pdf. Regulamin internatu pdf. Sposobu naliczania i rozliczania kart \u017cywieniowych oraz op\u0142at za pobyt w internacie ZSO Nr 4 O\u015bwiadczenie doc. Deklaracja dotycz\u0105ca kontynuowania pobytu w Internacie\u00a0pdf. Standardy Ochrony Ma\u0142oletnich ZSO Nr 4 w Szczecinie<\/p>\n","protected":false},"author":1,"featured_media":316,"parent":0,"menu_order":0,"comment_status":"closed","ping_status":"closed","template":"","meta":{"_exactmetrics_skip_tracking":false,"_exactmetrics_sitenote_active":false,"_exactmetrics_sitenote_note":"","_exactmetrics_sitenote_category":0},"_links":{"self":[{"href":"https:\/\/zso4.szczecin.pl\/internat\/wp-json\/wp\/v2\/pages\/263"}],"collection":[{"href":"https:\/\/zso4.szczecin.pl\/internat\/wp-json\/wp\/v2\/pages"}],"about":[{"href":"https:\/\/zso4.szczecin.pl\/internat\/wp-json\/wp\/v2\/types\/page"}],"author":[{"embeddable":true,"href":"https:\/\/zso4.szczecin.pl\/internat\/wp-json\/wp\/v2\/users\/1"}],"replies":[{"embeddable":true,"href":"https:\/\/zso4.szczecin.pl\/internat\/wp-json\/wp\/v2\/comments?post=263"}],"version-history":[{"count":13,"href":"https:\/\/zso4.szczecin.pl\/internat\/wp-json\/wp\/v2\/pages\/263\/revisions"}],"predecessor-version":[{"id":1053,"href":"https:\/\/zso4.szczecin.pl\/internat\/wp-json\/wp\/v2\/pages\/263\/revisions\/1053"}],"wp:featuredmedia":[{"embeddable":true,"href":"https:\/\/zso4.szczecin.pl\/internat\/wp-json\/wp\/v2\/media\/316"}],"wp:attachment":[{"href":"https:\/\/zso4.szczecin.pl\/internat\/wp-json\/wp\/v2\/media?parent=263"}],"curies":[{"name":"wp","href":"https:\/\/api.w.org\/{rel}","templated":true}]}}