{"id":260,"date":"2017-11-05T12:52:57","date_gmt":"2017-11-05T11:52:57","guid":{"rendered":"http:\/\/zsoszczevi.cluster023.hosting.ovh.net\/internat\/?page_id=260"},"modified":"2025-09-23T21:19:32","modified_gmt":"2025-09-23T19:19:32","slug":"kalendarz-roku-szkolnego","status":"publish","type":"page","link":"https:\/\/zso4.szczecin.pl\/internat\/kalendarz-roku-szkolnego\/","title":{"rendered":"HARMONOGRAM DY\u017bUR\u00d3W WYCHOWAWC\u00d3W"},"content":{"rendered":"\n<figure class=\"wp-block-table\"><table><tbody><tr><td>*Nazwisko i imi\u0119<\/td><td><strong>Niedziela<\/strong><\/td><td><strong>Poniedzia\u0142ek<\/strong><\/td><td><strong>Wtorek<\/strong><\/td><td><strong>\u015aroda<\/strong><\/td><td><strong>Czwartek<\/strong><\/td><td><strong>Pi\u0105tek<\/strong><\/td><\/tr><tr><td><strong>&nbsp;<\/strong> <strong>&nbsp;&nbsp; &nbsp;&nbsp;&nbsp;&nbsp;Ireneusz Markowski<\/strong><\/td><td><\/td><td>15.00-21.00<\/td><td><strong>&nbsp; 21.00-00.00<\/strong><\/td><td><strong>00.00-09.00<\/strong><\/td><td><strong>21.00-00.00<\/strong><\/td><td><strong>00.00-09.00<\/strong><\/td><\/tr><tr><td><strong>&nbsp;<\/strong> <strong>&nbsp;&nbsp;&nbsp;&nbsp;&nbsp;&nbsp; \u0141ukowska Jadwiga<\/strong><\/td><td><strong>&nbsp;&nbsp;&nbsp;&nbsp;&nbsp; 21.00-00.00<\/strong><\/td><td><strong>&nbsp;<\/strong> <strong>&nbsp;&nbsp;&nbsp; 00.00-08.00<\/strong><\/td><td><strong>&nbsp;<\/strong>&nbsp;&nbsp;09.00-15.00<\/td><td>14.30-21.00<\/td><td>14.30- 21.00<\/td><td>&nbsp;<\/td><\/tr><tr><td><strong>&nbsp;<\/strong> &nbsp;&nbsp;&nbsp;&nbsp;&nbsp; <strong>Twardowska Katarzyna<\/strong><\/td><td>&nbsp;&nbsp;&nbsp;&nbsp;&nbsp;<\/td><td><strong>&nbsp;&nbsp;&nbsp; <\/strong>16.00-21.00<\/td><td>15.00-21.00<\/td><td><strong>&nbsp;&nbsp;&nbsp; <\/strong>09.00-16.00<\/td><td><strong>21.00-00.00<\/strong><\/td><td><strong>00.00-09.00<\/strong><\/td><\/tr><tr><td><strong>&nbsp;<\/strong> <strong>&nbsp;&nbsp;&nbsp;&nbsp;&nbsp;&nbsp;&nbsp; Kanarska Julita<\/strong><\/td><td>18.00-21.00<\/td><td>13.00-21.00<\/td><td><strong>&nbsp;&nbsp; 21.00-00.00<\/strong><\/td><td><strong>09.00-00.00<\/strong><\/td><td>09.00-16.00<\/td><td>&nbsp;<\/td><\/tr><tr><td><strong>&nbsp;<\/strong> <strong>&nbsp;&nbsp;&nbsp;&nbsp;&nbsp;&nbsp; W\u0142odek Aleksandra<\/strong><\/td><td>&nbsp;<\/td><td><strong>21.00-00.00<\/strong><\/td><td><strong>00.00-09.00<\/strong><\/td><td>15.00-21.00<\/td><td>16.00-21.00<\/td><td>09.00-16.00<\/td><\/tr><tr><td><strong>&nbsp;<\/strong> <strong>&nbsp;&nbsp;&nbsp;&nbsp;&nbsp;&nbsp;&nbsp;&nbsp;&nbsp; Piotr Wo\u017cnicki<\/strong><\/td><td><strong>21.00-00.00<\/strong><\/td><td><strong>&nbsp;00.00-09.00<\/strong><\/td><td>15.00-21.00<\/td><td><strong>21.00-00.00<\/strong><\/td><td><strong>00.00-09.00<\/strong><\/td><td><\/td><\/tr><tr><td><strong>&nbsp;<\/strong> <strong>&nbsp;&nbsp;&nbsp;&nbsp;&nbsp;&nbsp;&nbsp;&nbsp;&nbsp; Rusiecka Iwona<\/strong><\/td><td><\/td><td>09.00-16.00<\/td><td>14.00-21.00<\/td><td><strong>21.00-00.00<\/strong><\/td><td><strong>&nbsp;<\/strong> <strong>&nbsp;&nbsp; 00.00-09.00<\/strong> <strong>&nbsp;&nbsp;&nbsp;&nbsp;&nbsp;&nbsp;&nbsp;<\/strong><\/td><td><strong>&nbsp;&nbsp;&nbsp;&nbsp;&nbsp;&nbsp; <\/strong>12.00-16.00<\/td><\/tr><tr><td><strong>&nbsp;&nbsp;&nbsp;&nbsp;&nbsp;&nbsp;<\/strong> <strong>&nbsp;&nbsp;&nbsp;&nbsp;&nbsp; &nbsp;Muszy\u0144ska Beata<\/strong><\/td><td><strong>&nbsp;<\/strong> <strong>&nbsp;&nbsp;&nbsp;&nbsp; <\/strong>18.00 \u2013 21.00<\/td><td>&nbsp; &nbsp;&nbsp;&nbsp;&nbsp; <strong>21.00-00.00<\/strong><\/td><td><strong>00.00-09.00<\/strong><\/td><td><strong>&nbsp;&nbsp;&nbsp;&nbsp;<\/strong><\/td><td>&nbsp; &nbsp;<\/td><td>&nbsp;&nbsp;&nbsp;&nbsp; &nbsp;<\/td><\/tr><tr><td><strong>&nbsp;&nbsp;&nbsp;&nbsp;&nbsp;&nbsp;&nbsp;&nbsp;&nbsp;<\/strong><\/td><td><strong>&nbsp;<\/strong> <strong>&nbsp;<\/strong><\/td><td>&nbsp; &nbsp;&nbsp;&nbsp;&nbsp;<\/td><td><\/td><td><strong>&nbsp;&nbsp; <\/strong>15.00-21.00<\/td><td>&nbsp; &nbsp;&nbsp; 13.00-21.00<\/td><td>&nbsp;<\/td><\/tr><tr><td><strong>&nbsp;&nbsp;&nbsp;&nbsp;&nbsp; \u017bywucka Katarzyna<\/strong><\/td><td><\/td><td>08.00-14.00<\/td><td>08.00-14.30<\/td><td>08.00-14.30<\/td><td>08.00-14.30<\/td><td>08.00-12.30<\/td><\/tr><\/tbody><\/table><\/figure>\n","protected":false},"excerpt":{"rendered":"<p>*Nazwisko i imi\u0119 Niedziela Poniedzia\u0142ek Wtorek \u015aroda Czwartek Pi\u0105tek &nbsp; &nbsp;&nbsp; &nbsp;&nbsp;&nbsp;&nbsp;Ireneusz Markowski 15.00-21.00 &nbsp; 21.00-00.00 00.00-09.00 21.00-00.00 00.00-09.00 &nbsp; &nbsp;&nbsp;&nbsp;&nbsp;&nbsp;&nbsp; \u0141ukowska Jadwiga &nbsp;&nbsp;&nbsp;&nbsp;&nbsp; 21.00-00.00 &nbsp; &nbsp;&nbsp;&nbsp; 00.00-08.00 &nbsp;&nbsp;&nbsp;09.00-15.00 14.30-21.00 14.30- 21.00 &nbsp; &nbsp; &nbsp;&nbsp;&nbsp;&nbsp;&nbsp; Twardowska Katarzyna &nbsp;&nbsp;&nbsp;&nbsp;&nbsp; &nbsp;&nbsp;&nbsp; 16.00-21.00 15.00-21.00 &nbsp;&nbsp;&nbsp; 09.00-16.00 21.00-00.00 00.00-09.00 &nbsp; &nbsp;&nbsp;&nbsp;&nbsp;&nbsp;&nbsp;&nbsp; Kanarska Julita 18.00-21.00 13.00-21.00 &nbsp;&nbsp; 21.00-00.00 09.00-00.00 09.00-16.00 [&hellip;]<\/p>\n","protected":false},"author":1,"featured_media":0,"parent":0,"menu_order":0,"comment_status":"closed","ping_status":"closed","template":"","meta":{"_exactmetrics_skip_tracking":false,"_exactmetrics_sitenote_active":false,"_exactmetrics_sitenote_note":"","_exactmetrics_sitenote_category":0},"_links":{"self":[{"href":"https:\/\/zso4.szczecin.pl\/internat\/wp-json\/wp\/v2\/pages\/260"}],"collection":[{"href":"https:\/\/zso4.szczecin.pl\/internat\/wp-json\/wp\/v2\/pages"}],"about":[{"href":"https:\/\/zso4.szczecin.pl\/internat\/wp-json\/wp\/v2\/types\/page"}],"author":[{"embeddable":true,"href":"https:\/\/zso4.szczecin.pl\/internat\/wp-json\/wp\/v2\/users\/1"}],"replies":[{"embeddable":true,"href":"https:\/\/zso4.szczecin.pl\/internat\/wp-json\/wp\/v2\/comments?post=260"}],"version-history":[{"count":11,"href":"https:\/\/zso4.szczecin.pl\/internat\/wp-json\/wp\/v2\/pages\/260\/revisions"}],"predecessor-version":[{"id":1134,"href":"https:\/\/zso4.szczecin.pl\/internat\/wp-json\/wp\/v2\/pages\/260\/revisions\/1134"}],"wp:attachment":[{"href":"https:\/\/zso4.szczecin.pl\/internat\/wp-json\/wp\/v2\/media?parent=260"}],"curies":[{"name":"wp","href":"https:\/\/api.w.org\/{rel}","templated":true}]}}